{"id":99,"date":"2014-07-03T18:29:25","date_gmt":"2014-07-03T16:29:25","guid":{"rendered":"http:\/\/dieta-detox.org\/?page_id=99"},"modified":"2014-07-03T18:30:35","modified_gmt":"2014-07-03T16:30:35","slug":"aviso-legal","status":"publish","type":"page","link":"https:\/\/dieta-detox.org\/pt\/aviso-legal","title":{"rendered":"Aviso Legal"},"content":{"rendered":"<h2 style=\"color: #000000;\">Informa\u00e7\u00f5es sobre cookies<\/h2>\n<p style=\"color: #000000;\"><b>1. O que s\u00e3o cookies e por que os usamos no site Dieta Detox?<\/b><\/p>\n<p style=\"color: #000000;\">Um cookie \u00e9 um arquivo que \u00e9 baixado no dispositivo do usu\u00e1rio ao acessar determinadas p\u00e1ginas da web para armazenar e recuperar informa\u00e7\u00f5es sobre a navega\u00e7\u00e3o que \u00e9 realizada a partir desses equipamentos.<\/p>\n<p style=\"color: #000000;\">Os cookies permitem que o referido site, entre outras coisas, armazene e recupere informa\u00e7\u00f5es sobre as decis\u00f5es e h\u00e1bitos do usu\u00e1rio. Na Dieta Detox n\u00f3s os utilizamos para personalizar a experi\u00eancia dentro de nossos sites, identificar e lembrar o usu\u00e1rio cadastrado e facilitar a navega\u00e7\u00e3o.<\/p>\n<p style=\"color: #000000;\">\u00c9 importante ressaltar que o uso de cookies n\u00e3o fornece dados pessoais do usu\u00e1rio, que permanece an\u00f4nimo diante da Dieta Detox.<\/p>\n<p style=\"color: #000000;\">O utilizador pode configurar o seu navegador para n\u00e3o aceitar a utiliza\u00e7\u00e3o de cookies, caso em que n\u00e3o se aplicaria a personaliza\u00e7\u00e3o da experi\u00eancia, embora possa continuar a aceder normalmente aos conte\u00fados dos nossos sites.<\/p>\n<p style=\"color: #000000;\">Na p\u00e1gina da Wikip\u00e9dia (<a style=\"color: #6f9300;\" href=\"http:\/\/es.wikipedia.org\/wiki\/Cookie_(inform%C3%A1tica)\" target=\"_blank\" rel=\"noopener\">http:\/\/es.wikipedia.org\/wiki\/Cookie_(computa\u00e7\u00e3o)<\/a>) \u00e9 poss\u00edvel obter mais informa\u00e7\u00f5es sobre o que s\u00e3o os cookies e como funcionam<\/p>\n<p style=\"color: #000000;\"><b>2. Que tipo de cookies utiliza o site Dieta Detox?<\/b><\/p>\n<p style=\"color: #000000;\">Os Cookies, consoante a sua perman\u00eancia, podem dividir-se em Cookies de sess\u00e3o ou Cookies permanentes. Os primeiros expiram quando o usu\u00e1rio fecha o navegador. Estes \u00faltimos caducam consoante o momento em que se cumpra a finalidade a que se destinam (por exemplo, para que o utilizador se mantenha identificado nos sites e servi\u00e7os de Dieta Detox) ou quando s\u00e3o eliminados manualmente.<\/p>\n<p style=\"color: #000000;\">Adicionalmente, dependendo do seu objetivo, os Cookies podem ser classificados da seguinte forma:<\/p>\n<p style=\"color: #000000;\"><strong><em>Cookies de desempenho:<\/em><\/strong>\u00a0Este tipo de Cookie lembra suas prefer\u00eancias de ferramentas encontradas nos Servi\u00e7os, para que voc\u00ea n\u00e3o precise reconfigurar o Servi\u00e7o toda vez que o visitar. A t\u00edtulo de exemplo, esta tipologia inclui:<\/p>\n<p>&nbsp;<\/p>\n<ul style=\"color: #000000;\">\n<ul style=\"color: #000000;\">\n<li>Ajustes de volume de players de v\u00eddeo ou som.<\/li>\n<\/ul>\n<\/ul>\n<p>&nbsp;<\/p>\n<ul style=\"color: #000000;\">\n<ul style=\"color: #000000;\">\n<li>Velocidades de transmiss\u00e3o de v\u00eddeo suportadas pelo seu navegador.<\/li>\n<\/ul>\n<\/ul>\n<p>&nbsp;<\/p>\n<p style=\"color: #000000;\"><strong>\u00b7\u00a0<em>Cookies de geolocaliza\u00e7\u00e3o:<\/em><\/strong>\u00a0Esses cookies s\u00e3o usados para descobrir em que pa\u00eds voc\u00ea est\u00e1 quando solicita um site ou servi\u00e7o. Este Cookie \u00e9 completamente an\u00f4nimo e \u00e9 usado apenas para ajudar a direcionar o conte\u00fado para sua localiza\u00e7\u00e3o.<\/p>\n<p style=\"color: #000000;\"><strong>\u00b7\u00a0<em>Registrar cookies:<\/em><\/strong>\u00a0Os Cookies de Registo s\u00e3o gerados uma vez que o Utilizador se tenha registado ou tenha posteriormente aberto a sua sess\u00e3o, e s\u00e3o utilizados para o identificar na web e nos servi\u00e7os com os seguintes objetivos:<\/p>\n<p>&nbsp;<\/p>\n<ul style=\"color: #000000;\">\n<ul style=\"color: #000000;\">\n<li>Manter o usu\u00e1rio identificado para que, se fechar um servi\u00e7o ou site, o navegador ou o computador e em outro momento ou outro dia entrar novamente no referido servi\u00e7o ou site, continue identificado, facilitando assim a navega\u00e7\u00e3o sem a necessidade de se identificar novamente . Esta funcionalidade pode ser suprimida se o usu\u00e1rio clicar na funcionalidade &quot;Sair&quot;, de modo que este Cookie seja exclu\u00eddo e na pr\u00f3xima vez que o usu\u00e1rio entrar na web, o usu\u00e1rio dever\u00e1 fazer login para ser identificado.<\/li>\n<\/ul>\n<\/ul>\n<p>&nbsp;<\/p>\n<ul style=\"color: #000000;\">\n<ul style=\"color: #000000;\">\n<li>Verifique se o usu\u00e1rio est\u00e1 autorizado a acessar determinados servi\u00e7os, por exemplo, para participar de um concurso.<\/li>\n<\/ul>\n<\/ul>\n<p>&nbsp;<\/p>\n<ul style=\"color: #000000;\">\n<ul style=\"color: #000000;\">\n<li>Al\u00e9m disso, alguns servi\u00e7os podem usar conectores de terceiros, como Facebook, Twitter ou Google. Quando o usu\u00e1rio se registra em um servi\u00e7o com credenciais de uma rede social ou sistema de identifica\u00e7\u00e3o de terceiros, ele o autoriza a armazenar um cookie persistente que lembra sua identidade e garante o acesso \u00e0 web at\u00e9 que expire. O usu\u00e1rio pode excluir este cookie e revogar o acesso \u00e0 web por meio de redes sociais ou sistema de identifica\u00e7\u00e3o de terceiros, atualizando suas prefer\u00eancias na rede social espec\u00edfica.<\/li>\n<\/ul>\n<\/ul>\n<p>&nbsp;<\/p>\n<p style=\"color: #000000;\"><strong>\u00b7\u00a0<em>Cookies anal\u00edticos:<\/em><\/strong>\u00a0Sempre que um usu\u00e1rio visita um site ou servi\u00e7o, uma ferramenta de um provedor externo (Google Analytics, comScore e similares) gera um cookie anal\u00edtico no dispositivo do usu\u00e1rio. Este cookie, que s\u00f3 \u00e9 gerado durante a visita, servir\u00e1 em futuras visitas aos servi\u00e7os da Dieta Detox para identificar anonimamente o visitante. Os principais objetivos perseguidos s\u00e3o:<\/p>\n<p>&nbsp;<\/p>\n<ul style=\"color: #000000;\">\n<ul style=\"color: #000000;\">\n<li>Permitir a identifica\u00e7\u00e3o an\u00f3nima dos utilizadores de navega\u00e7\u00e3o atrav\u00e9s do &quot;Cookie&quot; (identifica navegadores e dispositivos, n\u00e3o pessoas) e assim a contagem aproximada do n\u00famero de visitantes e a sua evolu\u00e7\u00e3o ao longo do tempo.<\/li>\n<\/ul>\n<\/ul>\n<p>&nbsp;<\/p>\n<ul style=\"color: #000000;\">\n<ul style=\"color: #000000;\">\n<li>Identifique anonimamente o conte\u00fado mais visitado e, portanto, mais atraente para os usu\u00e1rios<\/li>\n<\/ul>\n<\/ul>\n<p>&nbsp;<\/p>\n<ul style=\"color: #000000;\">\n<ul style=\"color: #000000;\">\n<li>Saiba se o usu\u00e1rio que est\u00e1 acessando \u00e9 novo ou repete a visita.<\/li>\n<\/ul>\n<\/ul>\n<p>&nbsp;<\/p>\n<p style=\"color: #000000;\">Importante: Salvo se o Utilizador decidir registar-se num website de Dieta Detox, o cookie nunca ficar\u00e1 associado a quaisquer dados pessoais que o possam identificar. Esses cookies ser\u00e3o usados apenas para fins estat\u00edsticos que ajudem a otimizar a experi\u00eancia do usu\u00e1rio no site.<\/p>\n<p style=\"color: #000000;\">Mais informa\u00e7\u00f5es sobre a pol\u00edtica de privacidade dessas ferramentas anal\u00edticas em:<br \/>\n<a style=\"color: #6f9300;\" href=\"http:\/\/www.google.es\/intl\/es\/analytics\/privacyoverview.html\" target=\"_blank\" rel=\"noopener\">Google Analytics<\/a><br \/>\n<a style=\"color: #6f9300;\" href=\"http:\/\/www.weblogssl.com\/www.comscore.com\/esl\/About_comScore\/Privacy_Policy\" target=\"_blank\" rel=\"noopener\">comscore<\/a><\/p>\n<p style=\"color: #000000;\"><strong>\u00b7\u00a0<em>Cookies de publicidade:<\/em><\/strong>\u00a0Este tipo de cookies permite ampliar a informa\u00e7\u00e3o dos an\u00fancios apresentados a cada utilizador an\u00f3nimo nos sites da Dieta Detox. Entre outros, a dura\u00e7\u00e3o ou frequ\u00eancia de exibi\u00e7\u00e3o de posi\u00e7\u00f5es publicit\u00e1rias, a intera\u00e7\u00e3o com as mesmas, ou os padr\u00f5es de navega\u00e7\u00e3o e\/ou comportamento do usu\u00e1rio, pois ajudam a formar um perfil de interesse publicit\u00e1rio. Desta forma, permitem oferecer publicidade relacionada com os interesses do utilizador.<\/p>\n<p style=\"color: #000000;\">Para o gerenciamento da publicidade Diet Detox, s\u00e3o utilizadas ferramentas de servi\u00e7o de publicidade (<a style=\"color: #6f9300;\" href=\"http:\/\/es.wikipedia.org\/wiki\/Adserver\" target=\"_blank\" rel=\"noopener\">Adservers \u2013 http:\/\/es.wikipedia.org\/wiki\/Adserver\u201d)<\/a>\u00a0de terceiros. Esses terceiros podem armazenar cookies enviados dos sites da Dieta Detox a partir dos navegadores dos usu\u00e1rios, bem como acessar os dados armazenados neles.<br \/>\nAs empresas que geram esses Cookies t\u00eam suas pr\u00f3prias pol\u00edticas de privacidade.<\/p>\n<p style=\"color: #000000;\">Atualmente, a Detox Diet usa a plataforma Doubleclick do Google para gerenciar esses servi\u00e7os. Para mais informa\u00e7\u00f5es, acesse\u00a0<a style=\"color: #6f9300;\" href=\"http:\/\/www.google.es\/policies\/privacy\/ads\/#toc-doubleclick\" target=\"_blank\" rel=\"noopener\">http:\/\/www.google.es\/policies\/privacy\/ads\/#toc-doubleclick<\/a>\u00a0j\u00e1\u00a0<a style=\"color: #6f9300;\" href=\"http:\/\/www.google.es\/policies\/privacy\/ads\/\" target=\"_blank\" rel=\"noopener\">http:\/\/www.google.es\/policies\/privacy\/ads\/<\/a>.<\/p>\n<p style=\"color: #000000;\"><b>3. Como desativar os cookies no navegador<\/b><\/p>\n<p style=\"color: #000000;\">Atualmente, a maioria dos navegadores permite que o usu\u00e1rio configure se deseja aceitar cookies e quais. Essas configura\u00e7\u00f5es geralmente s\u00e3o encontradas no menu &#039;op\u00e7\u00f5es&#039; ou &#039;Prefer\u00eancias&#039; do seu navegador.<\/p>\n<p style=\"color: #000000;\">Estas s\u00e3o as instru\u00e7\u00f5es para configurar os cookies nos principais navegadores:<\/p>\n<div style=\"color: #000000;\">\n<p>&nbsp;<\/p>\n<p><strong>Cromada:<\/strong>\u00a0Configura\u00e7\u00f5es -&gt; Mostrar op\u00e7\u00f5es avan\u00e7adas -&gt; Privacidade -&gt; Configura\u00e7\u00f5es de conte\u00fado.<br \/>\nPara mais informa\u00e7\u00f5es, voc\u00ea pode consultar o suporte do Google ou a Ajuda do navegador.<\/p>\n<p><strong>Raposa de fogo:<\/strong>\u00a0Ferramentas -&gt; Op\u00e7\u00f5es -&gt; Privacidade -&gt; Hist\u00f3rico -&gt; Configura\u00e7\u00f5es personalizadas.<br \/>\nPara mais informa\u00e7\u00f5es, voc\u00ea pode consultar o suporte da Mozilla ou a Ajuda do navegador.<\/p>\n<p><strong>Explorador de Internet:<\/strong>\u00a0Ferramentas -&gt; Op\u00e7\u00f5es da Internet -&gt; Privacidade -&gt; Configura\u00e7\u00f5es.<br \/>\nPara obter mais informa\u00e7\u00f5es, voc\u00ea pode consultar o suporte da Microsoft ou a Ajuda do navegador.<\/p>\n<p><strong>Saf\u00e1ri:<\/strong>\u00a0Prefer\u00eancias -&gt; Seguran\u00e7a.<br \/>\nPara obter mais informa\u00e7\u00f5es, voc\u00ea pode consultar o suporte da Apple ou a Ajuda do navegador.<\/p>\n<\/div>\n<p>&nbsp;<\/p>\n<h2>Pol\u00edtica de Privacidade do Adsense<\/h2>\n<p><!-- adsenseprivacypolicy --><\/p>\n\n<div style=\"font-size: 0px; height: 0px; line-height: 0px; margin: 0; padding: 0; clear: both;\"><\/div>","protected":false},"excerpt":{"rendered":"<p>Informaci\u00f3n sobre cookies 1. Qu\u00e9 son las cookies y por qu\u00e9 las utilizamos en la web de Dieta Detox Una cookie es un fichero que se descarga en el dispositivo del usuario al acceder a determinadas p\u00e1ginas web para almacenar y recuperar informaci\u00f3n sobre la navegaci\u00f3n que se efect\u00faa desde dicho equipo. Las cookies permiten [&hellip;]<\/p>\n","protected":false},"author":1,"featured_media":0,"parent":0,"menu_order":0,"comment_status":"closed","ping_status":"closed","template":"template-full-width.php","meta":{"footnotes":""},"class_list":["post-99","page","type-page","status-publish","hentry"],"_links":{"self":[{"href":"https:\/\/dieta-detox.org\/pt\/wp-json\/wp\/v2\/pages\/99","targetHints":{"allow":["GET"]}}],"collection":[{"href":"https:\/\/dieta-detox.org\/pt\/wp-json\/wp\/v2\/pages"}],"about":[{"href":"https:\/\/dieta-detox.org\/pt\/wp-json\/wp\/v2\/types\/page"}],"author":[{"embeddable":true,"href":"https:\/\/dieta-detox.org\/pt\/wp-json\/wp\/v2\/users\/1"}],"replies":[{"embeddable":true,"href":"https:\/\/dieta-detox.org\/pt\/wp-json\/wp\/v2\/comments?post=99"}],"version-history":[{"count":3,"href":"https:\/\/dieta-detox.org\/pt\/wp-json\/wp\/v2\/pages\/99\/revisions"}],"predecessor-version":[{"id":102,"href":"https:\/\/dieta-detox.org\/pt\/wp-json\/wp\/v2\/pages\/99\/revisions\/102"}],"wp:attachment":[{"href":"https:\/\/dieta-detox.org\/pt\/wp-json\/wp\/v2\/media?parent=99"}],"curies":[{"name":"wp","href":"https:\/\/api.w.org\/{rel}","templated":true}]}}