{"id":8383,"date":"2017-11-13T12:28:32","date_gmt":"2017-11-13T10:28:32","guid":{"rendered":"https:\/\/en.dieta-detox.org?page_id=8383"},"modified":"2017-11-13T12:28:32","modified_gmt":"2017-11-13T10:28:32","slug":"las-dietas-detox-lo-mejor-para-adelgazar","status":"publish","type":"page","link":"https:\/\/dieta-detox.org\/pt\/dietas-detox-o-melhor-para-perder-peso","title":{"rendered":"Dietas Detox, as melhores para perder peso"},"content":{"rendered":"<p>Como bem sabemos, a dieta detox \u00e9 realmente conhecida por suas propriedades de desintoxicar nosso corpo, que s\u00e3o realmente importantes e boas para nosso corpo, mas ser\u00e1 mesmo?<strong>Dietas detox ajudam a emagrecer<\/strong>? Essa \u00e9 uma pergunta que as pessoas costumam fazer a si mesmas antes de adotar essa dieta como parte de sua rotina para perder peso. \u00c9 importante ressaltar que a perda de peso n\u00e3o \u00e9 o \u00fanico grande benef\u00edcio que as pessoas obt\u00eam com essa dieta, por isso hoje explicaremos por que as dietas de desintoxica\u00e7\u00e3o s\u00e3o usadas para perder peso.<\/p>\n<h2><strong>Raz\u00f5es para seguir a dieta detox para emagrecer<\/strong><\/h2>\n<ol>\n<li><strong>S\u00e3o excelentes para eliminar a reten\u00e7\u00e3o de l\u00edquidos<\/strong><\/li>\n<\/ol>\n<p>Com efeito, as dietas detox t\u00eam uma propriedade \u00fanica na hora de eliminar a reten\u00e7\u00e3o de l\u00edquidos, o que faz com que seja um fator determinante a capacidade de perder peso. Da mesma forma, uma das principais mudan\u00e7as que podem ser notadas ao fazer dieta \u00e9 a reten\u00e7\u00e3o de l\u00edquidos, j\u00e1 que isso pode ser notado nas primeiras semanas da dieta.<\/p>\n<ol start=\"2\">\n<li><strong>\u00c9 a melhor dieta para nos desintoxicar.<\/strong><\/li>\n<\/ol>\n<p>Como bem sabemos, as dietas detox para emagrecer s\u00e3o muito boas, e isso se deve \u00e0s suas propriedades desintoxicantes, j\u00e1 que normalmente o corpo elimina naturalmente as toxinas que afetam nosso corpo, com uma dieta detox voc\u00ea ter\u00e1 a oportunidade de ser acelerado, portanto os sistemas de evacua\u00e7\u00e3o tamb\u00e9m s\u00e3o acelerados, o que ser\u00e1 um grande aliado para perder peso.<\/p>\n<ol start=\"3\">\n<li><strong>Perca peso naturalmente com dietas detox<\/strong><\/li>\n<\/ol>\n<p>Como bem sabemos, atualmente existe um grande n\u00famero de dietas que prometem causar efeitos imediatos no organismo, que promovem a perda de peso em poucos dias, mas, normalmente, essas dietas que servem para emagrecer radicalmente s\u00e3o sempre acompanhadas de um aditivo qu\u00edmico ou suplemento com p\u00edlulas ou queimadores de gordura, que tendem a ser realmente prejudiciais \u00e0 sa\u00fade, e que os efeitos colaterais destes n\u00e3o s\u00e3o vistos no presente, mas no futuro as complica\u00e7\u00f5es podem ser maiores, em termos de dietas Detox s\u00e3o uma forma natural e simples de queimar gordura, j\u00e1 que trabalham em conjunto com os \u00f3rg\u00e3os encarregados de eliminar as toxinas, para que esse processo aconte\u00e7a mais rapidamente.<\/p>\n\n<div style=\"font-size: 0px; height: 0px; line-height: 0px; margin: 0; padding: 0; clear: both;\"><\/div>","protected":false},"excerpt":{"rendered":"<p>Como bien sabemos, la dieta d\u00e9tox es realmente conocida por sus propiedades para desintoxicar nuestro cuerpo, las cuales son realmente importante y buenas e nuestro cuerpo, pero \u00bflas dietas d\u00e9tox sirven para adelgazar? Eso es una pregunta que normalmente las personas se realizan antes tomar esta dieta como parte de su rutina para poder adelgazar. [&hellip;]<\/p>\n","protected":false},"author":1,"featured_media":8384,"parent":0,"menu_order":0,"comment_status":"closed","ping_status":"closed","template":"","meta":{"footnotes":""},"class_list":["post-8383","page","type-page","status-publish","has-post-thumbnail","hentry"],"_links":{"self":[{"href":"https:\/\/dieta-detox.org\/pt\/wp-json\/wp\/v2\/pages\/8383","targetHints":{"allow":["GET"]}}],"collection":[{"href":"https:\/\/dieta-detox.org\/pt\/wp-json\/wp\/v2\/pages"}],"about":[{"href":"https:\/\/dieta-detox.org\/pt\/wp-json\/wp\/v2\/types\/page"}],"author":[{"embeddable":true,"href":"https:\/\/dieta-detox.org\/pt\/wp-json\/wp\/v2\/users\/1"}],"replies":[{"embeddable":true,"href":"https:\/\/dieta-detox.org\/pt\/wp-json\/wp\/v2\/comments?post=8383"}],"version-history":[{"count":1,"href":"https:\/\/dieta-detox.org\/pt\/wp-json\/wp\/v2\/pages\/8383\/revisions"}],"predecessor-version":[{"id":8387,"href":"https:\/\/dieta-detox.org\/pt\/wp-json\/wp\/v2\/pages\/8383\/revisions\/8387"}],"wp:featuredmedia":[{"embeddable":true,"href":"https:\/\/dieta-detox.org\/pt\/wp-json\/wp\/v2\/media\/8384"}],"wp:attachment":[{"href":"https:\/\/dieta-detox.org\/pt\/wp-json\/wp\/v2\/media?parent=8383"}],"curies":[{"name":"wp","href":"https:\/\/api.w.org\/{rel}","templated":true}]}}