{"id":8344,"date":"2016-09-13T18:42:01","date_gmt":"2016-09-13T16:42:01","guid":{"rendered":"http:\/\/dieta-detox.org\/?page_id=8344"},"modified":"2018-02-08T14:14:59","modified_gmt":"2018-02-08T12:14:59","slug":"te-detox-y-adelgazamiento","status":"publish","type":"page","link":"https:\/\/dieta-detox.org\/pt\/cha-desintoxicacao-e-perda","title":{"rendered":"Ch\u00e1 desintoxicante e adelga\u00e7ante"},"content":{"rendered":"<p align=\"justify\"><span style=\"font-size: medium;\"><img loading=\"lazy\" decoding=\"async\" class=\"alignright wp-image-8345\" src=\"https:\/\/en.dieta-detox.org\/wp-content\/uploads\/te-detox-adelgazamiento.jpg\" alt=\"ch\u00e1-desintoxica\u00e7\u00e3o-perda\" width=\"440\" height=\"294\" srcset=\"https:\/\/dieta-detox.org\/wp-content\/uploads\/te-detox-adelgazamiento.jpg 500w, https:\/\/dieta-detox.org\/wp-content\/uploads\/te-detox-adelgazamiento-300x200.jpg 300w\" sizes=\"auto, (max-width: 440px) 100vw, 440px\" \/>Se voc\u00ea est\u00e1 tentando iniciar um programa de desintoxica\u00e7\u00e3o e ao mesmo tempo deseja perder peso, <\/span><span style=\"font-family: 'Times New Roman', serif;\"><span style=\"font-size: medium;\"><b>Ch\u00e1 desintoxicante e adelga\u00e7ante <\/b><\/span><\/span><span style=\"font-family: 'Times New Roman', serif;\"><span style=\"font-size: medium;\">\u00c9 ideal para atingir esses objetivos, pois possuem propriedades totalmente naturais que auxiliam o corpo, gerando um aumento do metabolismo e aumentando a possibilidade de perder aqueles quilos extras e erradicar todas aquelas toxinas do corpo. <\/span><\/span><\/p>\n<p align=\"justify\"><span style=\"font-size: large;\"><b>O que \u00e9 Ch\u00e1 Detox e emagrece?<\/b><\/span><\/p>\n<p align=\"justify\"><span style=\"font-size: medium;\">Consiste num ch\u00e1 desintoxicante composto apenas por ingredientes naturais, que ajuda a reduzir a sensa\u00e7\u00e3o de incha\u00e7o e consegue-se a perda de peso. <\/span><span style=\"font-family: 'Times New Roman', serif;\"><span style=\"font-size: medium;\"><b>Ch\u00e1 desintoxicante e adelga\u00e7ante <\/b><\/span><\/span><span style=\"font-family: 'Times New Roman', serif;\"><span style=\"font-size: medium;\">Possui entre suas propriedades ervas que atuam purificando e eliminando as impurezas e toxinas encontradas no corpo. Al\u00e9m disso, cada um dos ingredientes naturais que comp\u00f5em este produto passou por um processo de sele\u00e7\u00e3o bastante rigoroso. <\/span><\/span><\/p>\n<p align=\"justify\"><span style=\"font-family: 'Times New Roman', serif;\"><span style=\"font-size: large;\"><b>lucros <\/b><\/span><\/span><\/p>\n<ul>\n<li>\n<p align=\"justify\"><span style=\"font-size: medium;\">Prop\u00f5e um tratamento completo de 28 dias para perder peso. <\/span><\/p>\n<\/li>\n<li>\n<p align=\"justify\"><span style=\"font-size: medium;\">Oferece um tratamento eficaz de 28 dias para purificar e desintoxicar o corpo. <\/span><\/p>\n<\/li>\n<li>\n<p align=\"justify\"><span style=\"font-size: medium;\">Em 56 dias poder\u00e1 atingir seus objetivos de forma natural, j\u00e1 que seus ingredientes s\u00e3o 100% naturais e de boa qualidade.<\/span><\/p>\n<\/li>\n<li>\n<p align=\"justify\"><span style=\"font-size: medium;\"><b>Ch\u00e1 desintoxicante e adelga\u00e7ante <\/b><\/span><span style=\"font-family: 'Times New Roman', serif;\"><span style=\"font-size: medium;\">\u00c9 rico em vitaminas e nutrientes. <\/span><\/span><\/p>\n<\/li>\n<li>\n<p align=\"justify\"><span style=\"font-size: medium;\">Purifica e rejuvenesce o corpo. <\/span><\/p>\n<\/li>\n<li>\n<p align=\"justify\"><span style=\"font-size: medium;\">Fortalece o sistema imunol\u00f3gico.<\/span><\/p>\n<\/li>\n<li>\n<p align=\"justify\"><span style=\"font-size: medium;\">Contribui para o processo de queima de gordura e acelera o metabolismo.<\/span><\/p>\n<\/li>\n<li>\n<p align=\"justify\"><span style=\"font-size: medium;\">Ajuda a reduzir a sensa\u00e7\u00e3o de incha\u00e7o e peso.<\/span><\/p>\n<\/li>\n<\/ul>\n<p>&nbsp;<\/p>\n<p align=\"justify\"><span style=\"font-size: large;\"><b>Como preparar Ch\u00e1 Detox e Emagrecedor?<\/b><\/span><\/p>\n<p align=\"justify\"><a name=\"_GoBack\"><\/a> <span style=\"font-family: 'Times New Roman', serif;\"><span style=\"font-size: medium;\">Selecione um sach\u00ea de qualquer um dos ch\u00e1s que est\u00e3o dentro da embalagem, e mergulhe-o em \u00e1gua fervente por um per\u00edodo de cinco minutos. Depois de obtida a infus\u00e3o, posso tom\u00e1-la, tamb\u00e9m se quiser que o seu ch\u00e1 tenha um sabor delicioso, pode adicionar outros ingredientes, como; mel, canela ou uma rodela de lim\u00e3o. <\/span><\/span><\/p>\n<p align=\"justify\"><span style=\"font-size: large;\"><b>Quanto tempo dura o ch\u00e1 detox e emagrecedor?<\/b><\/span><\/p>\n<p align=\"justify\"><span style=\"font-size: medium;\">Este produto \u00e9 composto por 28 saquinhos de ch\u00e1 que devem ser tomados pela manh\u00e3, e possui 14 saquinhos para a noite. Essas sacolas est\u00e3o presentes em ambos os produtos. Por sua vez, o tratamento da manh\u00e3 deve ser consumido todas as manh\u00e3s, enquanto o ch\u00e1 da noite, \u00e9 essencial tom\u00e1-lo alternadamente \u00e0 noite, por exemplo; uma noite sim e outra n\u00e3o, obtendo assim um tratamento de 56 dias. <\/span><\/p>\n<p>&nbsp;<\/p>\n<p align=\"justify\"><span style=\"font-size: large;\"><b>Causa efeitos colaterais?<\/b><\/span><\/p>\n<p align=\"justify\"><span style=\"font-size: medium;\">Os ingredientes de <\/span><span style=\"font-family: 'Times New Roman', serif;\"><span style=\"font-size: medium;\"><b>Ch\u00e1 desintoxicante e adelga\u00e7ante <\/b><\/span><\/span><span style=\"font-family: 'Times New Roman', serif;\"><span style=\"font-size: medium;\">S\u00e3o totalmente naturais, o que garante a sa\u00fade do consumidor e n\u00e3o apresenta risco de efeitos colaterais. No entanto, mulheres gr\u00e1vidas ou lactantes n\u00e3o s\u00e3o aconselhadas a consumir o produto. Por outro lado, recomenda-se ler os ingredientes que o produto cont\u00e9m para evitar o aparecimento de qualquer tipo de alergia.<\/span><\/span><\/p>\n<p align=\"justify\">\n\n<div style=\"font-size: 0px; height: 0px; line-height: 0px; margin: 0; padding: 0; clear: both;\"><\/div>","protected":false},"excerpt":{"rendered":"<p>Si est\u00e1s intentando en comenzar con un programa de desintoxicaci\u00f3n, y al mismo tiempo pretendes bajar de peso, T\u00e9 Detox y adelgazamiento es ideal para lograr estos objetivos, puesto a que poseen propiedades totalmente naturales que ayudan al organismo, generando un incremento del metabolismo y aumenta la posibilidad de perder esos kilos de m\u00e1s y [&hellip;]<\/p>\n","protected":false},"author":1,"featured_media":8345,"parent":0,"menu_order":0,"comment_status":"closed","ping_status":"closed","template":"","meta":{"footnotes":""},"class_list":["post-8344","page","type-page","status-publish","has-post-thumbnail","hentry"],"_links":{"self":[{"href":"https:\/\/dieta-detox.org\/pt\/wp-json\/wp\/v2\/pages\/8344","targetHints":{"allow":["GET"]}}],"collection":[{"href":"https:\/\/dieta-detox.org\/pt\/wp-json\/wp\/v2\/pages"}],"about":[{"href":"https:\/\/dieta-detox.org\/pt\/wp-json\/wp\/v2\/types\/page"}],"author":[{"embeddable":true,"href":"https:\/\/dieta-detox.org\/pt\/wp-json\/wp\/v2\/users\/1"}],"replies":[{"embeddable":true,"href":"https:\/\/dieta-detox.org\/pt\/wp-json\/wp\/v2\/comments?post=8344"}],"version-history":[{"count":4,"href":"https:\/\/dieta-detox.org\/pt\/wp-json\/wp\/v2\/pages\/8344\/revisions"}],"predecessor-version":[{"id":8391,"href":"https:\/\/dieta-detox.org\/pt\/wp-json\/wp\/v2\/pages\/8344\/revisions\/8391"}],"wp:featuredmedia":[{"embeddable":true,"href":"https:\/\/dieta-detox.org\/pt\/wp-json\/wp\/v2\/media\/8345"}],"wp:attachment":[{"href":"https:\/\/dieta-detox.org\/pt\/wp-json\/wp\/v2\/media?parent=8344"}],"curies":[{"name":"wp","href":"https:\/\/api.w.org\/{rel}","templated":true}]}}