{"id":8306,"date":"2016-08-24T13:42:08","date_gmt":"2016-08-24T11:42:08","guid":{"rendered":"http:\/\/dieta-detox.org\/?page_id=8306"},"modified":"2018-02-08T14:15:27","modified_gmt":"2018-02-08T12:15:27","slug":"te-detox-somatox","status":"publish","type":"page","link":"https:\/\/dieta-detox.org\/pt\/cha-detox-somatox","title":{"rendered":"Somatox ch\u00e1 desintoxicante"},"content":{"rendered":"<p align=\"justify\"><span style=\"font-family: 'Times New Roman', serif;\"><span style=\"font-size: medium;\"><b>ch\u00e1 somatox<\/b><\/span><\/span><span style=\"font-family: 'Times New Roman', serif;\"><span style=\"font-size: medium;\"> Consiste em um produto desintoxicante que entre suas propriedades cont\u00e9m apenas plantas naturais. \u00c9 especialmente usado para liberar ou limpar o corpo dessas toxinas que s\u00e3o frequentemente encontradas em nosso corpo.<\/span><\/span><\/p>\n<p align=\"justify\"><span style=\"font-family: 'Times New Roman', serif;\"><span style=\"font-size: medium;\">o programa de <\/span><\/span><span style=\"font-family: 'Times New Roman', serif;\"><span style=\"font-size: medium;\"><b>ch\u00e1 somatox <\/b><\/span><\/span><span style=\"font-family: 'Times New Roman', serif;\"><span style=\"font-size: medium;\">\u00c9 uma das melhores op\u00e7\u00f5es para desintoxicar e purificar o corpo de forma natural, pois permitir\u00e1 eliminar as toxinas do corpo e fornecer\u00e1 muita energia, al\u00e9m de limpar e restaurar o equil\u00edbrio natural do corpo. <\/span><\/span><\/p>\n<p align=\"justify\"><span style=\"font-family: 'Times New Roman', serif;\"><span style=\"font-size: medium;\">Se aliar este produto a uma rotina di\u00e1ria de exerc\u00edcios e a uma alimenta\u00e7\u00e3o equilibrada, sentir\u00e1 que estar\u00e1 cheio de energia ao longo do dia, o que lhe proporcionar\u00e1 aquela sensa\u00e7\u00e3o de vigor e bem-estar. <\/span><\/span><\/p>\n<p align=\"justify\"><span style=\"font-family: 'Times New Roman', serif;\"><span style=\"font-size: large;\"><b>Vantagens de beber o ch\u00e1 Somatox<\/b><\/span><\/span><\/p>\n<p align=\"justify\"><span style=\"font-family: 'Times New Roman', serif;\"><span style=\"font-size: medium;\">Para detalhar os benef\u00edcios proporcionados pelo <\/span><\/span><span style=\"font-family: 'Times New Roman', serif;\"><span style=\"font-size: medium;\"><b>ch\u00e1 somatox, <\/b><\/span><\/span><span style=\"font-family: 'Times New Roman', serif;\"><span style=\"font-size: medium;\">A seguir, mostramos uma s\u00e9rie de vantagens oferecidas pelo programa:<img loading=\"lazy\" decoding=\"async\" class=\"alignright size-full wp-image-8307\" src=\"https:\/\/en.dieta-detox.org\/wp-content\/uploads\/te-somatox.jpeg\" alt=\"te-somatox\" width=\"500\" height=\"500\" srcset=\"https:\/\/dieta-detox.org\/wp-content\/uploads\/te-somatox.jpeg 500w, https:\/\/dieta-detox.org\/wp-content\/uploads\/te-somatox-300x300.jpeg 300w, https:\/\/dieta-detox.org\/wp-content\/uploads\/te-somatox-100x100.jpeg 100w, https:\/\/dieta-detox.org\/wp-content\/uploads\/te-somatox-150x150.jpeg 150w, https:\/\/dieta-detox.org\/wp-content\/uploads\/te-somatox-480x480.jpeg 480w, https:\/\/dieta-detox.org\/wp-content\/uploads\/te-somatox-200x200.jpeg 200w\" sizes=\"auto, (max-width: 500px) 100vw, 500px\" \/><\/span><\/span><\/p>\n<ul>\n<li>\n<p align=\"justify\"><span style=\"font-family: 'Times New Roman', serif;\"><span style=\"font-size: medium;\">Elimine as toxinas do seu corpo.<\/span><\/span><\/p>\n<\/li>\n<li>\n<p align=\"justify\"><span style=\"font-family: 'Times New Roman', serif;\"><span style=\"font-size: medium;\">Reduz a reten\u00e7\u00e3o de \u00e1gua. <\/span><\/span><\/p>\n<\/li>\n<li>\n<p align=\"justify\"><span style=\"font-family: 'Times New Roman', serif;\"><span style=\"font-size: medium;\">Proporciona sensa\u00e7\u00e3o de bem-estar.<\/span><\/span><\/p>\n<\/li>\n<li>\n<p align=\"justify\"><span style=\"font-family: 'Times New Roman', serif;\"><span style=\"font-size: medium;\">Ajuda a erradicar o incha\u00e7o.<\/span><\/span><\/p>\n<\/li>\n<li>\n<p align=\"justify\"><span style=\"font-family: 'Times New Roman', serif;\"><span style=\"font-size: medium;\">Seus ingredientes s\u00e3o 100% naturais.<\/span><\/span><\/p>\n<\/li>\n<li>\n<p align=\"justify\"><span style=\"font-family: 'Times New Roman', serif;\"><span style=\"font-size: medium;\">Restaura a energia.<\/span><\/span><\/p>\n<\/li>\n<li>\n<p align=\"justify\"><span style=\"font-family: 'Times New Roman', serif;\"><span style=\"font-size: medium;\">Ajuda na boa digest\u00e3o.<\/span><\/span><\/p>\n<\/li>\n<li>\n<p align=\"justify\"><span style=\"font-family: 'Times New Roman', serif;\"><span style=\"font-size: medium;\">Purifica, revive e rejuvenesce.<\/span><\/span><\/p>\n<\/li>\n<li>\n<p align=\"justify\"><span style=\"font-family: 'Times New Roman', serif;\"><span style=\"font-size: medium;\">Otimiza a qualidade do sono.<\/span><\/span><a name=\"_GoBack\"><\/a><\/p>\n<\/li>\n<li>\n<p align=\"justify\"><a name=\"_GoBack\"><\/a><span style=\"font-family: 'Times New Roman', serif;\"><span style=\"font-size: medium;\">Pode contribuir para melhorar a sua figura. <\/span><\/span><\/p>\n<\/li>\n<\/ul>\n<p align=\"justify\"><span style=\"font-family: 'Times New Roman', serif;\"><span style=\"font-size: large;\"><b>Como funciona o Somatox Ch\u00e1?<\/b><\/span><\/span><\/p>\n<p align=\"justify\"><span style=\"font-family: 'Times New Roman', serif;\"><span style=\"font-size: medium;\">Ao consumir o <\/span><\/span><span style=\"font-family: 'Times New Roman', serif;\"><span style=\"font-size: medium;\"><b>ch\u00e1 somatox <\/b><\/span><\/span><span style=\"font-family: 'Times New Roman', serif;\"><span style=\"font-size: medium;\">Juntamente com uma rotina de exerc\u00edcios e uma alimenta\u00e7\u00e3o saud\u00e1vel, voc\u00ea poder\u00e1 sentir uma sensa\u00e7\u00e3o de bem-estar, eliminar\u00e1 a sensa\u00e7\u00e3o de incha\u00e7o e ter\u00e1 energia suficiente para realizar suas tarefas. Al\u00e9m disso, ter\u00e1 a possibilidade de otimizar a sua figura de forma natural, gra\u00e7as aos seus ingredientes e aos benef\u00edcios que oferece. <\/span><\/span><\/p>\n<p align=\"justify\"><span style=\"font-family: 'Times New Roman', serif;\"><span style=\"font-size: medium;\">O tratamento com este ch\u00e1 desintoxicante dura entre 14 a 28 dias, dependendo da op\u00e7\u00e3o solicitada. A principal fun\u00e7\u00e3o deste produto \u00e9 purificar o sistema digestivo para restaurar a energia e o bem-estar do consumidor.Inclusive suas plantas -muito utilizadas na medicina chinesa- proporcionam um efeito anti-incha\u00e7o e anti-inflamat\u00f3rio. <\/span><\/span><\/p>\n<p align=\"justify\"><span style=\"font-family: 'Times New Roman', serif;\"><span style=\"font-size: medium;\">Este produto cont\u00e9m dois ch\u00e1s diferentes. Um para ser tomado pela manh\u00e3 e outro para beber todas as noites, com o objetivo de ajudar na limpeza do c\u00f3lon. Cada saco deve ser imerso em \u00e1gua fervente e deix\u00e1-los descansar por tr\u00eas ou cinco minutos, ap\u00f3s esse tempo voc\u00ea pode remover o saco. <\/span><\/span><\/p>\n<p align=\"justify\"><span style=\"font-family: 'Times New Roman', serif;\"><span style=\"font-size: large;\"><b>Como tomar Somatox Ch\u00e1?<\/b><\/span><\/span><\/p>\n<p align=\"justify\"><span style=\"font-family: 'Times New Roman', serif;\"><span style=\"font-size: medium;\">O ch\u00e1 da manh\u00e3 cont\u00e9m de 14 a 28 sach\u00eas, dependendo da f\u00f3rmula selecionada, e deve ser ingerido diariamente durante todo o tratamento. <\/span><\/span><\/p>\n<p align=\"justify\"><span style=\"font-family: 'Times New Roman', serif;\"><span style=\"font-size: medium;\">O da noite tem entre 7 e 14 sach\u00eas, dependendo do programa escolhido, e deve ser consumido a cada duas noites. <\/span><\/span><\/p>\n<p align=\"justify\"><span style=\"font-family: 'Times New Roman', serif;\"><span style=\"font-size: medium;\">Para o <\/span><\/span><span style=\"font-family: 'Times New Roman', serif;\"><span style=\"font-size: medium;\"><b>ch\u00e1 somatox <\/b><\/span><\/span><span style=\"font-family: 'Times New Roman', serif;\"><span style=\"font-size: medium;\">Outros ingredientes naturais podem ser adicionados para melhorar seu sabor, como; canela, lim\u00e3o ou mel.<\/span><\/span><\/p>\n<p>&nbsp;<\/p>\n\n<div style=\"font-size: 0px; height: 0px; line-height: 0px; margin: 0; padding: 0; clear: both;\"><\/div>","protected":false},"excerpt":{"rendered":"<p>T\u00e9 Somatox consiste en un producto de desintoxicaci\u00f3n que entre sus propiedades solo contiene plantas naturales. Se usa especialmente para liberar o limpiar el cuerpo de aquellas toxinas que a menudo se encuentran en nuestro organismo. El programa de T\u00e9 Somatox es una de las mejores opciones para desintoxicar y depurar tu cuerpo de manera [&hellip;]<\/p>\n","protected":false},"author":1,"featured_media":8307,"parent":0,"menu_order":0,"comment_status":"open","ping_status":"closed","template":"","meta":{"footnotes":""},"class_list":["post-8306","page","type-page","status-publish","has-post-thumbnail","hentry"],"_links":{"self":[{"href":"https:\/\/dieta-detox.org\/pt\/wp-json\/wp\/v2\/pages\/8306","targetHints":{"allow":["GET"]}}],"collection":[{"href":"https:\/\/dieta-detox.org\/pt\/wp-json\/wp\/v2\/pages"}],"about":[{"href":"https:\/\/dieta-detox.org\/pt\/wp-json\/wp\/v2\/types\/page"}],"author":[{"embeddable":true,"href":"https:\/\/dieta-detox.org\/pt\/wp-json\/wp\/v2\/users\/1"}],"replies":[{"embeddable":true,"href":"https:\/\/dieta-detox.org\/pt\/wp-json\/wp\/v2\/comments?post=8306"}],"version-history":[{"count":5,"href":"https:\/\/dieta-detox.org\/pt\/wp-json\/wp\/v2\/pages\/8306\/revisions"}],"predecessor-version":[{"id":8392,"href":"https:\/\/dieta-detox.org\/pt\/wp-json\/wp\/v2\/pages\/8306\/revisions\/8392"}],"wp:featuredmedia":[{"embeddable":true,"href":"https:\/\/dieta-detox.org\/pt\/wp-json\/wp\/v2\/media\/8307"}],"wp:attachment":[{"href":"https:\/\/dieta-detox.org\/pt\/wp-json\/wp\/v2\/media?parent=8306"}],"curies":[{"name":"wp","href":"https:\/\/api.w.org\/{rel}","templated":true}]}}