{"id":7955,"date":"2015-05-29T11:07:08","date_gmt":"2015-05-29T09:07:08","guid":{"rendered":"http:\/\/dieta-detox.org\/?page_id=7955"},"modified":"2015-05-29T11:07:31","modified_gmt":"2015-05-29T09:07:31","slug":"terminos-compra","status":"publish","type":"page","link":"https:\/\/dieta-detox.org\/pt\/condicoes-de-compra","title":{"rendered":"Termos de compra"},"content":{"rendered":"<h2>Termos e Condi\u00e7\u00f5es<\/h2>\n<p><strong>Isen\u00e7\u00e3o de responsabilidade e termos de uso<\/strong><\/p>\n<p>Todos neste site s\u00e3o aconselhados a sair imediatamente se n\u00e3o concordarem com os seguintes &quot;Termos e Condi\u00e7\u00f5es&quot; aqui apresentados. A utiliza\u00e7\u00e3o deste site implica a aceita\u00e7\u00e3o dos seus termos de utiliza\u00e7\u00e3o. As condi\u00e7\u00f5es podem ser atualizadas sem aviso pr\u00e9vio.<\/p>\n<p>O uso do site implica a aceita\u00e7\u00e3o destes termos e suas atualiza\u00e7\u00f5es.<\/p>\n<p>&nbsp;<\/p>\n<p><strong>Site somente para adultos<\/strong><\/p>\n<p>Este site \u00e9 de uso exclusivo de maiores de 18 anos.<\/p>\n<p>&nbsp;<\/p>\n<p><strong>Aviso de direitos autorais<\/strong><\/p>\n<p>Tanto o conte\u00fado do site, como o seu design, informa\u00e7\u00e3o, programa\u00e7\u00e3o, textos e manuais, est\u00e3o protegidos por direitos de autor, n\u00e3o podendo o seu conte\u00fado parcial ou total ser copiado sem autoriza\u00e7\u00e3o pr\u00e9via por escrito dos seus criadores.<\/p>\n<p>&nbsp;<\/p>\n<p><strong>Aviso Legal<\/strong><\/p>\n<p>As informa\u00e7\u00f5es deste site s\u00e3o fornecidas sem qualquer tipo de garantia em termos de produtos e servi\u00e7os. N\u00e3o h\u00e1 garantia de que seu conte\u00fado seja preciso, ou dispon\u00edvel a qualquer momento, ou que contenha erros ou v\u00edrus inadvertidos.<\/p>\n<p>Seu uso \u00e9 de sua exclusiva responsabilidade. O utilizador aceita que a sua utiliza\u00e7\u00e3o n\u00e3o implica qualquer garantia de satisfa\u00e7\u00e3o. Como algumas jurisdi\u00e7\u00f5es n\u00e3o permitem a exclus\u00e3o ou limita\u00e7\u00e3o de danos, nossa responsabilidade \u00e9 limitada na medida exigida por lei.<\/p>\n<p>Os propriet\u00e1rios, funcion\u00e1rios ou contratados n\u00e3o s\u00e3o respons\u00e1veis por quaisquer danos diretos, indiretos, punitivos, incidentais, especiais ou consequenciais resultantes do uso da informa\u00e7\u00e3o ou servi\u00e7o ou produto recebido por meio dela.<\/p>\n<p>O conte\u00fado deste livro digital n\u00e3o deve ser utilizado como substituto de um m\u00e9dico ou profissional de sa\u00fade devidamente qualificado. Limita-se a uma troca de informa\u00e7\u00f5es derivadas de pesquisas e experi\u00eancias pessoais do autor, e em nenhuma hip\u00f3tese representa uma opini\u00e3o m\u00e9dica. Tanto o autor quanto a editora incentivam a consulta oportuna com um profissional m\u00e9dico.<\/p>\n<p>Antes de implementar qualquer m\u00e9todo, produto de terceiros ou procedimento mencionado neste livro digital, \u00e9 aconselh\u00e1vel consultar um profissional m\u00e9dico.<\/p>\n<p>O editor e o autor do site tentaram verificar as informa\u00e7\u00f5es, mas n\u00e3o assumem responsabilidade por erros ou omiss\u00f5es, ou pela interpreta\u00e7\u00e3o do conte\u00fado deste site.<\/p>\n<p>O objetivo deste livro \u00e9 puramente educacional. Seu conte\u00fado n\u00e3o pretende servir como diagn\u00f3stico ou solu\u00e7\u00e3o para problemas m\u00e9dicos e\/ou psicol\u00f3gicos. A inten\u00e7\u00e3o de prevenir, tratar, aliviar ou curar qualquer doen\u00e7a tamb\u00e9m n\u00e3o deve ser inferida a partir dessas informa\u00e7\u00f5es.<\/p>\n<p>\u201cComo Deixar a Coca\u00edna\u201d n\u00e3o substitui a aten\u00e7\u00e3o m\u00e9dica, em rela\u00e7\u00e3o \u00e0 deteriora\u00e7\u00e3o ou melhora de sua sa\u00fade. A refer\u00eancia a produtos de marcas reconhecidas n\u00e3o s\u00e3o uma garantia.<\/p>\n<p>As informa\u00e7\u00f5es fornecidas em \u201cComo parar de fumar\u201d s\u00e3o \u00fateis tanto para homens quanto para mulheres. Como cada pessoa \u00e9 diferente, os resultados podem variar, de acordo com a qu\u00edmica do corpo e o grau de ades\u00e3o ao m\u00e9todo ao aplicar as pr\u00e1ticas para melhorar sua sa\u00fade.<\/p>\n<p>O autor e editor deste livro eletr\u00f4nico colocaram sua maior dedica\u00e7\u00e3o na prepara\u00e7\u00e3o e desenvolvimento do mesmo. As informa\u00e7\u00f5es s\u00e3o para fins educacionais, n\u00e3o constituem representa\u00e7\u00e3o ou garantia da exatid\u00e3o, aplicabilidade ou adequa\u00e7\u00e3o dos conte\u00fados expostos em &quot;Como Parar de Coca\u00edna&quot;, a aplica\u00e7\u00e3o pr\u00e1tica dos mesmos \u00e9 de responsabilidade do usu\u00e1rio.<\/p>\n<p>Este produto N\u00c3O GARANTE seus resultados, as t\u00e9cnicas e ideias expostas N\u00c3O devem ser interpretadas como promessa ou GARANTIA DE PREVEN\u00c7\u00c3O para a melhora ou deteriora\u00e7\u00e3o de sua sa\u00fade.<\/p>\n<p>Seu n\u00edvel de sucesso depende do tempo que voc\u00ea gasta nas habilidades apresentadas no livro, pois esses fatores variam de indiv\u00edduo para indiv\u00edduo, N\u00c3O PODEMOS GARANTIR SEU SUCESSO, NEM SOMOS RESPONS\u00c1VEIS POR A\u00c7\u00d5ES DECORRENTES DE SUA INSCRI\u00c7\u00c3O.<\/p>\n<p>MUITOS FATORES S\u00c3O IMPORTANTES PARA OBTER RESULTADOS REAIS, MAS N\u00c3O GARANTE QUE TODOS POSSAM ALCAN\u00c7AR OS RESULTADOS DESEJADOS, ATRAV\u00c9S DAS T\u00c9CNICAS EXPOSTAS NESTE MATERIAL.<\/p>\n<p>O autor e o editor n\u00e3o ser\u00e3o respons\u00e1veis por danos diretos ou indiretos, punitivos, especiais, incidentais ou outros, decorrentes do uso deste material que \u00e9 fornecido sem garantias.<\/p>\n<p>&nbsp;<\/p>\n<p><strong>Politica de reembolso<\/strong><\/p>\n<p>O ClickBank oferece garantia de satisfa\u00e7\u00e3o de 60 dias para todos os produtos adquiridos por meio de seu servi\u00e7o, inclusive os apresentados neste site. A ClickBank Company enviar\u00e1 a voc\u00ea um recibo por e-mail das compras feitas por meio deles. Guarde o comprovante de compra, l\u00e1 voc\u00ea tamb\u00e9m encontrar\u00e1 um link para o download correto dos seus arquivos. Se n\u00e3o ficar satisfeito com a sua compra, num prazo de 60 dias, pode solicitar o reembolso total do seu dinheiro. Em qualquer caso, a empresa ClickBank processa o processo de reembolso da referida garantia. O uso deste site e seu conte\u00fado, bem como qualquer tipo de disputa que possa surgir a partir dele, estar\u00e1 sujeito \u00e0s leis locais.<\/p>\n<p>&nbsp;<\/p>\n<p>&nbsp;<\/p>\n\n<div style=\"font-size: 0px; height: 0px; line-height: 0px; margin: 0; padding: 0; clear: both;\"><\/div>","protected":false},"excerpt":{"rendered":"<p>Terminos y Condiciones Descargo De Responsabilidad y Condiciones De Uso Se le recomienda a todas las personas que est\u00e1n en este sitio a abandonarlo de inmediato si no est\u00e1n de acuerdo con los siguientes \u201cT\u00e9rminos y Condiciones\u201d aqu\u00ed presentados. Usar este sitio implica aceptar sus condiciones de uso. Las condiciones pueden ser actualizadas sin previo [&hellip;]<\/p>\n","protected":false},"author":1,"featured_media":0,"parent":0,"menu_order":0,"comment_status":"open","ping_status":"closed","template":"","meta":{"footnotes":""},"class_list":["post-7955","page","type-page","status-publish","hentry"],"_links":{"self":[{"href":"https:\/\/dieta-detox.org\/pt\/wp-json\/wp\/v2\/pages\/7955","targetHints":{"allow":["GET"]}}],"collection":[{"href":"https:\/\/dieta-detox.org\/pt\/wp-json\/wp\/v2\/pages"}],"about":[{"href":"https:\/\/dieta-detox.org\/pt\/wp-json\/wp\/v2\/types\/page"}],"author":[{"embeddable":true,"href":"https:\/\/dieta-detox.org\/pt\/wp-json\/wp\/v2\/users\/1"}],"replies":[{"embeddable":true,"href":"https:\/\/dieta-detox.org\/pt\/wp-json\/wp\/v2\/comments?post=7955"}],"version-history":[{"count":2,"href":"https:\/\/dieta-detox.org\/pt\/wp-json\/wp\/v2\/pages\/7955\/revisions"}],"predecessor-version":[{"id":7957,"href":"https:\/\/dieta-detox.org\/pt\/wp-json\/wp\/v2\/pages\/7955\/revisions\/7957"}],"wp:attachment":[{"href":"https:\/\/dieta-detox.org\/pt\/wp-json\/wp\/v2\/media?parent=7955"}],"curies":[{"name":"wp","href":"https:\/\/api.w.org\/{rel}","templated":true}]}}