{"id":70,"date":"2014-07-02T19:55:54","date_gmt":"2014-07-02T17:55:54","guid":{"rendered":"http:\/\/dieta-detox.org\/?page_id=70"},"modified":"2014-07-04T18:07:42","modified_gmt":"2014-07-04T16:07:42","slug":"test-de-toxicidad","status":"publish","type":"page","link":"https:\/\/dieta-detox.org\/pt\/teste-de-toxicidade","title":{"rendered":"Teste de toxicidade"},"content":{"rendered":"<p>experimente o nosso <strong>teste de toxicidade<\/strong> para saber quantas toxinas existem em seu corpo. Voc\u00ea n\u00e3o tem se sentido bem ultimamente? Experimente a dieta Detox e verifique os resultados seguindo o Teste de Toxicidade Detox.<\/p>\n<h2>Como funciona o Teste de Toxicidade Detox<\/h2>\n<div id=\"attachment_15\" style=\"width: 310px\" class=\"wp-caption alignright\"><img loading=\"lazy\" decoding=\"async\" aria-describedby=\"caption-attachment-15\" class=\"size-medium wp-image-15\" src=\"http:\/\/dieta-detox.org\/wp-content\/uploads\/2014\/07\/0023-Coraz\u00f3n-002-e1404399839162-300x269.jpg\" alt=\"Teste de toxicidade\" width=\"300\" height=\"269\" srcset=\"https:\/\/dieta-detox.org\/wp-content\/uploads\/2014\/07\/0023-Coraz\u00f3n-002-e1404399839162-300x269.jpg 300w, https:\/\/dieta-detox.org\/wp-content\/uploads\/2014\/07\/0023-Coraz\u00f3n-002-e1404399839162.jpg 408w\" sizes=\"auto, (max-width: 300px) 100vw, 300px\" \/><p id=\"caption-attachment-15\" class=\"wp-caption-text\">Teste de toxicidade<\/p><\/div>\n<p><strong>Antes de iniciar uma das dietas Detox<\/strong> preencha a parte &quot;<em>Antes de<\/em>\u00bb do question\u00e1rio nas diferentes se\u00e7\u00f5es. Terminada a dieta, preencha o campo &quot;<em>depois de<\/em>\u00bb e verifique a diferen\u00e7a para ver o que melhorou e o que piorou. Ao fazer este teste, voc\u00ea pode realmente ver como as dietas Detox funcionam e far\u00e3o voc\u00ea se sentir muito melhor.<\/p>\n<p>Voc\u00ea pode fazer o Teste de Toxicidade para ver como est\u00e1 sua sa\u00fade abaixo. \u00c9 gratuito e informa o resultado instantaneamente. Voc\u00ea s\u00f3 precisa selecionar nas caixas como o que \u00e9 comentado nessa linha afeta voc\u00ea.<\/p>\n<p>A escala de pontos \u00e9 de 0 a 4, sendo a seguinte:<\/p>\n<ul>\n<li>0 = nunca ou quase nunca tive o sintoma<\/li>\n<li>1 = Ocasionalmente tive, mas o efeito n\u00e3o \u00e9 grave<\/li>\n<li>2 = Ocasionalmente eu tive e o efeito \u00e9 grave<\/li>\n<li>3 = Sofri com frequ\u00eancia, mas o efeito n\u00e3o \u00e9 grave<\/li>\n<li>4 = Sofri com frequ\u00eancia e o efeito \u00e9 grave<\/li>\n<\/ul>\n<p>Como voc\u00ea pode ver, quanto mais voc\u00ea marca, pior. O mesmo teste far\u00e1 os c\u00e1lculos com nossa f\u00f3rmula Detox, e no final da p\u00e1gina voc\u00ea encontra a f\u00f3rmula para saber <strong>que grau de toxicidade voc\u00ea sofre<\/strong>.<\/p>\n<h2>TESTE DE TOXICIDADE DA DIETA DETOX<\/h2>\n\n<div style=\"font-size: 0px; height: 0px; line-height: 0px; margin: 0; padding: 0; clear: both;\"><\/div>","protected":false},"excerpt":{"rendered":"<p>Prueba nuestro test de toxicidad para saber cuantas toxinas hay en tu cuerpo. No te has sentido bien \u00faltimamente? Prueba la dieta Detox y comprueba los resultados siguiendo el Test de Toxicidad Detox. Como funciona el Test de Toxicidad Detox Antes de empezar una de las dietas Detox rellena la parte \u00abAntes\u00bb del cuestionario en [&hellip;]<\/p>\n","protected":false},"author":1,"featured_media":15,"parent":0,"menu_order":0,"comment_status":"open","ping_status":"closed","template":"template-test.php","meta":{"footnotes":""},"class_list":["post-70","page","type-page","status-publish","has-post-thumbnail","hentry"],"_links":{"self":[{"href":"https:\/\/dieta-detox.org\/pt\/wp-json\/wp\/v2\/pages\/70","targetHints":{"allow":["GET"]}}],"collection":[{"href":"https:\/\/dieta-detox.org\/pt\/wp-json\/wp\/v2\/pages"}],"about":[{"href":"https:\/\/dieta-detox.org\/pt\/wp-json\/wp\/v2\/types\/page"}],"author":[{"embeddable":true,"href":"https:\/\/dieta-detox.org\/pt\/wp-json\/wp\/v2\/users\/1"}],"replies":[{"embeddable":true,"href":"https:\/\/dieta-detox.org\/pt\/wp-json\/wp\/v2\/comments?post=70"}],"version-history":[{"count":5,"href":"https:\/\/dieta-detox.org\/pt\/wp-json\/wp\/v2\/pages\/70\/revisions"}],"predecessor-version":[{"id":110,"href":"https:\/\/dieta-detox.org\/pt\/wp-json\/wp\/v2\/pages\/70\/revisions\/110"}],"wp:featuredmedia":[{"embeddable":true,"href":"https:\/\/dieta-detox.org\/pt\/wp-json\/wp\/v2\/media\/15"}],"wp:attachment":[{"href":"https:\/\/dieta-detox.org\/pt\/wp-json\/wp\/v2\/media?parent=70"}],"curies":[{"name":"wp","href":"https:\/\/api.w.org\/{rel}","templated":true}]}}