{"id":56,"date":"2014-07-01T22:56:50","date_gmt":"2014-07-01T20:56:50","guid":{"rendered":"http:\/\/dieta-detox.org\/?page_id=56"},"modified":"2015-01-20T23:55:22","modified_gmt":"2015-01-20T21:55:22","slug":"opiniones","status":"publish","type":"page","link":"https:\/\/dieta-detox.org\/pt\/opinioes","title":{"rendered":"Dieta Detox Opini\u00f5es"},"content":{"rendered":"<p><strong>Opini\u00f5es sobre a dieta Detox<\/strong> de pessoas que experimentaram e nos contam sobre sua experi\u00eancia. Se queres sair daqui como eles, s\u00f3 tens de nos enviar a tua opini\u00e3o sobre a dieta Detox do \u00a0<a href=\"\/pt\/?page_id=26\">formul\u00e1rio de contato<\/a>. Aceitamos opini\u00f5es de qualquer tipo, n\u00e3o precisam ser todas boas, embora no momento sejam!<\/p>\n\n<div style=\"font-size: 0px; height: 0px; line-height: 0px; margin: 0; padding: 0; clear: both;\"><\/div>","protected":false},"excerpt":{"rendered":"<p>Opini\u00f5es sobre a dieta Detox de pessoas que a experimentaram e nos contam sobre sua experi\u00eancia. Se quiser sair daqui como eles, basta enviar-nos a sua opini\u00e3o sobre a dieta Detox atrav\u00e9s do formul\u00e1rio de contacto. Aceitamos opini\u00f5es de qualquer tipo, n\u00e3o precisam ser todas boas, embora no momento sejam!<\/p>","protected":false},"author":1,"featured_media":0,"parent":0,"menu_order":0,"comment_status":"closed","ping_status":"closed","template":"template-feedback.php","meta":{"footnotes":""},"class_list":["post-56","page","type-page","status-publish","hentry"],"_links":{"self":[{"href":"https:\/\/dieta-detox.org\/pt\/wp-json\/wp\/v2\/pages\/56","targetHints":{"allow":["GET"]}}],"collection":[{"href":"https:\/\/dieta-detox.org\/pt\/wp-json\/wp\/v2\/pages"}],"about":[{"href":"https:\/\/dieta-detox.org\/pt\/wp-json\/wp\/v2\/types\/page"}],"author":[{"embeddable":true,"href":"https:\/\/dieta-detox.org\/pt\/wp-json\/wp\/v2\/users\/1"}],"replies":[{"embeddable":true,"href":"https:\/\/dieta-detox.org\/pt\/wp-json\/wp\/v2\/comments?post=56"}],"version-history":[{"count":5,"href":"https:\/\/dieta-detox.org\/pt\/wp-json\/wp\/v2\/pages\/56\/revisions"}],"predecessor-version":[{"id":301,"href":"https:\/\/dieta-detox.org\/pt\/wp-json\/wp\/v2\/pages\/56\/revisions\/301"}],"wp:attachment":[{"href":"https:\/\/dieta-detox.org\/pt\/wp-json\/wp\/v2\/media?parent=56"}],"curies":[{"name":"wp","href":"https:\/\/api.w.org\/{rel}","templated":true}]}}