{"id":2,"date":"2014-07-01T05:23:54","date_gmt":"2014-07-01T05:23:54","guid":{"rendered":"http:\/\/dieta-detox.org\/?page_id=2"},"modified":"2015-01-20T23:56:32","modified_gmt":"2015-01-20T21:56:32","slug":"que-es-detox","status":"publish","type":"page","link":"https:\/\/dieta-detox.org\/pt\/o-que-e-desintoxicacao","title":{"rendered":"o que \u00e9 desintoxica\u00e7\u00e3o"},"content":{"rendered":"<p>dietas nomeadas <strong>desintoxica\u00e7\u00e3o<\/strong> Eles est\u00e3o na moda nos \u00faltimos anos e as pessoas querem saber o que \u00e9 Detox. <strong>Oque quer dizer?<\/strong> Existem centenas de pessoas fazendo perguntas sobre esse nome. Quem j\u00e1 experimentou diz que n\u00e3o d\u00e1 para sair dessa vida sem experimentar. Voc\u00ea sabe o que \u00e9 desintoxica\u00e7\u00e3o?<\/p>\n<h2><strong>Ent\u00e3o, o que \u00e9 desintoxica\u00e7\u00e3o?<\/strong><\/h2>\n<div id=\"attachment_77\" style=\"width: 310px\" class=\"wp-caption alignright\"><img loading=\"lazy\" decoding=\"async\" aria-describedby=\"caption-attachment-77\" class=\"size-medium wp-image-77\" src=\"http:\/\/dieta-detox.org\/wp-content\/uploads\/que-es-detox-300x293.jpg\" alt=\"o que \u00e9 desintoxica\u00e7\u00e3o\" width=\"300\" height=\"293\" srcset=\"https:\/\/dieta-detox.org\/wp-content\/uploads\/que-es-detox-300x293.jpg 300w, https:\/\/dieta-detox.org\/wp-content\/uploads\/que-es-detox-480x468.jpg 480w, https:\/\/dieta-detox.org\/wp-content\/uploads\/que-es-detox.jpg 600w\" sizes=\"auto, (max-width: 300px) 100vw, 300px\" \/><p id=\"caption-attachment-77\" class=\"wp-caption-text\">o que \u00e9 desintoxica\u00e7\u00e3o<\/p><\/div>\n<p>Em princ\u00edpio chama-se Detox para<strong> a limpeza profunda que uma pessoa faz com o corpo<\/strong>. Desta forma, eliminam-se as toxinas e os res\u00edduos que o organismo demora a eliminar. Se a dieta certa for escolhida, os restos de agentes externos nocivos que aceleram o envelhecimento e os radicais livres podem ser completamente removidos. Em suma, a resposta para <strong>o que \u00e9 desintoxica\u00e7\u00e3o<\/strong> \u00e9: uma dieta que leva esse nome porque tem como objetivo ser <strong>antioxidante, antiox e antienvelhecimento<\/strong>. O nome Detox vem de uma mistura de <strong>desintoxicante e antioxidante<\/strong>, ligar <strong>desintoxica\u00e7\u00e3o<\/strong>, tamb\u00e9m conhecido como, desintoxica\u00e7\u00e3o.<\/p>\n<p>Agora que voc\u00ea j\u00e1 sabe o que \u00e9 detox, veja as qualidades que ele possui. Ao iniciar uma dieta Detox \u00e9 importante saber que <strong>existem dois est\u00e1gios<\/strong> por onde devem passar. O primeiro \u00e9 um <strong>fase totalmente purificadora<\/strong> que geralmente aparece no in\u00edcio da atividade. O segundo \u00e9 um<strong> est\u00e1gio antioxidante<\/strong> que surge ap\u00f3s a primeira parte. Ele atinge a depura\u00e7\u00e3o e \u00e9 o que leva mais tempo. Esses processos podem se alternar entre si.<\/p>\n<h2>Quando fazer dietas Detox?<\/h2>\n<p>Recomenda-se que pelo menos uma vez ao ano o organismo passe por um <strong>desintoxica\u00e7\u00e3o<\/strong>. Neste per\u00edodo voc\u00ea tem que eliminar todos os res\u00edduos que o corpo acumulou no passado e n\u00e3o precisa.<\/p>\n<h2>Como fazer dietas desintoxicantes?<\/h2>\n<p>Em geral, essas dietas consistem na realiza\u00e7\u00e3o de uma rotina baseada em <strong>frutas e vegetais<\/strong>. A isso devemos acrescentar que \u00e9 muito importante ingerir grande quantidade de l\u00edquidos, principalmente \u00e1gua, infus\u00f5es e sucos naturais, durante o jejum. Voc\u00ea pode encontrar muito mais informa\u00e7\u00f5es em todo o <a title=\"Site oficial da dieta detox\" href=\"http:\/\/dieta-detox.org\/pt\/\">Site oficial da Dieta Detox<\/a>, que \u00e9 onde voc\u00ea est\u00e1 agora.<\/p>\n<h2>As dietas Detox podem causar efeitos colaterais?<\/h2>\n<p>N\u00e3o vamos mentir para voc\u00ea. \u00c0s vezes, as pessoas podem passar por estados como cansa\u00e7o corporal, dor de cabe\u00e7a, mau h\u00e1lito e irritabilidade devido ao desequil\u00edbrio nutricional que ocorre e o corpo n\u00e3o est\u00e1 acostumado. No entanto, isso ocorre apenas durante a dieta e, em \u00faltima an\u00e1lise, <strong>\u00c9 para ajudar o seu corpo<\/strong> N\u00e3o acreditas?<\/p>\n<h2>Quanto tempo voc\u00ea tem para fazer dietas Detox?<\/h2>\n<p>Agora que voc\u00ea j\u00e1 sabe o que \u00e9 um detox, \u00e9 importante saber quanto tempo deve dedicar a essa rotina. <strong>As dietas de desintoxica\u00e7\u00e3o geralmente s\u00e3o realizadas por v\u00e1rios per\u00edodos<\/strong>, nunca superior a 21 dias, o que \u00e9 <a title=\"Dieta detox em 21 dias\" href=\"\/pt\/?p=43\">nossa dieta mais longa e famosa<\/a>. Voc\u00ea pode encontrar todas as dietas Detox por datas em nosso \u00edndice de <a title=\"dietas de desintoxica\u00e7\u00e3o\" href=\"\/pt\/?page_id=22\">dietas de desintoxica\u00e7\u00e3o<\/a>. Por tr\u00e1s disso, <strong>todas as toxinas e res\u00edduos ter\u00e3o sido removidos<\/strong>. Por\u00e9m, ocorre uma instabilidade nutricional e o corpo precisa recuperar massa muscular e energia que n\u00e3o foi recuperada naquela semana. Em resumo, <strong>\u00c9 uma dieta que ajuda a limpar o corpo<\/strong>. Cabe a cada um us\u00e1-lo ou n\u00e3o.<\/p>\n<p>Voc\u00ea j\u00e1 sabe o que \u00e9 Detox. <strong>N\u00e3o escondemos nada de voc\u00ea<\/strong> e agora \u00e9 sua vez de decidir se quer se tornar uma pessoa saud\u00e1vel e saud\u00e1vel!<\/p>\n\n<div style=\"font-size: 0px; height: 0px; line-height: 0px; margin: 0; padding: 0; clear: both;\"><\/div>","protected":false},"excerpt":{"rendered":"<p>Las dietas con nombre Detox est\u00e1n de moda en estos \u00faltimos a\u00f1os y la gente quiere saber que es Detox. \u00bfQu\u00e9 quiere decir? Hay cientos de personas que realizan preguntas sobre este nombre. Quienes la han probado, dicen que no puedes irte de este vida sin haberla probado \u00bfT\u00fa lo has hecho? \u00bfSabes qu\u00e9 es [&hellip;]<\/p>\n","protected":false},"author":1,"featured_media":77,"parent":0,"menu_order":0,"comment_status":"open","ping_status":"open","template":"template-full-width.php","meta":{"footnotes":""},"class_list":["post-2","page","type-page","status-publish","has-post-thumbnail","hentry"],"_links":{"self":[{"href":"https:\/\/dieta-detox.org\/pt\/wp-json\/wp\/v2\/pages\/2","targetHints":{"allow":["GET"]}}],"collection":[{"href":"https:\/\/dieta-detox.org\/pt\/wp-json\/wp\/v2\/pages"}],"about":[{"href":"https:\/\/dieta-detox.org\/pt\/wp-json\/wp\/v2\/types\/page"}],"author":[{"embeddable":true,"href":"https:\/\/dieta-detox.org\/pt\/wp-json\/wp\/v2\/users\/1"}],"replies":[{"embeddable":true,"href":"https:\/\/dieta-detox.org\/pt\/wp-json\/wp\/v2\/comments?post=2"}],"version-history":[{"count":5,"href":"https:\/\/dieta-detox.org\/pt\/wp-json\/wp\/v2\/pages\/2\/revisions"}],"predecessor-version":[{"id":305,"href":"https:\/\/dieta-detox.org\/pt\/wp-json\/wp\/v2\/pages\/2\/revisions\/305"}],"wp:featuredmedia":[{"embeddable":true,"href":"https:\/\/dieta-detox.org\/pt\/wp-json\/wp\/v2\/media\/77"}],"wp:attachment":[{"href":"https:\/\/dieta-detox.org\/pt\/wp-json\/wp\/v2\/media?parent=2"}],"curies":[{"name":"wp","href":"https:\/\/api.w.org\/{rel}","templated":true}]}}