{"id":190,"date":"2014-08-22T18:02:55","date_gmt":"2014-08-22T16:02:55","guid":{"rendered":"http:\/\/dieta-detox.org\/?page_id=190"},"modified":"2014-11-26T23:59:54","modified_gmt":"2014-11-26T21:59:54","slug":"hepatic-detox","status":"publish","type":"page","link":"https:\/\/dieta-detox.org\/pt\/desintoxicacao-do-figado-2","title":{"rendered":"Desintoxica\u00e7\u00e3o do f\u00edgado"},"content":{"rendered":"<p>O <strong> desintoxica\u00e7\u00e3o do f\u00edgado <\/strong> tem se tornado cada vez mais importante em in\u00fameras dietas pelos excelentes resultados e benef\u00edcios saud\u00e1veis de qualquer recurso de tratamento. Ent\u00e3o, considerar a remo\u00e7\u00e3o de toxinas do f\u00edgado para iniciar uma dieta se tornar\u00e1 <strong> a melhor estrat\u00e9gia para conseguir perder peso e manter-se saud\u00e1vel <\/strong> em todos os momentos.<\/p>\n<div id=\"attachment_151\" style=\"width: 295px\" class=\"wp-caption alignright\"><img loading=\"lazy\" decoding=\"async\" aria-describedby=\"caption-attachment-151\" class=\"size-full wp-image-151\" src=\"https:\/\/en.dieta-detox.org\/wp-content\/uploads\/detoxificacion-hepatica.png\" alt=\"Desintoxica\u00e7\u00e3o do F\u00edgado\" width=\"285\" height=\"253\" \/><p id=\"caption-attachment-151\" class=\"wp-caption-text\">Desintoxica\u00e7\u00e3o do F\u00edgado<\/p><\/div>\n<p>A import\u00e2ncia da desintoxica\u00e7\u00e3o do f\u00edgado \u00e9 marcada por <strong> a tarefa vital que o f\u00edgado tem na sa\u00fade humana <\/strong>. Observe que este corpo cumpre muitas tarefas relacionadas, como limpar o corpo ou o sistema imunol\u00f3gico, por isso mant\u00ea-lo em boas condi\u00e7\u00f5es \u00e9 essencial para <strong> manter a sa\u00fade adequada e perder peso CORRETAMENTE <\/strong> e.<\/p>\n<h2> O que \u00e9 desintoxica\u00e7\u00e3o do f\u00edgado <\/h2>\n<p>Por isso <strong> Dieta detox d\u00e1 \u00eanfase \u00e0 desintoxica\u00e7\u00e3o do f\u00edgado <\/strong>, que nada mais \u00e9 do que um conjunto de h\u00e1bitos e estrat\u00e9gias que servem para purificar o f\u00edgado e garantir o seu bom funcionamento atrav\u00e9s da ingest\u00e3o de algumas subst\u00e2ncias naturais e descarte de produtos que possam prejudicar o funcionamento deste \u00f3rg\u00e3o.<\/p>\n<p>Assim, o primeiro pilar da desintoxica\u00e7\u00e3o do f\u00edgado \u00e9 <strong> Uma dieta que inclui v\u00e1rios sucos naturais <\/strong>, vegetais crus como alcachofras, alimentos ricos em vitamina C e jejum peri\u00f3dico para ajudar a eliminar subst\u00e2ncias nocivas ao f\u00edgado. Por outro lado, o segundo pilar deve basear-se na <strong> estilo de vida saud\u00e1vel <\/strong>, eliminando completamente subst\u00e2ncias como caf\u00e9, \u00e1lcool ou rap\u00e9 e mantendo um ritmo de vida calmo e equilibrado.<\/p>\n<p><strong> N\u00f3s recomendamos <\/strong> para experimentar o nosso <a title=\"Teste de Desintoxica\u00e7\u00e3o\" href=\"\/pt\/?page_id=70\"> <\/a> teste de desintoxica\u00e7\u00e3o para verificar se voc\u00ea deve fazer uma desintoxica\u00e7\u00e3o do f\u00edgado para limpar seu corpo.<\/p>\n<p>Ent\u00e3o, todas essas estrat\u00e9gias de desintoxica\u00e7\u00e3o hep\u00e1tica servem para <strong> auxiliar na dieta detox para emagrecer <\/strong> melhorando os n\u00edveis de sa\u00fade f\u00edsica e ajudando a criar h\u00e1bitos saud\u00e1veis que ajudam a manter o corpo em perfeita forma, raz\u00e3o pela qual a desintoxica\u00e7\u00e3o do f\u00edgado se tornou um grande recurso para <strong> iniciar e desenvolver um processo diet\u00e9tico <\/strong>.<\/p>\n\n<div style=\"font-size: 0px; height: 0px; line-height: 0px; margin: 0; padding: 0; clear: both;\"><\/div>","protected":false},"excerpt":{"rendered":"<p>The liver detoxification has become an increasingly important for numerous diets for their excellent results and healthy benefits of any treatment resource. So, consider removing toxins from the liver to start a diet will become the best strategy to achieve lose weight and stay healthy at all times. The importance of liver detoxification is marked [&hellip;]<\/p>\n","protected":false},"author":1,"featured_media":0,"parent":0,"menu_order":0,"comment_status":"open","ping_status":"closed","template":"template-full-width.php","meta":{"footnotes":""},"class_list":["post-190","page","type-page","status-publish","hentry"],"_links":{"self":[{"href":"https:\/\/dieta-detox.org\/pt\/wp-json\/wp\/v2\/pages\/190","targetHints":{"allow":["GET"]}}],"collection":[{"href":"https:\/\/dieta-detox.org\/pt\/wp-json\/wp\/v2\/pages"}],"about":[{"href":"https:\/\/dieta-detox.org\/pt\/wp-json\/wp\/v2\/types\/page"}],"author":[{"embeddable":true,"href":"https:\/\/dieta-detox.org\/pt\/wp-json\/wp\/v2\/users\/1"}],"replies":[{"embeddable":true,"href":"https:\/\/dieta-detox.org\/pt\/wp-json\/wp\/v2\/comments?post=190"}],"version-history":[{"count":4,"href":"https:\/\/dieta-detox.org\/pt\/wp-json\/wp\/v2\/pages\/190\/revisions"}],"predecessor-version":[{"id":270,"href":"https:\/\/dieta-detox.org\/pt\/wp-json\/wp\/v2\/pages\/190\/revisions\/270"}],"wp:attachment":[{"href":"https:\/\/dieta-detox.org\/pt\/wp-json\/wp\/v2\/media?parent=190"}],"curies":[{"name":"wp","href":"https:\/\/api.w.org\/{rel}","templated":true}]}}