{"id":174,"date":"2014-08-04T17:00:21","date_gmt":"2014-08-04T15:00:21","guid":{"rendered":"http:\/\/dieta-detox.org\/?page_id=174"},"modified":"2014-08-04T17:00:21","modified_gmt":"2014-08-04T15:00:21","slug":"dieta-detox-com-sucos","status":"publish","type":"page","link":"https:\/\/dieta-detox.org\/pt\/diet-detox-com-sucos","title":{"rendered":"Dieta detox com sucos"},"content":{"rendered":"<p>Certamente j\u00e1 deve ter ouvido falar de Dieta Detox com Sucos; Um sistema alimentar baseado em sucos de frutas e vegetais, que est\u00e1 a causar verdadeira indigna\u00e7\u00e3o entre as estrelas de Hollywood e a alastrar ao resto da popula\u00e7\u00e3o. A Dieta Suco Detox surgiu nos Estados Unidos como uma forma atrativa de aumentar o consumo de vegetais e frutas, por ser o pa\u00eds com maior \u00edndice de obesidade no mundo.<\/p>\n<p>O p\u00f3 Detox Diet \u00e9 uma boa forma de perder peso e produzir benef\u00edcios significativos para o nosso corpo, pois as frutas e vegetais t\u00eam efeitos purificadores e desintoxicantes comprovados, permitindo eliminar res\u00edduos e purificar o nosso corpo. Tamb\u00e9m nos ajuda a perder peso e nos traz muitos benef\u00edcios \u00e0 sa\u00fade, como vitaminas e minerais. Nem por isso, seguir uma Dieta Detox com Sucos, transformando-a exclusivamente numa dieta rigorosa para perder peso, \u00e9 prejudicial para o organismo, pois pode causar falta de prote\u00ednas, hidratos de carbono e nutrientes, ou pode levar a graves problemas de sa\u00fade.<\/p>\n<h2>Sucos e Sumos Detox<\/h2>\n<p>Portanto, tenha em mente que a Dieta Detox do suco n\u00e3o pode ser usada de forma permanente, por\u00e9m, como suporte diet\u00e9tico. Numa sociedade onde a maioria da popula\u00e7\u00e3o \u00e9 portadora de um ritmo de vida acelerado, ou que afecta os h\u00e1bitos alimentares devido \u00e0 correria e ao stress, o consumo destes alimentos pode ser um bom substituto, na aus\u00eancia de vegetais e frutas na nossa alimenta\u00e7\u00e3o. refei\u00e7\u00f5es. voc\u00ea se habitua Al\u00e9m disso, nas ocasi\u00f5es em que comemos alimentos, uma terra verde (por exemplo, aipo, br\u00f3colis, acelga combinada com frutas como o kiwi) pode ser uma excelente a\u00e7\u00e3o de limpeza que ir\u00e1 resfriar nosso corpo.<\/p>\n<p>A refei\u00e7\u00e3o Dieta Detox acompanhada de peixe, carne com baixo teor de gordura (grelhado) e bastante \u00e1gua \u00e9, mesmo quando molhada, um sistema muito completo e saud\u00e1vel.<\/p>\n\n<div style=\"font-size: 0px; height: 0px; line-height: 0px; margin: 0; padding: 0; clear: both;\"><\/div>","protected":false},"excerpt":{"rendered":"<p>Certamente voc\u00ea j\u00e1 ter\u00e1 ouvido falar da Dieta Detox com sucos; um sistema alimentar baseado em sucos de frutas e legumes, que est\u00e1 causando raiva real entre as estrelas de Hollywood, e est\u00e1 se espalhando pelo resto da popula\u00e7\u00e3o. O suco Detox Diet surgiu nos Estados Unidos em uma maneira atraente de aumentar o consumo [&hellip;]<\/p>\n","protected":false},"author":1,"featured_media":0,"parent":0,"menu_order":0,"comment_status":"open","ping_status":"closed","template":"template-full-width.php","meta":{"footnotes":""},"class_list":["post-174","page","type-page","status-publish","hentry"],"_links":{"self":[{"href":"https:\/\/dieta-detox.org\/pt\/wp-json\/wp\/v2\/pages\/174","targetHints":{"allow":["GET"]}}],"collection":[{"href":"https:\/\/dieta-detox.org\/pt\/wp-json\/wp\/v2\/pages"}],"about":[{"href":"https:\/\/dieta-detox.org\/pt\/wp-json\/wp\/v2\/types\/page"}],"author":[{"embeddable":true,"href":"https:\/\/dieta-detox.org\/pt\/wp-json\/wp\/v2\/users\/1"}],"replies":[{"embeddable":true,"href":"https:\/\/dieta-detox.org\/pt\/wp-json\/wp\/v2\/comments?post=174"}],"version-history":[{"count":1,"href":"https:\/\/dieta-detox.org\/pt\/wp-json\/wp\/v2\/pages\/174\/revisions"}],"predecessor-version":[{"id":175,"href":"https:\/\/dieta-detox.org\/pt\/wp-json\/wp\/v2\/pages\/174\/revisions\/175"}],"wp:attachment":[{"href":"https:\/\/dieta-detox.org\/pt\/wp-json\/wp\/v2\/media?parent=174"}],"curies":[{"name":"wp","href":"https:\/\/api.w.org\/{rel}","templated":true}]}}