{"id":162,"date":"2014-08-01T13:16:54","date_gmt":"2014-08-01T11:16:54","guid":{"rendered":"http:\/\/dieta-detox.org\/?page_id=162"},"modified":"2015-04-29T13:28:42","modified_gmt":"2015-04-29T11:28:42","slug":"dieta-detox-con-zumos","status":"publish","type":"page","link":"https:\/\/dieta-detox.org\/pt\/dieta-detox-com-sucos-2","title":{"rendered":"Sucos Detox \u2013 Dieta detox com sucos"},"content":{"rendered":"<div id=\"attachment_7936\" style=\"width: 310px\" class=\"wp-caption alignright\"><a href=\"http:\/\/dieta-detox.org\/wp-content\/uploads\/zumos-detox.png\"><img loading=\"lazy\" decoding=\"async\" aria-describedby=\"caption-attachment-7936\" class=\"wp-image-7936 size-medium\" title=\"sucos detox\" src=\"http:\/\/dieta-detox.org\/wp-content\/uploads\/zumos-detox-300x197.png\" alt=\"sucos detox\" width=\"300\" height=\"197\" srcset=\"https:\/\/dieta-detox.org\/wp-content\/uploads\/zumos-detox-300x197.png 300w, https:\/\/dieta-detox.org\/wp-content\/uploads\/zumos-detox.png 541w\" sizes=\"auto, (max-width: 300px) 100vw, 300px\" \/><\/a><p id=\"caption-attachment-7936\" class=\"wp-caption-text\">sucos detox<\/p><\/div>\n<p>Com certeza voc\u00ea j\u00e1 ouviu falar sobre a Dieta Detox com sucos; uma dieta baseada em <strong>sucos detox de frutas e vegetais<\/strong>, que est\u00e1 causando furor entre as estrelas de Hollywood e est\u00e1 se espalhando para o resto da popula\u00e7\u00e3o. A Dieta Detox com sucos surgiu nos Estados Unidos para aumentar de forma atrativa o consumo de vegetais e frutas, j\u00e1 que \u00e9 o pa\u00eds com maior \u00edndice de obesidade do mundo.<\/p>\n<h2>O que \u00e9 a Dieta Detox com Sucos<\/h2>\n<p><strong>A Dieta Detox com sucos<\/strong> \u00c9 um bom m\u00e9todo para perder peso, al\u00e9m de produzir benef\u00edcios importantes para o nosso organismo, j\u00e1 que as frutas e verduras t\u00eam se mostrado <strong>efeitos de limpeza e desintoxica\u00e7\u00e3o<\/strong>, permitindo eliminar os res\u00edduos e purificar o nosso organismo. Eles tamb\u00e9m nos ajudam a perder peso e nos fornecem elementos muito saud\u00e1veis, como vitaminas e minerais. Por\u00e9m, estender a Dieta Detox com sucos, transformando-a exclusivamente em um regime r\u00edgido para emagrecer, \u00e9 prejudicial ao organismo, pois <strong>causa falta de prote\u00edna<\/strong>, de carboidratos e nutrientes, o que pode levar a s\u00e9rios problemas de sa\u00fade.<\/p>\n<h2>O que s\u00e3o sucos detox e sucos desintoxicantes<\/h2>\n<p>Portanto, lembre-se de que a Dieta Detox com sucos n\u00e3o pode ser usada permanentemente, embora possa ser usada como dieta de suporte. Numa sociedade em que a maioria da popula\u00e7\u00e3o leva um estilo de vida acelerado, em que os h\u00e1bitos alimentares s\u00e3o afetados pela pressa e pelo stress, o consumo destes sumos detox pode ser<strong> um bom substituto para a falta de legumes e frutas<\/strong> nas nossas refei\u00e7\u00f5es habituais. Al\u00e9m disso, nas ocasi\u00f5es em que exageramos na comida, um suco verde (por exemplo: aipo, br\u00f3colis, acelga combinado com frutas como kiwi) pode ser uma excelente medida purificadora que ser\u00e1 \u00f3tima para o nosso corpo.<\/p>\n<p>o <strong>Dieta detox com sucos detox<\/strong> acompanhado de peixe, carne magra (grelhada) e muita \u00e1gua \u00e9, sem d\u00favida, uma alimenta\u00e7\u00e3o mais completa e saud\u00e1vel.<\/p>\n\n<div style=\"font-size: 0px; height: 0px; line-height: 0px; margin: 0; padding: 0; clear: both;\"><\/div>","protected":false},"excerpt":{"rendered":"<p>Seguramente ya habr\u00e9is escuchado hablar de la Dieta Detox con zumos; un r\u00e9gimen alimenticio basado en zumos detox de frutas y verduras, que est\u00e1 causando aut\u00e9ntico furor entre las estrellas de Hollywood, y se est\u00e1 extendiendo por el resto de la poblaci\u00f3n. La Dieta Detox con zumos apareci\u00f3 en los Estados Unidos para aumentar de [&hellip;]<\/p>\n","protected":false},"author":1,"featured_media":7936,"parent":0,"menu_order":0,"comment_status":"open","ping_status":"closed","template":"template-full-width.php","meta":{"footnotes":""},"class_list":["post-162","page","type-page","status-publish","has-post-thumbnail","hentry"],"_links":{"self":[{"href":"https:\/\/dieta-detox.org\/pt\/wp-json\/wp\/v2\/pages\/162","targetHints":{"allow":["GET"]}}],"collection":[{"href":"https:\/\/dieta-detox.org\/pt\/wp-json\/wp\/v2\/pages"}],"about":[{"href":"https:\/\/dieta-detox.org\/pt\/wp-json\/wp\/v2\/types\/page"}],"author":[{"embeddable":true,"href":"https:\/\/dieta-detox.org\/pt\/wp-json\/wp\/v2\/users\/1"}],"replies":[{"embeddable":true,"href":"https:\/\/dieta-detox.org\/pt\/wp-json\/wp\/v2\/comments?post=162"}],"version-history":[{"count":5,"href":"https:\/\/dieta-detox.org\/pt\/wp-json\/wp\/v2\/pages\/162\/revisions"}],"predecessor-version":[{"id":7939,"href":"https:\/\/dieta-detox.org\/pt\/wp-json\/wp\/v2\/pages\/162\/revisions\/7939"}],"wp:featuredmedia":[{"embeddable":true,"href":"https:\/\/dieta-detox.org\/pt\/wp-json\/wp\/v2\/media\/7936"}],"wp:attachment":[{"href":"https:\/\/dieta-detox.org\/pt\/wp-json\/wp\/v2\/media?parent=162"}],"curies":[{"name":"wp","href":"https:\/\/api.w.org\/{rel}","templated":true}]}}