{"id":149,"date":"2014-07-31T14:53:51","date_gmt":"2014-07-31T12:53:51","guid":{"rendered":"http:\/\/dieta-detox.org\/?page_id=149"},"modified":"2015-01-20T23:48:10","modified_gmt":"2015-01-20T21:48:10","slug":"detoxificacion-hepatica","status":"publish","type":"page","link":"https:\/\/dieta-detox.org\/pt\/desintoxicacao-do-figado","title":{"rendered":"desintoxica\u00e7\u00e3o do f\u00edgado"},"content":{"rendered":"<div id=\"attachment_151\" style=\"width: 295px\" class=\"wp-caption alignright\"><img loading=\"lazy\" decoding=\"async\" aria-describedby=\"caption-attachment-151\" class=\"size-full wp-image-151\" src=\"http:\/\/dieta-detox.org\/wp-content\/uploads\/detoxificacion-hepatica.png\" alt=\"Desintoxica\u00e7\u00e3o do F\u00edgado\" width=\"285\" height=\"253\" \/><p id=\"caption-attachment-151\" class=\"wp-caption-text\">Desintoxica\u00e7\u00e3o do F\u00edgado<\/p><\/div>\n<p>o <strong>desintoxica\u00e7\u00e3o do f\u00edgado<\/strong> Tornou-se um recurso cada vez mais importante para in\u00fameras dietas devido aos seus magn\u00edficos resultados e aos benef\u00edcios saud\u00e1veis que traz para qualquer tratamento. Assim, levar em considera\u00e7\u00e3o a elimina\u00e7\u00e3o de toxinas do f\u00edgado ao iniciar uma dieta se tornar\u00e1<strong> a melhor estrat\u00e9gia para perder peso e se manter saud\u00e1vel<\/strong> sempre.<\/p>\n<p>A import\u00e2ncia da desintoxica\u00e7\u00e3o do f\u00edgado \u00e9 marcada por <strong>a tarefa vital que o f\u00edgado tem na sa\u00fade humana<\/strong>. De referir que este \u00f3rg\u00e3o cumpre in\u00fameras tarefas relacionadas, por exemplo, com a limpeza do organismo ou do sistema imunit\u00e1rio, pelo que a sua manuten\u00e7\u00e3o em perfeitas condi\u00e7\u00f5es \u00e9 fundamental para <strong>manter a sa\u00fade adequada e ser capaz de perder peso corretamente<\/strong>e.<\/p>\n<h2>O que \u00e9 a desintoxica\u00e7\u00e3o do f\u00edgado?<\/h2>\n<p>\u00c9 por isso que <strong>a dieta Detox coloca sua \u00eanfase na desintoxica\u00e7\u00e3o do f\u00edgado<\/strong>, que nada mais \u00e9 do que um conjunto de h\u00e1bitos e estrat\u00e9gias que servem para purificar o f\u00edgado e garantir o seu bom funcionamento atrav\u00e9s da ingest\u00e3o de algumas subst\u00e2ncias naturais e da elimina\u00e7\u00e3o de produtos que podem prejudicar o funcionamento deste \u00f3rg\u00e3o.<\/p>\n<p>Assim, o primeiro pilar da desintoxica\u00e7\u00e3o do f\u00edgado \u00e9 <strong>uma dieta que inclui muitos sucos naturais<\/strong>, vegetais crus como alcachofras, alimentos ricos em vitamina C e um jejum peri\u00f3dico que ajuda a eliminar subst\u00e2ncias nocivas ao f\u00edgado. Por outro lado, o segundo pilar deve assentar na <strong>h\u00e1bitos de vida saud\u00e1veis<\/strong>, eliminando completamente subst\u00e2ncias como caf\u00e9, \u00e1lcool ou tabaco e mantendo um ritmo de vida calmo e equilibrado.<\/p>\n<p><strong>N\u00f3s recomendamos voc\u00ea<\/strong> que voc\u00ea experimente o nosso <a title=\"Teste de Desintoxica\u00e7\u00e3o\" href=\"\/pt\/?page_id=70\">teste de desintoxica\u00e7\u00e3o<\/a> para verificar se voc\u00ea deve fazer uma desintoxica\u00e7\u00e3o do f\u00edgado para limpar seu corpo.<\/p>\n<p>Assim, todas essas estrat\u00e9gias de desintoxica\u00e7\u00e3o do f\u00edgado servem para<strong> ajuda na dieta detox para emagrecer<\/strong> melhorando os n\u00edveis de sa\u00fade do corpo e ajudando a criar h\u00e1bitos saud\u00e1veis que ajudam a manter o corpo em perfeitas condi\u00e7\u00f5es, por isso a desintoxica\u00e7\u00e3o do f\u00edgado tornou-se um grande recurso para <strong>iniciar e desenvolver um processo diet\u00e9tico<\/strong>.<\/p>\n\n<div style=\"font-size: 0px; height: 0px; line-height: 0px; margin: 0; padding: 0; clear: both;\"><\/div>","protected":false},"excerpt":{"rendered":"<p>La detoxificaci\u00f3n hep\u00e1tica se ha convertido en un recurso cada vez m\u00e1s importante para numerosas dietas por sus magn\u00edficos resultados y los saludables beneficios que aporta a cualquier tratamiento. As\u00ed, tener en cuenta la eliminaci\u00f3n de toxinas del h\u00edgado al comenzar una dieta va a convertirse en la mejor estrategia para conseguir perder peso y [&hellip;]<\/p>\n","protected":false},"author":1,"featured_media":0,"parent":0,"menu_order":0,"comment_status":"open","ping_status":"closed","template":"template-full-width.php","meta":{"footnotes":""},"class_list":["post-149","page","type-page","status-publish","hentry"],"_links":{"self":[{"href":"https:\/\/dieta-detox.org\/pt\/wp-json\/wp\/v2\/pages\/149","targetHints":{"allow":["GET"]}}],"collection":[{"href":"https:\/\/dieta-detox.org\/pt\/wp-json\/wp\/v2\/pages"}],"about":[{"href":"https:\/\/dieta-detox.org\/pt\/wp-json\/wp\/v2\/types\/page"}],"author":[{"embeddable":true,"href":"https:\/\/dieta-detox.org\/pt\/wp-json\/wp\/v2\/users\/1"}],"replies":[{"embeddable":true,"href":"https:\/\/dieta-detox.org\/pt\/wp-json\/wp\/v2\/comments?post=149"}],"version-history":[{"count":5,"href":"https:\/\/dieta-detox.org\/pt\/wp-json\/wp\/v2\/pages\/149\/revisions"}],"predecessor-version":[{"id":299,"href":"https:\/\/dieta-detox.org\/pt\/wp-json\/wp\/v2\/pages\/149\/revisions\/299"}],"wp:attachment":[{"href":"https:\/\/dieta-detox.org\/pt\/wp-json\/wp\/v2\/media?parent=149"}],"curies":[{"name":"wp","href":"https:\/\/api.w.org\/{rel}","templated":true}]}}