{"id":99,"date":"2014-07-03T18:29:25","date_gmt":"2014-07-03T16:29:25","guid":{"rendered":"http:\/\/dieta-detox.org\/?page_id=99"},"modified":"2014-07-03T18:30:35","modified_gmt":"2014-07-03T16:30:35","slug":"aviso-legal","status":"publish","type":"page","link":"https:\/\/dieta-detox.org\/en\/legal-warning","title":{"rendered":"Legal warning"},"content":{"rendered":"<h2 style=\"color: #000000;\">Information about cookies<\/h2>\n<p style=\"color: #000000;\"><b>1. What are cookies and why do we use them on the Detox Diet website?<\/b><\/p>\n<p style=\"color: #000000;\">A cookie is a file that is downloaded to the user&#039;s device when accessing certain web pages to store and retrieve information about the navigation that is carried out from said equipment.<\/p>\n<p style=\"color: #000000;\">Cookies allow said website, among other things, to store and retrieve information about the user&#039;s decisions and habits. At Dieta Detox we use them to personalize the experience within our websites, identify and remember the registered user and facilitate navigation.<\/p>\n<p style=\"color: #000000;\">It is important to note that the use of cookies does not provide personal data of the user, who remains anonymous in the face of the Detox Diet.<\/p>\n<p style=\"color: #000000;\">The user can configure their browser to not accept the use of cookies, in which case the personalization of the experience would not apply, although they will be able to continue accessing the contents of our websites normally.<\/p>\n<p style=\"color: #000000;\">On the Wikipedia page (<a style=\"color: #6f9300;\" href=\"http:\/\/es.wikipedia.org\/wiki\/Cookie_(inform%C3%A1tica)\" target=\"_blank\" rel=\"noopener\">http:\/\/es.wikipedia.org\/wiki\/Cookie_(computing)<\/a>) it is possible to obtain more information about what with cookies and how they work<\/p>\n<p style=\"color: #000000;\"><b>2. What type of cookies does the Detox Diet website use?<\/b><\/p>\n<p style=\"color: #000000;\">Cookies, depending on their permanence, can be divided into session or permanent Cookies. The former expire when the user closes the browser. The latter expire depending on when the purpose for which they serve is met (for example, so that the user remains identified on the Detox Diet websites and services) or when they are manually deleted.<\/p>\n<p style=\"color: #000000;\">Additionally, depending on their objective, Cookies can be classified as follows:<\/p>\n<p style=\"color: #000000;\"><strong><em>Performance Cookies:<\/em><\/strong>\u00a0This type of Cookie remembers your preferences for tools found in the Services, so you don&#039;t have to reconfigure the Service each time you visit. By way of example, this typology includes:<\/p>\n<p>&nbsp;<\/p>\n<ul style=\"color: #000000;\">\n<ul style=\"color: #000000;\">\n<li>Volume adjustments of video or sound players.<\/li>\n<\/ul>\n<\/ul>\n<p>&nbsp;<\/p>\n<ul style=\"color: #000000;\">\n<ul style=\"color: #000000;\">\n<li>Video transmission speeds that are supported by your browser.<\/li>\n<\/ul>\n<\/ul>\n<p>&nbsp;<\/p>\n<p style=\"color: #000000;\"><strong>\u00b7\u00a0<em>Geolocation cookies:<\/em><\/strong>\u00a0These Cookies are used to find out which country you are in when you request a website or service. This Cookie is completely anonymous, and is only used to help target content to your location.<\/p>\n<p style=\"color: #000000;\"><strong>\u00b7\u00a0<em>Log cookies:<\/em><\/strong>\u00a0Registration Cookies are generated once the User has registered or has subsequently opened their session, and they are used to identify them on the web and services with the following objectives:<\/p>\n<p>&nbsp;<\/p>\n<ul style=\"color: #000000;\">\n<ul style=\"color: #000000;\">\n<li>Keep the user identified so that, if they close a service or website, the browser or the computer and at another time or another day enter said service or website again, they will continue to be identified, thus facilitating browsing without having to identify themselves again. This functionality can be suppressed if the user clicks on the &quot;Exit&quot; functionality, so that this Cookie is deleted and the next time the user enters the web, the user will have to log in to be identified.<\/li>\n<\/ul>\n<\/ul>\n<p>&nbsp;<\/p>\n<ul style=\"color: #000000;\">\n<ul style=\"color: #000000;\">\n<li>Check if the user is authorized to access certain services, for example, to participate in a contest.<\/li>\n<\/ul>\n<\/ul>\n<p>&nbsp;<\/p>\n<ul style=\"color: #000000;\">\n<ul style=\"color: #000000;\">\n<li>Additionally, some services may use third party connectors such as Facebook, Twitter or Google. When the user registers in a service with credentials from a social network or third-party identification system, they authorize it to store a persistent cookie that remembers their identity and guarantees access to the web until it expires. The user can delete this cookie and revoke access to the web through social networks or third-party identification system by updating their preferences in the specific social network.<\/li>\n<\/ul>\n<\/ul>\n<p>&nbsp;<\/p>\n<p style=\"color: #000000;\"><strong>\u00b7\u00a0<em>Analytics cookies:<\/em><\/strong>\u00a0Every time a User visits a Website or Service, a tool from an external provider (Google Analytics, comScore and the like) generates an analytical cookie on the user&#039;s device. This cookie, which is only generated during the visit, will serve on future visits to the Detox Diet services to anonymously identify the visitor. The main objectives pursued are:<\/p>\n<p>&nbsp;<\/p>\n<ul style=\"color: #000000;\">\n<ul style=\"color: #000000;\">\n<li>Allow the anonymous identification of browsing users through the &quot;Cookie&quot; (identifies browsers and devices, not people) and therefore the approximate counting of the number of visitors and their trend over time.<\/li>\n<\/ul>\n<\/ul>\n<p>&nbsp;<\/p>\n<ul style=\"color: #000000;\">\n<ul style=\"color: #000000;\">\n<li>Identify anonymously the most visited content and therefore most attractive to users<\/li>\n<\/ul>\n<\/ul>\n<p>&nbsp;<\/p>\n<ul style=\"color: #000000;\">\n<ul style=\"color: #000000;\">\n<li>Know if the user who is accessing is new or repeat visit.<\/li>\n<\/ul>\n<\/ul>\n<p>&nbsp;<\/p>\n<p style=\"color: #000000;\">Important: Unless the User decides to register on a Detox Diet website, the cookie will never be associated with any personal data that can identify them. These cookies will only be used for statistical purposes that help optimize the user experience on the site.<\/p>\n<p style=\"color: #000000;\">More information about the privacy policy of these analytical tools at:<br \/>\n<a style=\"color: #6f9300;\" href=\"http:\/\/www.google.es\/intl\/es\/analytics\/privacyoverview.html\" target=\"_blank\" rel=\"noopener\">Google Analytics<\/a><br \/>\n<a style=\"color: #6f9300;\" href=\"http:\/\/www.weblogssl.com\/www.comscore.com\/esl\/About_comScore\/Privacy_Policy\" target=\"_blank\" rel=\"noopener\">comscore<\/a><\/p>\n<p style=\"color: #000000;\"><strong>\u00b7\u00a0<em>Advertising cookies:<\/em><\/strong>\u00a0This type of cookies allows the information of the advertisements shown to each anonymous user on the Detox Diet websites to be expanded. Among others, the duration or frequency of display of advertising positions, the interaction with them, or the browsing patterns and\/or or user behavior as they help to form a profile of advertising interest. In this way, they allow offering advertising related to the interests of the user.<\/p>\n<p style=\"color: #000000;\">For the management of Diet Detox advertising, advertising service tools are used (<a style=\"color: #6f9300;\" href=\"http:\/\/es.wikipedia.org\/wiki\/Adserver\" target=\"_blank\" rel=\"noopener\">Adservers \u2013 http:\/\/es.wikipedia.org\/wiki\/Adserver\u201d)<\/a>\u00a0from third parties. These third parties can store cookies sent from the Detox Diet websites from users&#039; browsers, as well as access the data stored on them.<br \/>\nThe companies that generate these Cookies have their own privacy policies.<\/p>\n<p style=\"color: #000000;\">Currently, Detox Diet uses Google&#039;s Doubleclick platform to manage these services. For more information, go to\u00a0<a style=\"color: #6f9300;\" href=\"http:\/\/www.google.es\/policies\/privacy\/ads\/#toc-doubleclick\" target=\"_blank\" rel=\"noopener\">http:\/\/www.google.es\/policies\/privacy\/ads\/#toc-doubleclick<\/a>\u00a0already\u00a0<a style=\"color: #6f9300;\" href=\"http:\/\/www.google.es\/policies\/privacy\/ads\/\" target=\"_blank\" rel=\"noopener\">http:\/\/www.google.es\/policies\/privacy\/ads\/<\/a>.<\/p>\n<p style=\"color: #000000;\"><b>3. How to disable cookies in the browser<\/b><\/p>\n<p style=\"color: #000000;\">Most browsers currently allow the user to configure if they want to accept cookies and which ones. These settings are usually found in the &#039;options&#039; or &#039;Preferences&#039; menu of your browser.<\/p>\n<p style=\"color: #000000;\">These are the instructions to configure cookies in the main browsers:<\/p>\n<div style=\"color: #000000;\">\n<p>&nbsp;<\/p>\n<p><strong>Chrome:<\/strong>\u00a0Settings -&gt; Show advanced options -&gt; Privacy -&gt; Content settings.<br \/>\nFor more information, you can consult Google support or the browser&#039;s Help.<\/p>\n<p><strong>firefox:<\/strong>\u00a0Tools -&gt; Options -&gt; Privacy -&gt; History -&gt; Custom Settings.<br \/>\nFor more information, you can consult Mozilla support or the browser&#039;s Help.<\/p>\n<p><strong>Internet Explorer:<\/strong>\u00a0Tools -&gt; Internet Options -&gt; Privacy -&gt; Settings.<br \/>\nFor more information, you can consult Microsoft support or the browser&#039;s Help.<\/p>\n<p><strong>Safari:<\/strong>\u00a0Preferences -&gt; Security.<br \/>\nFor more information, you can consult Apple support or the browser&#039;s Help.<\/p>\n<\/div>\n<p>&nbsp;<\/p>\n<h2>Adsense Privacy Policy<\/h2>\n<p><!-- adsenseprivacypolicy --><\/p>\n\n<div style=\"font-size: 0px; height: 0px; line-height: 0px; margin: 0; padding: 0; clear: both;\"><\/div>","protected":false},"excerpt":{"rendered":"<p>Informaci\u00f3n sobre cookies 1. Qu\u00e9 son las cookies y por qu\u00e9 las utilizamos en la web de Dieta Detox Una cookie es un fichero que se descarga en el dispositivo del usuario al acceder a determinadas p\u00e1ginas web para almacenar y recuperar informaci\u00f3n sobre la navegaci\u00f3n que se efect\u00faa desde dicho equipo. Las cookies permiten [&hellip;]<\/p>\n","protected":false},"author":1,"featured_media":0,"parent":0,"menu_order":0,"comment_status":"closed","ping_status":"closed","template":"template-full-width.php","meta":{"footnotes":""},"class_list":["post-99","page","type-page","status-publish","hentry"],"_links":{"self":[{"href":"https:\/\/dieta-detox.org\/en\/wp-json\/wp\/v2\/pages\/99","targetHints":{"allow":["GET"]}}],"collection":[{"href":"https:\/\/dieta-detox.org\/en\/wp-json\/wp\/v2\/pages"}],"about":[{"href":"https:\/\/dieta-detox.org\/en\/wp-json\/wp\/v2\/types\/page"}],"author":[{"embeddable":true,"href":"https:\/\/dieta-detox.org\/en\/wp-json\/wp\/v2\/users\/1"}],"replies":[{"embeddable":true,"href":"https:\/\/dieta-detox.org\/en\/wp-json\/wp\/v2\/comments?post=99"}],"version-history":[{"count":3,"href":"https:\/\/dieta-detox.org\/en\/wp-json\/wp\/v2\/pages\/99\/revisions"}],"predecessor-version":[{"id":102,"href":"https:\/\/dieta-detox.org\/en\/wp-json\/wp\/v2\/pages\/99\/revisions\/102"}],"wp:attachment":[{"href":"https:\/\/dieta-detox.org\/en\/wp-json\/wp\/v2\/media?parent=99"}],"curies":[{"name":"wp","href":"https:\/\/api.w.org\/{rel}","templated":true}]}}