{"id":8376,"date":"2017-11-13T12:17:22","date_gmt":"2017-11-13T10:17:22","guid":{"rendered":"https:\/\/en.dieta-detox.org?page_id=8376"},"modified":"2017-11-13T12:20:04","modified_gmt":"2017-11-13T10:20:04","slug":"receta-de-tortitas-detox-preparacion-y-ventajas","status":"publish","type":"page","link":"https:\/\/dieta-detox.org\/en\/detox-pancake-recipe-preparation-and-advantages","title":{"rendered":"Detox pancakes recipe, preparation and advantages"},"content":{"rendered":"<p>Before entering the recipe for detox pancakes, to begin with we must define what detox diets are, and that is that detox is the abbreviated way of saying detoxification, therefore detox diets seek to detoxify the body of potentially dangerous toxic agents for our organism, this type of elimination is carried out for a specific area, such as cleaning the liver, colon or digestive system. In this type of diet there are endless recipes that will allow you to eat healthy and tasty among those are the <strong>detox pancakes <\/strong>which we will be explaining its preparation and giving you the advantages that these pancakes will bring to your body.<\/p>\n<p>How to prepare spinach detox pancakes<\/p>\n<h2><strong>Ingredients of the detox pancake cake<\/strong><\/h2>\n<ul>\n<li>2 handful of spinach<\/li>\n<li>2 egg<\/li>\n<li>6 whites<\/li>\n<li>60g of whole oat flour<\/li>\n<li>2 on &#039;detox&#039;<\/li>\n<li>2 tablespoon chia seeds<\/li>\n<li>Topping: homemade cherry jam and chocolate syrup<\/li>\n<\/ul>\n<h3><strong>Preparation<\/strong><\/h3>\n<ul>\n<li>All the ingredients are entered in a food processor, except the topping ingredients.<\/li>\n<li>In a non-stick skillet preferably we put a little oil and place the mixture in the form of pancakes.<\/li>\n<li>Then we put the jam topping on top of the pancake and bon appetit.<\/li>\n<\/ul>\n<p>How to prepare the D\u00e9tox broccoli and carrot pancakes<\/p>\n<ul>\n<li>125 gr. broccoli<\/li>\n<li>125 gr. carrot<\/li>\n<li>2 small eggs<\/li>\n<li>1 tbsp. Of olive oil<\/li>\n<li>Parsley<\/li>\n<li>Salt and pepper<\/li>\n<\/ul>\n<h3><strong>Preparation<\/strong><\/h3>\n<ol>\n<li>You must clean, cut and boil the vegetables, which soften a little. Then place them in a salad bowl with the parsley already chopped.<\/li>\n<li>Beat the eggs, and mix the other ingredients.<\/li>\n<li>Preheat oven to 150\u00b0<\/li>\n<li>Prepare a tray with parchment paper and add oil, and then place the little piles of the mixture. Bake for approximately 15 min.<\/li>\n<\/ol>\n<h2><strong>What are the main advantages of detox pancakes<\/strong><\/h2>\n<p>Below we show you in more detail the series of benefits and advantages of adding detox pancakes to our diet:<\/p>\n<ol>\n<li>They control blood pressure.<\/li>\n<li>Reduces allergy risks.<\/li>\n<li>They avoid constipation.<\/li>\n<li>Detox pancakes prevent bloating<\/li>\n<li>They avoid headaches.<\/li>\n<li>Increase energy levels.<\/li>\n<li>They improve mood and concentration.<\/li>\n<li>They improve digestion.<\/li>\n<li>Optimize the immune system<\/li>\n<li>Reduce binge eating and anxiety<\/li>\n<li>They regulate blood glucose and insulin.<\/li>\n<li>They regulate triglycerides and cholesterol.<\/li>\n<li>You will lose weight<\/li>\n<li>You will have lighter digestions<\/li>\n<li>You will have glowing skin<\/li>\n<\/ol>\n<p>You can find more pancake recipes at <a href=\"https:\/\/recetatortitas.es\" target=\"_blank\" rel=\"noopener\">Pancakes Recipes<\/a>, where there are all types and levels.<\/p>\n\n<div style=\"font-size: 0px; height: 0px; line-height: 0px; margin: 0; padding: 0; clear: both;\"><\/div>","protected":false},"excerpt":{"rendered":"<p>Antes de entrar en la receta de tortitas detox, para comenzar debemos definir que son las dietas d\u00e9tox, y es que d\u00e9tox es la manera abreviada de decir desintoxicaci\u00f3n, por lo tanto las dietas d\u00e9tox buscan poder desintoxicar el cuerpo de agentes t\u00f3xicos potencialmente peligrosos para nuestro organismo, este tipo de eliminaci\u00f3n se realiza para [&hellip;]<\/p>\n","protected":false},"author":1,"featured_media":8377,"parent":0,"menu_order":0,"comment_status":"closed","ping_status":"closed","template":"","meta":{"footnotes":""},"class_list":["post-8376","page","type-page","status-publish","has-post-thumbnail","hentry"],"_links":{"self":[{"href":"https:\/\/dieta-detox.org\/en\/wp-json\/wp\/v2\/pages\/8376","targetHints":{"allow":["GET"]}}],"collection":[{"href":"https:\/\/dieta-detox.org\/en\/wp-json\/wp\/v2\/pages"}],"about":[{"href":"https:\/\/dieta-detox.org\/en\/wp-json\/wp\/v2\/types\/page"}],"author":[{"embeddable":true,"href":"https:\/\/dieta-detox.org\/en\/wp-json\/wp\/v2\/users\/1"}],"replies":[{"embeddable":true,"href":"https:\/\/dieta-detox.org\/en\/wp-json\/wp\/v2\/comments?post=8376"}],"version-history":[{"count":3,"href":"https:\/\/dieta-detox.org\/en\/wp-json\/wp\/v2\/pages\/8376\/revisions"}],"predecessor-version":[{"id":8382,"href":"https:\/\/dieta-detox.org\/en\/wp-json\/wp\/v2\/pages\/8376\/revisions\/8382"}],"wp:featuredmedia":[{"embeddable":true,"href":"https:\/\/dieta-detox.org\/en\/wp-json\/wp\/v2\/media\/8377"}],"wp:attachment":[{"href":"https:\/\/dieta-detox.org\/en\/wp-json\/wp\/v2\/media?parent=8376"}],"curies":[{"name":"wp","href":"https:\/\/api.w.org\/{rel}","templated":true}]}}