{"id":8344,"date":"2016-09-13T18:42:01","date_gmt":"2016-09-13T16:42:01","guid":{"rendered":"http:\/\/dieta-detox.org\/?page_id=8344"},"modified":"2018-02-08T14:14:59","modified_gmt":"2018-02-08T12:14:59","slug":"te-detox-y-adelgazamiento","status":"publish","type":"page","link":"https:\/\/dieta-detox.org\/en\/tea-detox-and-loss","title":{"rendered":"Detox and slimming tea"},"content":{"rendered":"<p align=\"justify\"><span style=\"font-size: medium;\"><img loading=\"lazy\" decoding=\"async\" class=\"alignright wp-image-8345\" src=\"https:\/\/en.dieta-detox.org\/wp-content\/uploads\/te-detox-adelgazamiento.jpg\" alt=\"tea-detox-loss\" width=\"440\" height=\"294\" srcset=\"https:\/\/dieta-detox.org\/wp-content\/uploads\/te-detox-adelgazamiento.jpg 500w, https:\/\/dieta-detox.org\/wp-content\/uploads\/te-detox-adelgazamiento-300x200.jpg 300w\" sizes=\"auto, (max-width: 440px) 100vw, 440px\" \/>If you are trying to start a detox program, and at the same time you want to lose weight, <\/span><span style=\"font-family: 'Times New Roman', serif;\"><span style=\"font-size: medium;\"><b>Detox and slimming tea <\/b><\/span><\/span><span style=\"font-family: 'Times New Roman', serif;\"><span style=\"font-size: medium;\">It is ideal for achieving these objectives, since they have totally natural properties that help the body, generating an increase in metabolism and increasing the possibility of losing those extra kilos and eradicating all those toxins from the body. <\/span><\/span><\/p>\n<p align=\"justify\"><span style=\"font-size: large;\"><b>What is Detox Tea and slimming?<\/b><\/span><\/p>\n<p align=\"justify\"><span style=\"font-size: medium;\">It consists of a detoxifying tea composed only of natural ingredients, which helps reduce the feeling of swelling and weight loss is achieved. <\/span><span style=\"font-family: 'Times New Roman', serif;\"><span style=\"font-size: medium;\"><b>Detox and slimming tea <\/b><\/span><\/span><span style=\"font-family: 'Times New Roman', serif;\"><span style=\"font-size: medium;\">It has herbs among its properties that act by purifying and eliminating impurities and toxins found in the body. In addition, each of the natural ingredients that make up this product have gone through a fairly strict selection process. <\/span><\/span><\/p>\n<p align=\"justify\"><span style=\"font-family: 'Times New Roman', serif;\"><span style=\"font-size: large;\"><b>Profits <\/b><\/span><\/span><\/p>\n<ul>\n<li>\n<p align=\"justify\"><span style=\"font-size: medium;\">It proposes a complete treatment of 28 days to lose weight. <\/span><\/p>\n<\/li>\n<li>\n<p align=\"justify\"><span style=\"font-size: medium;\">It offers an effective 28-day treatment to purify and detoxify the body. <\/span><\/p>\n<\/li>\n<li>\n<p align=\"justify\"><span style=\"font-size: medium;\">In 56 days you will be able to achieve your goals naturally, since its ingredients are 100% natural and of good quality.<\/span><\/p>\n<\/li>\n<li>\n<p align=\"justify\"><span style=\"font-size: medium;\"><b>Detox and slimming tea <\/b><\/span><span style=\"font-family: 'Times New Roman', serif;\"><span style=\"font-size: medium;\">It is high in vitamins and nutrients. <\/span><\/span><\/p>\n<\/li>\n<li>\n<p align=\"justify\"><span style=\"font-size: medium;\">Purifies and rejuvenates the body. <\/span><\/p>\n<\/li>\n<li>\n<p align=\"justify\"><span style=\"font-size: medium;\">Strengthens the immune system.<\/span><\/p>\n<\/li>\n<li>\n<p align=\"justify\"><span style=\"font-size: medium;\">It contributes to the process of burning fat and speeds up metabolism.<\/span><\/p>\n<\/li>\n<li>\n<p align=\"justify\"><span style=\"font-size: medium;\">Helps reduce the feeling of swelling and heaviness.<\/span><\/p>\n<\/li>\n<\/ul>\n<p>&nbsp;<\/p>\n<p align=\"justify\"><span style=\"font-size: large;\"><b>How to prepare Detox Tea and slimming?<\/b><\/span><\/p>\n<p align=\"justify\"><a name=\"_GoBack\"><\/a> <span style=\"font-family: 'Times New Roman', serif;\"><span style=\"font-size: medium;\">Select a bag of any of the teas that are inside the package, and submerge it in boiling water for a period of five minutes. After the infusion has been obtained, I can drink it, also if you want to make your tea have a delicious flavor, you can add other ingredients, such as; honey, cinnamon or a slice of lemon. <\/span><\/span><\/p>\n<p align=\"justify\"><span style=\"font-size: large;\"><b>How long does Detox and slimming tea last?<\/b><\/span><\/p>\n<p align=\"justify\"><span style=\"font-size: medium;\">This product is made up of 28 tea bags that should be taken in the morning, and has 14 bags for the night. These bags are present in both products. For its part, the treatment for the mornings must be consumed every morning, while the night tea, it is essential to drink it alternately at night, for example; one night yes and another no, thus a 56-day treatment will be achieved. <\/span><\/p>\n<p>&nbsp;<\/p>\n<p align=\"justify\"><span style=\"font-size: large;\"><b>Does it cause side effects?<\/b><\/span><\/p>\n<p align=\"justify\"><span style=\"font-size: medium;\">The ingredients of <\/span><span style=\"font-family: 'Times New Roman', serif;\"><span style=\"font-size: medium;\"><b>Detox and slimming tea <\/b><\/span><\/span><span style=\"font-family: 'Times New Roman', serif;\"><span style=\"font-size: medium;\">They are completely natural, which guarantees the health of consumers and does not pose any risk of side effects. However, pregnant women or those who are lactating are not advised to consume the product. On the other hand, it is recommended to read the ingredients that the product has in order to avoid the appearance of any type of allergies.<\/span><\/span><\/p>\n<p align=\"justify\">\n\n<div style=\"font-size: 0px; height: 0px; line-height: 0px; margin: 0; padding: 0; clear: both;\"><\/div>","protected":false},"excerpt":{"rendered":"<p>Si est\u00e1s intentando en comenzar con un programa de desintoxicaci\u00f3n, y al mismo tiempo pretendes bajar de peso, T\u00e9 Detox y adelgazamiento es ideal para lograr estos objetivos, puesto a que poseen propiedades totalmente naturales que ayudan al organismo, generando un incremento del metabolismo y aumenta la posibilidad de perder esos kilos de m\u00e1s y [&hellip;]<\/p>\n","protected":false},"author":1,"featured_media":8345,"parent":0,"menu_order":0,"comment_status":"closed","ping_status":"closed","template":"","meta":{"footnotes":""},"class_list":["post-8344","page","type-page","status-publish","has-post-thumbnail","hentry"],"_links":{"self":[{"href":"https:\/\/dieta-detox.org\/en\/wp-json\/wp\/v2\/pages\/8344","targetHints":{"allow":["GET"]}}],"collection":[{"href":"https:\/\/dieta-detox.org\/en\/wp-json\/wp\/v2\/pages"}],"about":[{"href":"https:\/\/dieta-detox.org\/en\/wp-json\/wp\/v2\/types\/page"}],"author":[{"embeddable":true,"href":"https:\/\/dieta-detox.org\/en\/wp-json\/wp\/v2\/users\/1"}],"replies":[{"embeddable":true,"href":"https:\/\/dieta-detox.org\/en\/wp-json\/wp\/v2\/comments?post=8344"}],"version-history":[{"count":4,"href":"https:\/\/dieta-detox.org\/en\/wp-json\/wp\/v2\/pages\/8344\/revisions"}],"predecessor-version":[{"id":8391,"href":"https:\/\/dieta-detox.org\/en\/wp-json\/wp\/v2\/pages\/8344\/revisions\/8391"}],"wp:featuredmedia":[{"embeddable":true,"href":"https:\/\/dieta-detox.org\/en\/wp-json\/wp\/v2\/media\/8345"}],"wp:attachment":[{"href":"https:\/\/dieta-detox.org\/en\/wp-json\/wp\/v2\/media?parent=8344"}],"curies":[{"name":"wp","href":"https:\/\/api.w.org\/{rel}","templated":true}]}}