{"id":24,"date":"2014-07-01T13:43:38","date_gmt":"2014-07-01T11:43:38","guid":{"rendered":"http:\/\/dieta-detox.org\/?page_id=24"},"modified":"2015-01-20T23:55:48","modified_gmt":"2015-01-20T21:55:48","slug":"menu-detox","status":"publish","type":"page","link":"https:\/\/dieta-detox.org\/en\/menu-detox","title":{"rendered":"Detox Menu"},"content":{"rendered":"<div id=\"attachment_94\" style=\"width: 508px\" class=\"wp-caption alignright\"><img loading=\"lazy\" decoding=\"async\" aria-describedby=\"caption-attachment-94\" class=\"size-full wp-image-94\" src=\"http:\/\/dieta-detox.org\/wp-content\/uploads\/menu-detox.jpg\" alt=\"Detox Menu\" width=\"498\" height=\"325\" srcset=\"https:\/\/dieta-detox.org\/wp-content\/uploads\/menu-detox.jpg 498w, https:\/\/dieta-detox.org\/wp-content\/uploads\/menu-detox-300x195.jpg 300w\" sizes=\"auto, (max-width: 498px) 100vw, 498px\" \/><p id=\"caption-attachment-94\" class=\"wp-caption-text\">Detox Menu<\/p><\/div>\n<p>This is a <strong>Sample Detox Menu<\/strong> that you can use for your new Detox diet. It works for any of them, but the best and most recommended thing is that you adapt the menu and the recipes to the fruits and vegetables that you like the most, so that your Detox diet is easier and more bearable. It is possible that many of the foods that we say here do not have them and you may not even know them. Go to the nearest health food store where they will surely have everything.<\/p>\n<p>&nbsp;<\/p>\n<h2>The detox menu<\/h2>\n<h3>Breakfast<\/h3>\n<h4>whole protein shake<\/h4>\n<p>This shake will power you through the hardest and longest part of the day. It&#039;s 100% whole, fresh, real food, with a food group with healthy fats and the powerful antioxidants of blueberries.<\/p>\n<ul>\n<li>1\/2 cup frozen wild blueberries<\/li>\n<li>1\/2 cup frozen blueberries<\/li>\n<li>1\/4 lemon with skin (optional)<\/li>\n<li>1 tablespoon almond butter<\/li>\n<li>Pumpkin seeds 1 tablespoon<\/li>\n<li>1 tablespoon chia seeds<\/li>\n<li>Hemp seeds 1 tablespoon<\/li>\n<li>2 walnuts<\/li>\n<li>1\/4 avocado<\/li>\n<li>Virgin coconut butter 1\/2 additional tablespoon<\/li>\n<li>1\/2 cup unsweetened almond milk<\/li>\n<li>1\/2 cup water<\/li>\n<\/ul>\n<p>Combine all the ingredients in a blender.<strong> Blend at high speed<\/strong> until smooth, about 2 minutes. If the shake is too thick, add more water until you reach a thick but passable consistency.<\/p>\n<p>It may seem complicated and there are too many ingredients, but you can prepare a smoothie for several days, and you will find that<strong> it&#039;s much cheaper for you<\/strong> make your shakes than buy them made for your Detox menu.<\/p>\n<h3>Lunch<\/h3>\n<h4>The super detox salad<\/h4>\n<ul>\n<li><strong>Choose a green base color<\/strong>: arugula, spinach or mixed salad<\/li>\n<li><strong>choose three vegetables<\/strong>: red bell pepper, green or orange bell pepper, celery, mushrooms, snap peas, jicama, carrot, radish, broccoli, cauliflower, cabbage, onion, roasted bell peppers, artichokes, parsley, dill, cilantro, mint.<\/li>\n<li><strong>Choose a healthy fat<\/strong>: 1\/4 avocado, 2 tablespoons of nuts or seeds (walnuts, almonds, pumpkin or sunflower seeds), 2 tablespoons of olives (Kalamata)<\/li>\n<li><strong>choose a protein<\/strong>: salmon, sardines or shrimp (fresh wild or canned), diced chicken or turkey, diced tofu or tempe.<\/li>\n<li><strong>Choose your dressing<\/strong>: 2 tablespoons of tahini with lemon juice, 1 tablespoon of olive oil with lemon juice or apple cider vinegar.<\/li>\n<\/ul>\n<h3>Dinner<\/h3>\n<h4>Nutritional plate with green touches<\/h4>\n<ul>\n<li><strong>Choose a green base color<\/strong>: Broccoli, asparagus, arugula, spinach, kale or Swiss chard. Steamed or lightly saut\u00e9ed with a little garlic and oil.<\/li>\n<li><strong>add some protein<\/strong>: Chicken, turkey, salmon, shrimp, scallops, canned salmon, sardines or herring, hard-boiled eggs, tofu or tempe.<\/li>\n<\/ul>\n<h3>Snacks<\/h3>\n<h4>Healthy Detox Snacks<\/h4>\n<p>Creamy tahini, hummus or tapenade with choice of sliced raw vegetables. Almonds and walnuts.<\/p>\n<h2>Unlimited food Detox menu<\/h2>\n<p>You can eat all of the following without any limitation at any time of the day thanks to the Detox menu and its diet:<\/p>\n<p>Arugula, artichokes, mushrooms, chard, asparagus, dandelion greens, mustard greens, tomatoes,<br \/>\nbean sprouts, aubergine, onion, turnip greens, beet greens, endive, parsley, watercress, peppers<br \/>\n(yellow, red or green), fennel, radish, celery, broccoli, garlic, radicchio, chives, Brussels sprouts, ginger<br \/>\nroot, snap beans, kale, sprouts, green beans, snap peas, jalapeno peppers, cauliflower, hearts<br \/>\npalm, shallots, kale, pumpkin, zucchini, spinach and lettuce.<\/p>\n<p>This has been the <strong>official free detox menu<\/strong> and the Detox recipes that we recommend. In the comments below you can leave us your personalized menu and your Detox recipes to share with others.<\/p>\n\n<div style=\"font-size: 0px; height: 0px; line-height: 0px; margin: 0; padding: 0; clear: both;\"><\/div>","protected":false},"excerpt":{"rendered":"<p>Este es un Men\u00fa Detox de ejemplo que puedes utilizar para tu nueva dieta Detox. Sirve para cualquiera de ellas, pero lo mejor y mas recomendable es que te adaptes el men\u00fa y las recetas a las frutas y verduras que a ti m\u00e1s te gusten, para que te sea mas f\u00e1cil y llevadera tu [&hellip;]<\/p>\n","protected":false},"author":1,"featured_media":94,"parent":0,"menu_order":0,"comment_status":"open","ping_status":"closed","template":"template-full-width.php","meta":{"footnotes":""},"class_list":["post-24","page","type-page","status-publish","has-post-thumbnail","hentry"],"_links":{"self":[{"href":"https:\/\/dieta-detox.org\/en\/wp-json\/wp\/v2\/pages\/24","targetHints":{"allow":["GET"]}}],"collection":[{"href":"https:\/\/dieta-detox.org\/en\/wp-json\/wp\/v2\/pages"}],"about":[{"href":"https:\/\/dieta-detox.org\/en\/wp-json\/wp\/v2\/types\/page"}],"author":[{"embeddable":true,"href":"https:\/\/dieta-detox.org\/en\/wp-json\/wp\/v2\/users\/1"}],"replies":[{"embeddable":true,"href":"https:\/\/dieta-detox.org\/en\/wp-json\/wp\/v2\/comments?post=24"}],"version-history":[{"count":5,"href":"https:\/\/dieta-detox.org\/en\/wp-json\/wp\/v2\/pages\/24\/revisions"}],"predecessor-version":[{"id":304,"href":"https:\/\/dieta-detox.org\/en\/wp-json\/wp\/v2\/pages\/24\/revisions\/304"}],"wp:featuredmedia":[{"embeddable":true,"href":"https:\/\/dieta-detox.org\/en\/wp-json\/wp\/v2\/media\/94"}],"wp:attachment":[{"href":"https:\/\/dieta-detox.org\/en\/wp-json\/wp\/v2\/media?parent=24"}],"curies":[{"name":"wp","href":"https:\/\/api.w.org\/{rel}","templated":true}]}}