{"id":2,"date":"2014-07-01T05:23:54","date_gmt":"2014-07-01T05:23:54","guid":{"rendered":"http:\/\/dieta-detox.org\/?page_id=2"},"modified":"2015-01-20T23:56:32","modified_gmt":"2015-01-20T21:56:32","slug":"que-es-detox","status":"publish","type":"page","link":"https:\/\/dieta-detox.org\/en\/what-is-detox","title":{"rendered":"What is Detox"},"content":{"rendered":"<p>named diets <strong>Detox<\/strong> They are in fashion in recent years and people want to know what Detox is. <strong>What does it mean?<\/strong> There are hundreds of people asking questions about this name. Those who have tried it say that you cannot leave this life without having tried it. Have you? Do you know what detox is?<\/p>\n<h2><strong>So what is Detox?<\/strong><\/h2>\n<div id=\"attachment_77\" style=\"width: 310px\" class=\"wp-caption alignright\"><img loading=\"lazy\" decoding=\"async\" aria-describedby=\"caption-attachment-77\" class=\"size-medium wp-image-77\" src=\"http:\/\/dieta-detox.org\/wp-content\/uploads\/que-es-detox-300x293.jpg\" alt=\"what is detox\" width=\"300\" height=\"293\" srcset=\"https:\/\/dieta-detox.org\/wp-content\/uploads\/que-es-detox-300x293.jpg 300w, https:\/\/dieta-detox.org\/wp-content\/uploads\/que-es-detox-480x468.jpg 480w, https:\/\/dieta-detox.org\/wp-content\/uploads\/que-es-detox.jpg 600w\" sizes=\"auto, (max-width: 300px) 100vw, 300px\" \/><p id=\"caption-attachment-77\" class=\"wp-caption-text\">what is detox<\/p><\/div>\n<p>In principle it is called Detox to<strong> the deep cleaning that a person does with the body<\/strong>. In this way, toxins and waste that the body takes a long time to eliminate are eliminated. If the right diet is chosen, the remains of harmful external agents that accelerate aging and free radicals can be completely removed. In short, the answer to <strong>what is detox<\/strong> is: a diet that has this name because it has the objective of being <strong>antioxidant, antiox and antiaging<\/strong>. The name Detox comes from a mixture of <strong>detoxifying and antioxidant<\/strong>, call <strong>detoxification<\/strong>, aka, Detox.<\/p>\n<p>Now that you know what detox is, look at the qualities it has. When starting a Detox diet it is important to know that <strong>there are two stages<\/strong> through which they must pass. The first is a <strong>totally purifying phase<\/strong> which usually appears at the beginning of the activity. The second is a<strong> antioxidant stage<\/strong> that emerges after the first part. It achieves debugging and is the one that takes the longest. These processes can alternate with each other.<\/p>\n<h2>When to do Detox diets?<\/h2>\n<p>It is recommended that at least once a year the body go through a <strong>detox<\/strong>. In this period you have to eliminate all the waste that the body accumulated in the past and does not need.<\/p>\n<h2>How to do detoxifying diets?<\/h2>\n<p>In general, these diets consist of carrying out a routine based on <strong>fruits and vegetables<\/strong>. To this we must add that it is very important to ingest a large amount of liquid, especially water, infusions and natural juices, during fasting. You can find much more information throughout the <a title=\"Detox diet official website\" href=\"http:\/\/dieta-detox.org\/en\/\">Detox Diet official website<\/a>, which is where you are right now.<\/p>\n<h2>Can Detox diets cause side effects?<\/h2>\n<p>We are not going to lie to you. Sometimes people are likely to go through states such as body tiredness, headache, bad breath, and irritability because of the nutritional imbalance that occurs and the body is not used to it. However, this is only while dieting and, ultimately, <strong>It is to help your body<\/strong> Do not you believe it?<\/p>\n<h2>How long do you have to do Detox diets?<\/h2>\n<p>Now that you know what a detox is, it is important to know how much time you should dedicate to this routine. <strong>Detox diets are usually carried out for various periods<\/strong>, never older than 21 days, which is <a title=\"Detox diet in 21 days\" href=\"\/en\/?p=43\">our longest and most famous diet<\/a>. You can find all the Detox diets by dates in our index of <a title=\"Detox diets\" href=\"\/en\/?page_id=22\">Detox diets<\/a>. Behind this, <strong>all toxins and waste will have been removed<\/strong>. However, nutritional instability occurs and the body needs to recover muscle mass and energy that was not recovered in that week. In summary, <strong>It is a diet that helps cleanse the body<\/strong>. It is up to everyone to use it or not.<\/p>\n<p>You already know what Detox is. <strong>We haven&#039;t hidden anything from you<\/strong> and now it&#039;s your turn to decide if you want to become a healthy and healthy person!<\/p>\n\n<div style=\"font-size: 0px; height: 0px; line-height: 0px; margin: 0; padding: 0; clear: both;\"><\/div>","protected":false},"excerpt":{"rendered":"<p>Las dietas con nombre Detox est\u00e1n de moda en estos \u00faltimos a\u00f1os y la gente quiere saber que es Detox. \u00bfQu\u00e9 quiere decir? Hay cientos de personas que realizan preguntas sobre este nombre. Quienes la han probado, dicen que no puedes irte de este vida sin haberla probado \u00bfT\u00fa lo has hecho? \u00bfSabes qu\u00e9 es [&hellip;]<\/p>\n","protected":false},"author":1,"featured_media":77,"parent":0,"menu_order":0,"comment_status":"open","ping_status":"open","template":"template-full-width.php","meta":{"footnotes":""},"class_list":["post-2","page","type-page","status-publish","has-post-thumbnail","hentry"],"_links":{"self":[{"href":"https:\/\/dieta-detox.org\/en\/wp-json\/wp\/v2\/pages\/2","targetHints":{"allow":["GET"]}}],"collection":[{"href":"https:\/\/dieta-detox.org\/en\/wp-json\/wp\/v2\/pages"}],"about":[{"href":"https:\/\/dieta-detox.org\/en\/wp-json\/wp\/v2\/types\/page"}],"author":[{"embeddable":true,"href":"https:\/\/dieta-detox.org\/en\/wp-json\/wp\/v2\/users\/1"}],"replies":[{"embeddable":true,"href":"https:\/\/dieta-detox.org\/en\/wp-json\/wp\/v2\/comments?post=2"}],"version-history":[{"count":5,"href":"https:\/\/dieta-detox.org\/en\/wp-json\/wp\/v2\/pages\/2\/revisions"}],"predecessor-version":[{"id":305,"href":"https:\/\/dieta-detox.org\/en\/wp-json\/wp\/v2\/pages\/2\/revisions\/305"}],"wp:featuredmedia":[{"embeddable":true,"href":"https:\/\/dieta-detox.org\/en\/wp-json\/wp\/v2\/media\/77"}],"wp:attachment":[{"href":"https:\/\/dieta-detox.org\/en\/wp-json\/wp\/v2\/media?parent=2"}],"curies":[{"name":"wp","href":"https:\/\/api.w.org\/{rel}","templated":true}]}}