{"id":174,"date":"2014-08-04T17:00:21","date_gmt":"2014-08-04T15:00:21","guid":{"rendered":"http:\/\/dieta-detox.org\/?page_id=174"},"modified":"2014-08-04T17:00:21","modified_gmt":"2014-08-04T15:00:21","slug":"dieta-detox-com-sucos","status":"publish","type":"page","link":"https:\/\/dieta-detox.org\/en\/diet-detox-com-sucos","title":{"rendered":"Detox diet with sucos"},"content":{"rendered":"<p>Certainly you will have heard of talking about the Detox Diet with sucos; A food system based on fruit and vegetable sucos, which is causing real anger among Hollywood stars, and is spreading to the rest of the population. The Suco Detox Diet emerged in the United States in an attractive way to increase the consumption of vegetables and fruits, as it is the country with the highest rate of obesity in the world.<\/p>\n<p>The Detox Diet powder is a good way to lose weight, and produce significant benefits for our body, because fruits and vegetables have proven purifying and detoxifying effects, allowing to remove waste and purify our body. It also helps us lose weight and gives us a lot of health benefits such as vitamins and minerals. Not so, following a Detox Diet with sucos, transforming exclusively into a rigorous diet to lose weight, is detrimental to the body, as it may cause a lack of protein, carbohydrates and nutrients, or that can lead to serious health problems. .<\/p>\n<h2>Sucos and Juice Detox<\/h2>\n<p>Therefore, keep in mind that the suco Detox Diet cannot be used permanently, however, as a diet support. In a society where the majority of the population is the bearer of a fast pace of life, or which affects eating habits due to rushing and stress, the consumption of these foods can be a good substitute, in the absence of vegetables and fruits in our meals. you habituate Also, on the occasions when we eat food, a green soil (for example, aipo, broccoli, chard combined with fruits such as kiwi) can be an excellent cleansing action that will cool our body.<\/p>\n<p>The Detox Diet meal accompanied with fish, meat with a low content of fat (grelhado) and plenty of water is, even when wet, a very complete and healthy system.<\/p>\n\n<div style=\"font-size: 0px; height: 0px; line-height: 0px; margin: 0; padding: 0; clear: both;\"><\/div>","protected":false},"excerpt":{"rendered":"<p>Certamente voc\u00ea j\u00e1 ter\u00e1 ouvido falar da Dieta Detox com sucos; um sistema alimentar baseado em sucos de frutas e legumes, que est\u00e1 causando raiva real entre as estrelas de Hollywood, e est\u00e1 se espalhando pelo resto da popula\u00e7\u00e3o. O suco Detox Diet surgiu nos Estados Unidos em uma maneira atraente de aumentar o consumo [&hellip;]<\/p>\n","protected":false},"author":1,"featured_media":0,"parent":0,"menu_order":0,"comment_status":"open","ping_status":"closed","template":"template-full-width.php","meta":{"footnotes":""},"class_list":["post-174","page","type-page","status-publish","hentry"],"_links":{"self":[{"href":"https:\/\/dieta-detox.org\/en\/wp-json\/wp\/v2\/pages\/174","targetHints":{"allow":["GET"]}}],"collection":[{"href":"https:\/\/dieta-detox.org\/en\/wp-json\/wp\/v2\/pages"}],"about":[{"href":"https:\/\/dieta-detox.org\/en\/wp-json\/wp\/v2\/types\/page"}],"author":[{"embeddable":true,"href":"https:\/\/dieta-detox.org\/en\/wp-json\/wp\/v2\/users\/1"}],"replies":[{"embeddable":true,"href":"https:\/\/dieta-detox.org\/en\/wp-json\/wp\/v2\/comments?post=174"}],"version-history":[{"count":1,"href":"https:\/\/dieta-detox.org\/en\/wp-json\/wp\/v2\/pages\/174\/revisions"}],"predecessor-version":[{"id":175,"href":"https:\/\/dieta-detox.org\/en\/wp-json\/wp\/v2\/pages\/174\/revisions\/175"}],"wp:attachment":[{"href":"https:\/\/dieta-detox.org\/en\/wp-json\/wp\/v2\/media?parent=174"}],"curies":[{"name":"wp","href":"https:\/\/api.w.org\/{rel}","templated":true}]}}