{"id":162,"date":"2014-08-01T13:16:54","date_gmt":"2014-08-01T11:16:54","guid":{"rendered":"http:\/\/dieta-detox.org\/?page_id=162"},"modified":"2015-04-29T13:28:42","modified_gmt":"2015-04-29T11:28:42","slug":"dieta-detox-con-zumos","status":"publish","type":"page","link":"https:\/\/dieta-detox.org\/en\/diet-detox-with-juices","title":{"rendered":"Detox juices \u2013 Detox diet with juices"},"content":{"rendered":"<div id=\"attachment_7936\" style=\"width: 310px\" class=\"wp-caption alignright\"><a href=\"http:\/\/dieta-detox.org\/wp-content\/uploads\/zumos-detox.png\"><img loading=\"lazy\" decoding=\"async\" aria-describedby=\"caption-attachment-7936\" class=\"wp-image-7936 size-medium\" title=\"Detox Juices\" src=\"http:\/\/dieta-detox.org\/wp-content\/uploads\/zumos-detox-300x197.png\" alt=\"Detox Juices\" width=\"300\" height=\"197\" srcset=\"https:\/\/dieta-detox.org\/wp-content\/uploads\/zumos-detox-300x197.png 300w, https:\/\/dieta-detox.org\/wp-content\/uploads\/zumos-detox.png 541w\" sizes=\"auto, (max-width: 300px) 100vw, 300px\" \/><\/a><p id=\"caption-attachment-7936\" class=\"wp-caption-text\">Detox Juices<\/p><\/div>\n<p>Surely you have already heard about the Detox Diet with juices; a diet based on <strong>fruit and vegetable detox juices<\/strong>, which is causing a real rage among Hollywood stars, and is spreading to the rest of the population. The Detox Diet with juices appeared in the United States to attractively increase the consumption of vegetables and fruits, since it is the country with the highest rate of obesity in the world.<\/p>\n<h2>What is the Detox Diet with Juices<\/h2>\n<p><strong>The Detox Diet with juices<\/strong> It is a good method to lose weight, in addition to producing important benefits for our body, since fruits and vegetables have proven <strong>cleansing and detoxifying effects<\/strong>, allowing to eliminate waste and purify our body. They also help us lose weight and provide us with very healthy elements such as vitamins and minerals. However, extending the Detox Diet with juices, turning it exclusively into a strict regime to lose weight, is harmful to the body, since it <strong>causes a lack of protein<\/strong>, of carbohydrates and nutrients, which can lead to serious health problems.<\/p>\n<h2>What are Detox juices and detoxification juices<\/h2>\n<p>So, keep in mind that the Detox Diet with juices cannot be used permanently, although it can be used as a support diet. In a society where the majority of the population leads a fast lifestyle, in which eating habits are affected due to haste and stress, the consumption of these detox juices can be<strong> a good substitute for the lack of vegetables and fruits<\/strong> in our usual meals. In addition, on the occasions that we have overindulged in food, a green juice (for example: celery, broccoli, chard combined with fruits such as kiwi) can be an excellent purifying measure that will be great for our body.<\/p>\n<p>The <strong>Detox diet with detox juices<\/strong> accompanied by fish, low-fat meat (grilled) and plenty of water is, without a doubt, a most complete and healthy diet.<\/p>\n\n<div style=\"font-size: 0px; height: 0px; line-height: 0px; margin: 0; padding: 0; clear: both;\"><\/div>","protected":false},"excerpt":{"rendered":"<p>Seguramente ya habr\u00e9is escuchado hablar de la Dieta Detox con zumos; un r\u00e9gimen alimenticio basado en zumos detox de frutas y verduras, que est\u00e1 causando aut\u00e9ntico furor entre las estrellas de Hollywood, y se est\u00e1 extendiendo por el resto de la poblaci\u00f3n. La Dieta Detox con zumos apareci\u00f3 en los Estados Unidos para aumentar de [&hellip;]<\/p>\n","protected":false},"author":1,"featured_media":7936,"parent":0,"menu_order":0,"comment_status":"open","ping_status":"closed","template":"template-full-width.php","meta":{"footnotes":""},"class_list":["post-162","page","type-page","status-publish","has-post-thumbnail","hentry"],"_links":{"self":[{"href":"https:\/\/dieta-detox.org\/en\/wp-json\/wp\/v2\/pages\/162","targetHints":{"allow":["GET"]}}],"collection":[{"href":"https:\/\/dieta-detox.org\/en\/wp-json\/wp\/v2\/pages"}],"about":[{"href":"https:\/\/dieta-detox.org\/en\/wp-json\/wp\/v2\/types\/page"}],"author":[{"embeddable":true,"href":"https:\/\/dieta-detox.org\/en\/wp-json\/wp\/v2\/users\/1"}],"replies":[{"embeddable":true,"href":"https:\/\/dieta-detox.org\/en\/wp-json\/wp\/v2\/comments?post=162"}],"version-history":[{"count":5,"href":"https:\/\/dieta-detox.org\/en\/wp-json\/wp\/v2\/pages\/162\/revisions"}],"predecessor-version":[{"id":7939,"href":"https:\/\/dieta-detox.org\/en\/wp-json\/wp\/v2\/pages\/162\/revisions\/7939"}],"wp:featuredmedia":[{"embeddable":true,"href":"https:\/\/dieta-detox.org\/en\/wp-json\/wp\/v2\/media\/7936"}],"wp:attachment":[{"href":"https:\/\/dieta-detox.org\/en\/wp-json\/wp\/v2\/media?parent=162"}],"curies":[{"name":"wp","href":"https:\/\/api.w.org\/{rel}","templated":true}]}}