{"id":159,"date":"2014-08-01T08:29:40","date_gmt":"2014-08-01T06:29:40","guid":{"rendered":"http:\/\/dieta-detox.org\/?page_id=159"},"modified":"2015-01-20T23:35:18","modified_gmt":"2015-01-20T21:35:18","slug":"beneficios-de-la-dieta-detox","status":"publish","type":"page","link":"https:\/\/dieta-detox.org\/en\/benefits-of-the-detox-diet","title":{"rendered":"Benefits of the Detox Diet"},"content":{"rendered":"<p><strong>The benefits of the Detox diet are many<\/strong> compared to other known diets. The Detox diet consists of <strong>remove toxins from the body<\/strong>, eating natural and organic foods, such as fruits, vegetables and seeds, avoiding foods rich in protein, dairy and fat. With this diet multiple benefits are obtained, since it helps the body to <strong>Protect yourself from the damage caused by free radicals<\/strong>, in addition to releasing toxins. This diet is also known as an antioxidant, antiox, detoxifying or antiaging.<\/p>\n<p>One of the main benefits of <a title=\"detox diet\" href=\"http:\/\/dieta-detox.org\/en\/\">detox diet<\/a>, is that with the <strong>intake of foods containing antioxidants<\/strong>, it is possible to inhibit the oxidation process that causes the presence of free radicals.<\/p>\n<h2>How to take advantage of the benefits of the Detox detoxification diet<\/h2>\n<p>To take advantage of the benefits of the Detox diet <strong>It is recommended to do it in two phases.<\/strong>, a depurative, when starting the diet a general purification of the organism is produced, and, the other phase, the antioxidant, is prolonged in time until achieving that, by means of a balanced and varied diet, the organism purifies itself and gains vitality . <strong>If you want to lose weight<\/strong>, another of the benefits of the Detox diet, is that, being a hypocaloric diet, it helps the body to eliminate fat.<\/p>\n<div id=\"attachment_165\" style=\"width: 860px\" class=\"wp-caption aligncenter\"><img loading=\"lazy\" decoding=\"async\" aria-describedby=\"caption-attachment-165\" class=\"size-full wp-image-165\" src=\"http:\/\/dieta-detox.org\/wp-content\/uploads\/los-beneficios-dieta-detox.jpg\" alt=\"The Benefits of the Detox Diet\" width=\"850\" height=\"315\" srcset=\"https:\/\/dieta-detox.org\/wp-content\/uploads\/los-beneficios-dieta-detox.jpg 850w, https:\/\/dieta-detox.org\/wp-content\/uploads\/los-beneficios-dieta-detox-600x222.jpg 600w, https:\/\/dieta-detox.org\/wp-content\/uploads\/los-beneficios-dieta-detox-300x111.jpg 300w\" sizes=\"auto, (max-width: 850px) 100vw, 850px\" \/><p id=\"caption-attachment-165\" class=\"wp-caption-text\">The Benefits of the Detox Diet<\/p><\/div>\n<p>It is recommended <strong>eat many meals a day<\/strong> in order to obtain all the benefits of the Detox diet. It is advisable to eat five to six times a day, with natural foods based on fruit juices and vegetable smoothies. <strong>The most effective fruits in the detoxification process are those with the ability to alkalize the body<\/strong>, for example pineapple, papaya, grapefruit, lemons, forest fruits or kiwi.<\/p>\n<p><strong>With the juices and smoothies of these fruits<\/strong> we will be able to obtain the benefits of the Detox diet and, in a simple way, we will help our body to recover harmony. Vegetables, such as asparagus, carrots, broccoli, or beets, <strong>contribute to helping the body in its detoxification process<\/strong> and they are a very important element to enjoy the benefits of the Detox diet.<\/p>\n<p>To take advantage of all the benefits of the Dotox diet <strong>It must be adapted to the needs of each person.<\/strong>, not only from a medical point of view, also, from the point of view of the possibilities and habits of life, of each person.<\/p>\n\n<div style=\"font-size: 0px; height: 0px; line-height: 0px; margin: 0; padding: 0; clear: both;\"><\/div>","protected":false},"excerpt":{"rendered":"<p>Los beneficios de la dieta Detox son much\u00edsimos comparado\u00a0con otras dietas conocidas. La dieta Detox consiste en eliminar toxinas del organismo, ingiriendo alimentos naturales y org\u00e1nicos, como son las frutas, verduras y semillas, evitando los alimentos ricos en prote\u00ednas, l\u00e1cteos y grasas. Con esta dieta se obtienen m\u00faltiples beneficios, ya que ayuda al cuerpo a [&hellip;]<\/p>\n","protected":false},"author":1,"featured_media":0,"parent":0,"menu_order":0,"comment_status":"open","ping_status":"closed","template":"template-full-width.php","meta":{"footnotes":""},"class_list":["post-159","page","type-page","status-publish","hentry"],"_links":{"self":[{"href":"https:\/\/dieta-detox.org\/en\/wp-json\/wp\/v2\/pages\/159","targetHints":{"allow":["GET"]}}],"collection":[{"href":"https:\/\/dieta-detox.org\/en\/wp-json\/wp\/v2\/pages"}],"about":[{"href":"https:\/\/dieta-detox.org\/en\/wp-json\/wp\/v2\/types\/page"}],"author":[{"embeddable":true,"href":"https:\/\/dieta-detox.org\/en\/wp-json\/wp\/v2\/users\/1"}],"replies":[{"embeddable":true,"href":"https:\/\/dieta-detox.org\/en\/wp-json\/wp\/v2\/comments?post=159"}],"version-history":[{"count":5,"href":"https:\/\/dieta-detox.org\/en\/wp-json\/wp\/v2\/pages\/159\/revisions"}],"predecessor-version":[{"id":298,"href":"https:\/\/dieta-detox.org\/en\/wp-json\/wp\/v2\/pages\/159\/revisions\/298"}],"wp:attachment":[{"href":"https:\/\/dieta-detox.org\/en\/wp-json\/wp\/v2\/media?parent=159"}],"curies":[{"name":"wp","href":"https:\/\/api.w.org\/{rel}","templated":true}]}}