{"id":149,"date":"2014-07-31T14:53:51","date_gmt":"2014-07-31T12:53:51","guid":{"rendered":"http:\/\/dieta-detox.org\/?page_id=149"},"modified":"2015-01-20T23:48:10","modified_gmt":"2015-01-20T21:48:10","slug":"detoxificacion-hepatica","status":"publish","type":"page","link":"https:\/\/dieta-detox.org\/en\/liver-detoxification","title":{"rendered":"liver detoxification"},"content":{"rendered":"<div id=\"attachment_151\" style=\"width: 295px\" class=\"wp-caption alignright\"><img loading=\"lazy\" decoding=\"async\" aria-describedby=\"caption-attachment-151\" class=\"size-full wp-image-151\" src=\"http:\/\/dieta-detox.org\/wp-content\/uploads\/detoxificacion-hepatica.png\" alt=\"Liver Detoxification\" width=\"285\" height=\"253\" \/><p id=\"caption-attachment-151\" class=\"wp-caption-text\">Liver Detoxification<\/p><\/div>\n<p>The <strong>liver detoxification<\/strong> It has become an increasingly important resource for numerous diets due to its magnificent results and the healthy benefits it brings to any treatment. Thus, taking into account the elimination of toxins from the liver when starting a diet will become<strong> the best strategy to lose weight and stay healthy<\/strong> at all times.<\/p>\n<p>The importance of liver detoxification is marked by <strong>the vital task that the liver has in human health<\/strong>. It should be noted that this organ fulfills numerous tasks related to, for example, cleaning the body or the immune system, so keeping it in perfect condition is essential to <strong>maintain proper health and be able to lose weight correctly<\/strong>and.<\/p>\n<h2>What is liver detoxification?<\/h2>\n<p>It is because of that <strong>the Detox diet places its emphasis on liver detoxification<\/strong>, which is nothing more than a set of habits and strategies that serve to purify the liver and ensure its proper functioning through the intake of some natural substances and the elimination of products that can harm the functioning of this organ.<\/p>\n<p>Thus, the first pillar of liver detoxification is <strong>a diet that includes many natural juices<\/strong>, raw vegetables such as artichokes, foods rich in vitamin C and a periodic fast that helps eliminate substances that are harmful to the liver. On the other hand, the second pillar should be based on the <strong>healthy lifestyle habits<\/strong>, completely eliminating substances such as coffee, alcohol or tobacco and maintaining a calm and balanced pace of life.<\/p>\n<p><strong>We recommend you<\/strong> that you try our <a title=\"Detoxification Test\" href=\"\/en\/?page_id=70\">detox test<\/a> to check if you should do a liver detoxification to cleanse your body.<\/p>\n<p>Thus, all these liver detoxification strategies serve to<strong> help in the Detox diet to lose weight<\/strong> improving body health levels and helping to create healthy habits that help keep the body in perfect condition, which is why liver detoxification has become a great resource for <strong>initiate and develop a dietary process<\/strong>.<\/p>\n\n<div style=\"font-size: 0px; height: 0px; line-height: 0px; margin: 0; padding: 0; clear: both;\"><\/div>","protected":false},"excerpt":{"rendered":"<p>La detoxificaci\u00f3n hep\u00e1tica se ha convertido en un recurso cada vez m\u00e1s importante para numerosas dietas por sus magn\u00edficos resultados y los saludables beneficios que aporta a cualquier tratamiento. As\u00ed, tener en cuenta la eliminaci\u00f3n de toxinas del h\u00edgado al comenzar una dieta va a convertirse en la mejor estrategia para conseguir perder peso y [&hellip;]<\/p>\n","protected":false},"author":1,"featured_media":0,"parent":0,"menu_order":0,"comment_status":"open","ping_status":"closed","template":"template-full-width.php","meta":{"footnotes":""},"class_list":["post-149","page","type-page","status-publish","hentry"],"_links":{"self":[{"href":"https:\/\/dieta-detox.org\/en\/wp-json\/wp\/v2\/pages\/149","targetHints":{"allow":["GET"]}}],"collection":[{"href":"https:\/\/dieta-detox.org\/en\/wp-json\/wp\/v2\/pages"}],"about":[{"href":"https:\/\/dieta-detox.org\/en\/wp-json\/wp\/v2\/types\/page"}],"author":[{"embeddable":true,"href":"https:\/\/dieta-detox.org\/en\/wp-json\/wp\/v2\/users\/1"}],"replies":[{"embeddable":true,"href":"https:\/\/dieta-detox.org\/en\/wp-json\/wp\/v2\/comments?post=149"}],"version-history":[{"count":5,"href":"https:\/\/dieta-detox.org\/en\/wp-json\/wp\/v2\/pages\/149\/revisions"}],"predecessor-version":[{"id":299,"href":"https:\/\/dieta-detox.org\/en\/wp-json\/wp\/v2\/pages\/149\/revisions\/299"}],"wp:attachment":[{"href":"https:\/\/dieta-detox.org\/en\/wp-json\/wp\/v2\/media?parent=149"}],"curies":[{"name":"wp","href":"https:\/\/api.w.org\/{rel}","templated":true}]}}