{"id":111,"date":"2014-07-06T22:45:49","date_gmt":"2014-07-06T20:45:49","guid":{"rendered":"http:\/\/dieta-detox.org\/?page_id=111"},"modified":"2014-07-08T08:31:29","modified_gmt":"2014-07-08T06:31:29","slug":"disclaimer","status":"publish","type":"page","link":"https:\/\/dieta-detox.org\/en\/disclaimer","title":{"rendered":"Disclaimer"},"content":{"rendered":"<h2 style=\"color: #000000;\">Informaci\u00f3n sobre cookies<\/h2>\n<p style=\"color: #000000;\"><b>1. Qu\u00e9 son las cookies y por qu\u00e9 las utilizamos en la web de Dieta Detox<\/b><\/p>\n<p style=\"color: #000000;\">Um cookie \u00e9 um arquivo que \u00e9 baixado para o dispositivo do usu\u00e1rio para ter acesso a determinadas p\u00e1ginas da web para armazenar e recuperar informa\u00e7\u00f5es sobre a navega\u00e7\u00e3o que \u00e9 realizado a partir de computador.<\/p>\n<p style=\"color: #000000;\">Os Cookies da web, entre outras coisas, armazenar e recuperar informa\u00e7\u00f5es sobre as decis\u00f5es e os h\u00e1bitos do usu\u00e1rio. A dieta Detox que n\u00f3s usamos para personalizar a experi\u00eancia dentro dos nossos web sites, identificar e recordar ao usu\u00e1rio registrado e facilitar a navega\u00e7\u00e3o.<\/p>\n<p style=\"color: #000000;\">\u00c9 importante observar que o uso de cookies n\u00e3o fornecer dados pessoais do usu\u00e1rio, que de cara a desintoxica\u00e7\u00e3o dieta permanece an\u00f4nimo.<\/p>\n<p style=\"color: #000000;\">O usu\u00e1rio pode configurar o seu navegador para n\u00e3o aceitar o uso de cookies, caso em que a personaliza\u00e7\u00e3o da experi\u00eancia n\u00e3o se aplica mesmo se voc\u00ea ainda pode acessar o conte\u00fado de nossos websites com normalidade.<\/p>\n<p style=\"color: #000000;\">Na p\u00e1gina da Wikipedia (<a style=\"color: #6f9300;\" href=\"http:\/\/es.wikipedia.org\/wiki\/Cookie_(inform%C3%A1tica)\" target=\"_blank\" rel=\"noopener\">http:\/\/es.wikipedia.org\/wiki\/Cookie_(inform\u00e1tica)<\/a>) \u00e9 poss\u00edvel obter mais informa\u00e7\u00f5es sobre o assunto com os cookies e como eles funcionam<\/p>\n<p style=\"color: #000000;\"><b>2. \u00bfQu\u00e9 tipo de cookies utilizan la\u00a0web de Dieta Detox?<\/b><\/p>\n<p style=\"color: #000000;\">Las Cookies, en funci\u00f3n de su permanencia, pueden dividirse en Cookies de sesi\u00f3n o permanentes. Las primeras expiran cuando el usuario cierra el navegador. Las segundas expiran en funci\u00f3n cuando se cumpla el objetivo para el que sirven (por ejemplo, para que el usuario se mantenga identificado en las webs y servicios de Dieta Detox) o bien cuando se borran manualmente.<\/p>\n<p style=\"color: #000000;\">Adicionalmente, en funci\u00f3n de su objetivo, las Cookies pueden clasificarse de la siguiente forma:<\/p>\n<p style=\"color: #000000;\"><strong><em>\u00b7 Cookies de rendimiento:<\/em><\/strong>\u00a0este tipo de Cookie recuerda sus preferencias para las herramientas que se encuentran en los servicios, por lo que no tiene que volver a configurar el servicio cada vez que usted visita. A modo de ejemplo, en esta tipolog\u00eda se incluyen:<\/p>\n<p>&nbsp;<\/p>\n<ul style=\"color: #000000;\">\n<ul style=\"color: #000000;\">\n<li>Ajustes de volumen de reproductores de v\u00eddeo o sonido.<\/li>\n<\/ul>\n<\/ul>\n<p>&nbsp;<\/p>\n<ul style=\"color: #000000;\">\n<ul style=\"color: #000000;\">\n<li>Las velocidades de transmisi\u00f3n de v\u00eddeo que sean compatibles con su navegador.<\/li>\n<\/ul>\n<\/ul>\n<p>&nbsp;<\/p>\n<p style=\"color: #000000;\"><strong>\u00b7\u00a0<em>Cookies de geolocalizaci\u00f3n:<\/em><\/strong>\u00a0estas Cookies son utilizadas para averiguar en qu\u00e9 pa\u00eds se encuentra cuando se solicita una web o servicio. Esta Cookie es totalmente an\u00f3nima, y s\u00f3lo se utiliza para ayudar a orientar el contenido a su ubicaci\u00f3n.<\/p>\n<p style=\"color: #000000;\"><strong>\u00b7\u00a0<em>Cookies de registro:<\/em><\/strong>\u00a0las Cookies de registro se generan una vez que el Usuario se ha registrado o posteriormente ha abierto su sesi\u00f3n, y se utilizan para identificarle en las web y servicios con los siguientes objetivos:<\/p>\n<p>&nbsp;<\/p>\n<ul style=\"color: #000000;\">\n<ul style=\"color: #000000;\">\n<li>Mantener al usuario identificado de forma que, si cierra un servicio o web, el navegador o el ordenador y en otro momento u otro d\u00eda vuelve a entrar en dicho servicio o web, seguir\u00e1 identificado, facilitando as\u00ed su navegaci\u00f3n sin tener que volver a identificarse. Esta funcionalidad se puede suprimir si el usuario pulsa la funcionalidad \u201cSalir\u201d, de forma que esta Cookie se elimina y la pr\u00f3xima vez que entre en la web el usuario tendr\u00e1 que iniciar sesi\u00f3n para estar identificado.<\/li>\n<\/ul>\n<\/ul>\n<p>&nbsp;<\/p>\n<ul style=\"color: #000000;\">\n<ul style=\"color: #000000;\">\n<li>Comprobar si el usuario est\u00e1 autorizado para acceder a ciertos servicios, por ejemplo, para participar en un concurso.<\/li>\n<\/ul>\n<\/ul>\n<p>&nbsp;<\/p>\n<ul style=\"color: #000000;\">\n<ul style=\"color: #000000;\">\n<li>Adicionalmente, algunos servicios pueden utilizar conectores de terceros tales como Facebook, Twitter o Google. Cuando el usuario se registra en un servicio con credenciales de una red social o sistema de identificaci\u00f3n de terceros, autoriza al mismo a guardar una cookie persistente que recuerda su identidad y le garantiza acceso a la web hasta que expira. El usuario puede borrar esta cookie y revocar el acceso a la web mediante redes sociales o sistema de identificaci\u00f3n de terceros actualizando sus preferencias en la red social que espec\u00edfica.<\/li>\n<\/ul>\n<\/ul>\n<p>&nbsp;<\/p>\n<p style=\"color: #000000;\"><strong>\u00b7\u00a0<em>Cookies de anal\u00edtica:<\/em><\/strong>\u00a0Cada vez que un Usuario visita una Web o Servicio, una herramienta de un proveedor externo (Google Analytics, comScore y similares) genera una cookie anal\u00edtica en el dispositivo del usuario. Esta cookie que s\u00f3lo se genera en la visita, servir\u00e1 en pr\u00f3ximas visitas a los servicios de Dieta Detox\u00a0para identificar de forma an\u00f3nima al visitante. Los objetivos principales que se persiguen son:<\/p>\n<p>&nbsp;<\/p>\n<ul style=\"color: #000000;\">\n<ul style=\"color: #000000;\">\n<li>Permitir la identificaci\u00f3n an\u00f3nima de los usuarios navegantes a trav\u00e9s de la \u201cCookie\u201d (identifica navegadores y dispositivos, no personas) y por lo tanto la contabilizaci\u00f3n aproximada del n\u00famero de visitantes y su tendencia en el tiempo.<\/li>\n<\/ul>\n<\/ul>\n<p>&nbsp;<\/p>\n<ul style=\"color: #000000;\">\n<ul style=\"color: #000000;\">\n<li>Identificar de forma an\u00f3nima los contenidos m\u00e1s visitados y por lo tanto m\u00e1s atractivos para los usuarios<\/li>\n<\/ul>\n<\/ul>\n<p>&nbsp;<\/p>\n<ul style=\"color: #000000;\">\n<ul style=\"color: #000000;\">\n<li>Saber si el usuario que est\u00e1 accediendo es nuevo o repite visita.<\/li>\n<\/ul>\n<\/ul>\n<p>&nbsp;<\/p>\n<p style=\"color: #000000;\">Importante: Salvo que el Usuario decida registrarse en alguna web de\u00a0Dieta Detox, la cookie nunca ir\u00e1 asociada a ning\u00fan dato de car\u00e1cter personal que pueda identificarle. Dichas cookies s\u00f3lo ser\u00e1n utilizadas con prop\u00f3sitos estad\u00edsticos que ayuden a la optimizaci\u00f3n de la experiencia de los usuarios en el sitio.<\/p>\n<p style=\"color: #000000;\">M\u00e1s informaci\u00f3n sobre la pol\u00edtica de privacidad de estas herramientas de anal\u00edtica en:<br \/>\n<a style=\"color: #6f9300;\" href=\"http:\/\/www.google.es\/intl\/es\/analytics\/privacyoverview.html\" target=\"_blank\" rel=\"noopener\">Google Analytics<\/a><br \/>\n<a style=\"color: #6f9300;\" href=\"http:\/\/www.weblogssl.com\/www.comscore.com\/esl\/About_comScore\/Privacy_Policy\" target=\"_blank\" rel=\"noopener\">Comscore<\/a><\/p>\n<p style=\"color: #000000;\"><strong>\u00b7\u00a0<em>Cookies de publicidad:<\/em><\/strong>\u00a0este tipo de cookies permiten ampliar la informaci\u00f3n de los anuncios mostrados a cada usuario an\u00f3nimo en las webs de Dieta Detox\u00a0Entre otros, se almacena la duraci\u00f3n o frecuencia de visualizaci\u00f3n de posiciones publicitarias, la interacci\u00f3n con las mismas, o los patrones de navegaci\u00f3n y\/o comportamientos del usuario ya que ayudan a conformar un perfil de inter\u00e9s publicitario. De este modo, permiten ofrecer publicidad af\u00edn a los intereses del usuario.<\/p>\n<p style=\"color: #000000;\">Para la gesti\u00f3n de la publicidad de Dieta Detox\u00a0se utilizan herramientas de servicio de publicidad (<a style=\"color: #6f9300;\" href=\"http:\/\/es.wikipedia.org\/wiki\/Adserver\" target=\"_blank\" rel=\"noopener\">Adservers \u2013 http:\/\/es.wikipedia.org\/wiki\/Adserver\u201d)<\/a>\u00a0de terceros. Estos terceros pueden almacenar cookies enviadas desde las webs de Dieta Detox\u00a0procedentes de los navegadores de los usuarios, as\u00ed como acceder a los datos que en ellas se guardan.<br \/>\nLas empresas que generan estas Cookies tienen sus propias pol\u00edticas de privacidad.<\/p>\n<p style=\"color: #000000;\">En la actualidad, Dieta Detox\u00a0utiliza la plataforma Doubleclick de Google para gestionar estos servicios. Para m\u00e1s informaci\u00f3n, acuda a\u00a0<a style=\"color: #6f9300;\" href=\"http:\/\/www.google.es\/policies\/privacy\/ads\/#toc-doubleclick\" target=\"_blank\" rel=\"noopener\">http:\/\/www.google.es\/policies\/privacy\/ads\/#toc-doubleclick<\/a>\u00a0y a\u00a0<a style=\"color: #6f9300;\" href=\"http:\/\/www.google.es\/policies\/privacy\/ads\/\" target=\"_blank\" rel=\"noopener\">http:\/\/www.google.es\/policies\/privacy\/ads\/<\/a>.<\/p>\n<p style=\"color: #000000;\"><b>3. C\u00f3mo deshabilitar las cookies en el navegador<\/b><\/p>\n<p style=\"color: #000000;\">La mayor\u00eda de navegadores actualmente permiten al usuario configurar si desean aceptar cookies y cu\u00e1les de ellas. Estos ajustes normalmente se encuentra en las \u2018opciones\u2019 o \u2018Preferencias\u2019 del men\u00fa de su navegador.<\/p>\n<p style=\"color: #000000;\">Estas son las instrucciones para configurar las cookies en los principales navegadores:<\/p>\n<div style=\"color: #000000;\">\n<p>&nbsp;<\/p>\n<p><strong>Chrome:<\/strong>\u00a0Configuraci\u00f3n -&gt; Mostrar opciones avanzadas -&gt; Privacidad -&gt; Configuraci\u00f3n de contenido.<br \/>\nPara m\u00e1s informaci\u00f3n, puede consultar el soporte de Google o la Ayuda del navegador.<\/p>\n<p><strong>Firefox:<\/strong>\u00a0Herramientas -&gt; Opciones -&gt; Privacidad -&gt; Historial -&gt; Configuraci\u00f3n Personalizada.<br \/>\nPara m\u00e1s informaci\u00f3n, puede consultar el soporte de Mozilla o la Ayuda del navegador.<\/p>\n<p><strong>Internet Explorer:<\/strong>\u00a0Herramientas -&gt; Opciones de Internet -&gt; Privacidad -&gt; Configuraci\u00f3n.<br \/>\nPara m\u00e1s informaci\u00f3n, puede consultar el soporte de Microsoft o la Ayuda del navegador.<\/p>\n<p><strong>Safari:<\/strong>\u00a0Preferencias -&gt; Seguridad.<br \/>\nPara m\u00e1s informaci\u00f3n, puede consultar el soporte de Apple o la Ayuda del navegador.<\/p>\n<\/div>\n<p>&nbsp;<\/p>\n<h2>Pol\u00edtica de privacidad de Adsense<\/h2>\n<p><!--[wpfcNOT]--><\/p>\n\n<div style=\"font-size: 0px; height: 0px; line-height: 0px; margin: 0; padding: 0; clear: both;\"><\/div>","protected":false},"excerpt":{"rendered":"<p>Informaci\u00f3n sobre cookies 1. Qu\u00e9 son las cookies y por qu\u00e9 las utilizamos en la web de Dieta Detox Um cookie \u00e9 um arquivo que \u00e9 baixado para o dispositivo do usu\u00e1rio para ter acesso a determinadas p\u00e1ginas da web para armazenar e recuperar informa\u00e7\u00f5es sobre a navega\u00e7\u00e3o que \u00e9 realizado a partir de computador. [&hellip;]<\/p>\n","protected":false},"author":1,"featured_media":0,"parent":0,"menu_order":0,"comment_status":"closed","ping_status":"closed","template":"template-full-width.php","meta":{"footnotes":""},"class_list":["post-111","page","type-page","status-publish","hentry"],"_links":{"self":[{"href":"https:\/\/dieta-detox.org\/en\/wp-json\/wp\/v2\/pages\/111","targetHints":{"allow":["GET"]}}],"collection":[{"href":"https:\/\/dieta-detox.org\/en\/wp-json\/wp\/v2\/pages"}],"about":[{"href":"https:\/\/dieta-detox.org\/en\/wp-json\/wp\/v2\/types\/page"}],"author":[{"embeddable":true,"href":"https:\/\/dieta-detox.org\/en\/wp-json\/wp\/v2\/users\/1"}],"replies":[{"embeddable":true,"href":"https:\/\/dieta-detox.org\/en\/wp-json\/wp\/v2\/comments?post=111"}],"version-history":[{"count":3,"href":"https:\/\/dieta-detox.org\/en\/wp-json\/wp\/v2\/pages\/111\/revisions"}],"predecessor-version":[{"id":114,"href":"https:\/\/dieta-detox.org\/en\/wp-json\/wp\/v2\/pages\/111\/revisions\/114"}],"wp:attachment":[{"href":"https:\/\/dieta-detox.org\/en\/wp-json\/wp\/v2\/media?parent=111"}],"curies":[{"name":"wp","href":"https:\/\/api.w.org\/{rel}","templated":true}]}}