{"id":99,"date":"2014-07-03T18:29:25","date_gmt":"2014-07-03T16:29:25","guid":{"rendered":"http:\/\/dieta-detox.org\/?page_id=99"},"modified":"2014-07-03T18:30:35","modified_gmt":"2014-07-03T16:30:35","slug":"aviso-legal","status":"publish","type":"page","link":"https:\/\/dieta-detox.org\/ca\/avis-legal","title":{"rendered":"Av\u00eds legal"},"content":{"rendered":"<h2 style=\"color: #000000;\">Informaci\u00f3 sobre cookies<\/h2>\n<p style=\"color: #000000;\"><b>1. Qu\u00e8 s\u00f3n les cookies i per qu\u00e8 les utilitzem a la web de Dieta Detox<\/b><\/p>\n<p style=\"color: #000000;\">Una galeta \u00e9s un fitxer que es descarrega al dispositiu de l&#039;usuari en accedir a determinades p\u00e0gines web per emmagatzemar i recuperar informaci\u00f3 sobre la navegaci\u00f3 que s&#039;efectua des d&#039;aquest equip.<\/p>\n<p style=\"color: #000000;\">Les cookies permeten a aquesta web, entre altres coses, emmagatzemar i recuperar informaci\u00f3 sobre les decisions i els h\u00e0bits de l&#039;usuari. A Dieta Detox les utilitzem per personalitzar l&#039;experi\u00e8ncia dins de les nostres webs, identificar i recordar l&#039;usuari registrat i facilitar-ne la navegaci\u00f3.<\/p>\n<p style=\"color: #000000;\">\u00c9s important destacar que l&#039;\u00fas de galetes no proporciona dades personals de l&#039;usuari, que de cara a Dieta Detox roman an\u00f2nim.<\/p>\n<p style=\"color: #000000;\">L&#039;usuari pot configurar el seu navegador per no acceptar l&#039;\u00fas de cookies, i en aquest cas la personalitzaci\u00f3 de l&#039;experi\u00e8ncia no s&#039;aplicaria encara que s\u00ed que podr\u00e0 continuar accedint als continguts de les nostres webs amb normalitat.<\/p>\n<p style=\"color: #000000;\">A la p\u00e0gina de Wikipedia (<a style=\"color: #6f9300;\" href=\"http:\/\/es.wikipedia.org\/wiki\/Cookie_(inform%C3%A1tica)\" target=\"_blank\" rel=\"noopener\">http:\/\/es.wikipedia.org\/wiki\/Cookie_(inform\u00e0tica)<\/a>) \u00e9s possible obtenir m\u00e9s informaci\u00f3 sobre qu\u00e8 amb les galetes i com funcionen<\/p>\n<p style=\"color: #000000;\"><b>2. Quin tipus de galetes utilitzen la web de Dieta Detox?<\/b><\/p>\n<p style=\"color: #000000;\">Les galetes, en funci\u00f3 de la seva perman\u00e8ncia, poden dividir-se en galetes de sessi\u00f3 o permanents. Les primeres expiren quan l&#039;usuari tanca el navegador. Les segones expiren en funci\u00f3 quan es compleixi l&#039;objectiu per al que serveixen (per exemple, perqu\u00e8 l&#039;usuari es mantingui identificat als webs i serveis de Dieta Detox) o b\u00e9 quan s&#039;esborren manualment.<\/p>\n<p style=\"color: #000000;\">Addicionalment, en funci\u00f3 del seu objectiu, les galetes es poden classificar de la manera seg\u00fcent:<\/p>\n<p style=\"color: #000000;\"><strong><em>\u00b7 Cookies de rendiment:<\/em><\/strong>\u00a0aquest tipus de Cookie recorda les seves prefer\u00e8ncies per a les eines que es troben als serveis, per la qual cosa no ha de tornar a configurar el servei cada vegada que visiteu. A tall d&#039;exemple, en aquesta tipologia s&#039;inclouen:<\/p>\n<p>&nbsp;<\/p>\n<ul style=\"color: #000000;\">\n<ul style=\"color: #000000;\">\n<li>Configuraci\u00f3 de volum de reproductors de v\u00eddeo o so.<\/li>\n<\/ul>\n<\/ul>\n<p>&nbsp;<\/p>\n<ul style=\"color: #000000;\">\n<ul style=\"color: #000000;\">\n<li>Les velocitats de transmissi\u00f3 de v\u00eddeo que siguin compatibles amb el vostre navegador.<\/li>\n<\/ul>\n<\/ul>\n<p>&nbsp;<\/p>\n<p style=\"color: #000000;\"><strong>\u00b7\u00a0<em>Galetes de geolocalitzaci\u00f3:<\/em><\/strong>\u00a0aquestes galetes s\u00f3n utilitzades per esbrinar a quin pa\u00eds es troba quan se sol\u00b7licita una web o servei. Aquesta galeta \u00e9s totalment an\u00f2nima, i nom\u00e9s s&#039;utilitza per ajudar a orientar el contingut a la vostra ubicaci\u00f3.<\/p>\n<p style=\"color: #000000;\"><strong>\u00b7\u00a0<em>Cookies de registre:<\/em><\/strong>\u00a0les galetes de registre es generen una vegada que l&#039;usuari s&#039;ha registrat o posteriorment ha obert la sessi\u00f3, i s&#039;utilitzen per identificar-lo a la web i als serveis amb els objectius seg\u00fcents:<\/p>\n<p>&nbsp;<\/p>\n<ul style=\"color: #000000;\">\n<ul style=\"color: #000000;\">\n<li>Mantenir l&#039;usuari identificat de manera que, si tanqueu un servei o web, el navegador o l&#039;ordinador i en un altre moment o un altre dia torneu a entrar en aquest servei o web, seguireu identificat, facilitant aix\u00ed la vostra navegaci\u00f3 sense haver de tornar-vos a identificar. Aquesta funcionalitat es pot suprimir si l&#039;usuari prem la funcionalitat \u201cSortir\u201d, de manera que aquesta Cookie s&#039;elimina i la propera vegada que entri al web l&#039;usuari haur\u00e0 d&#039;iniciar sessi\u00f3 per estar identificat.<\/li>\n<\/ul>\n<\/ul>\n<p>&nbsp;<\/p>\n<ul style=\"color: #000000;\">\n<ul style=\"color: #000000;\">\n<li>Comproveu si l&#039;usuari est\u00e0 autoritzat per accedir a certs serveis, per exemple, per participar en un concurs.<\/li>\n<\/ul>\n<\/ul>\n<p>&nbsp;<\/p>\n<ul style=\"color: #000000;\">\n<ul style=\"color: #000000;\">\n<li>Addicionalment, alguns serveis poden utilitzar connectors de tercers com Facebook, Twitter o Google. Quan l&#039;usuari es registra en un servei amb credencials d&#039;una xarxa social o sistema d&#039;identificaci\u00f3 de tercers, autoritza a guardar una galeta persistent que recorda la seva identitat i li garanteix acc\u00e9s a la web fins que expira. L&#039;usuari pot esborrar aquesta galeta i revocar l&#039;acc\u00e9s a la web mitjan\u00e7ant xarxes socials o sistema d&#039;identificaci\u00f3 de tercers actualitzant les prefer\u00e8ncies a la xarxa social que espec\u00edfica.<\/li>\n<\/ul>\n<\/ul>\n<p>&nbsp;<\/p>\n<p style=\"color: #000000;\"><strong>\u00b7\u00a0<em>Galetes d&#039;anal\u00edtica:<\/em><\/strong>\u00a0Cada vegada que un Usuari visita una Web o Servei, una eina d&#039;un prove\u00efdor extern (Google Analytics, comScore i similars) genera una galeta anal\u00edtica al dispositiu de l&#039;usuari. Aquesta galeta que nom\u00e9s es genera a la visita, servir\u00e0 en properes visites als serveis de Dieta Detox per identificar de forma an\u00f2nima el visitant. Els objectius principals que es persegueixen s\u00f3n:<\/p>\n<p>&nbsp;<\/p>\n<ul style=\"color: #000000;\">\n<ul style=\"color: #000000;\">\n<li>Permetre la identificaci\u00f3 an\u00f2nima dels usuaris navegants a trav\u00e9s de la \u201cCookie\u201d (identifica navegadors i dispositius, no persones) i per tant la comptabilitzaci\u00f3 aproximada del nombre de visitants i la seva tend\u00e8ncia en el temps.<\/li>\n<\/ul>\n<\/ul>\n<p>&nbsp;<\/p>\n<ul style=\"color: #000000;\">\n<ul style=\"color: #000000;\">\n<li>Identificar de forma an\u00f2nima els continguts m\u00e9s visitats i per tant m\u00e9s atractius per als usuaris<\/li>\n<\/ul>\n<\/ul>\n<p>&nbsp;<\/p>\n<ul style=\"color: #000000;\">\n<ul style=\"color: #000000;\">\n<li>Saber si lusuari que est\u00e0 accedint \u00e9s nou o repeteix visita.<\/li>\n<\/ul>\n<\/ul>\n<p>&nbsp;<\/p>\n<p style=\"color: #000000;\">Important: Llevat que l&#039;Usuari decideixi registrar-se en alguna web de Dieta Detox, la galeta mai no anir\u00e0 associada a cap dada de car\u00e0cter personal que pugui identificar-vos. Aquestes galetes nom\u00e9s seran utilitzades amb prop\u00f2sits estad\u00edstics que ajudin a l&#039;optimitzaci\u00f3 de l&#039;experi\u00e8ncia dels usuaris al lloc.<\/p>\n<p style=\"color: #000000;\">M\u00e9s informaci\u00f3 sobre la pol\u00edtica de privadesa d&#039;aquestes eines d&#039;anal\u00edtica a:<br \/>\n<a style=\"color: #6f9300;\" href=\"http:\/\/www.google.es\/intl\/es\/analytics\/privacyoverview.html\" target=\"_blank\" rel=\"noopener\">Google Analytics<\/a><br \/>\n<a style=\"color: #6f9300;\" href=\"http:\/\/www.weblogssl.com\/www.comscore.com\/esl\/About_comScore\/Privacy_Policy\" target=\"_blank\" rel=\"noopener\">Comscore<\/a><\/p>\n<p style=\"color: #000000;\"><strong>\u00b7\u00a0<em>Cookies de publicitat:<\/em><\/strong>\u00a0aquest tipus de cookies permeten ampliar la informaci\u00f3 dels anuncis mostrats a cada usuari an\u00f2nim a les webs de Dieta Detox Entre altres, s&#039;emmagatzema la durada o freq\u00fc\u00e8ncia de visualitzaci\u00f3 de posicions publicit\u00e0ries, la interacci\u00f3 amb aquestes, o els patrons de navegaci\u00f3 i\/ o comportaments de lusuari ja que ajuden a conformar un perfil dinter\u00e8s publicitari. D&#039;aquesta manera permeten oferir publicitat af\u00ed als interessos de l&#039;usuari.<\/p>\n<p style=\"color: #000000;\">Per a la gesti\u00f3 de la publicitat de Dieta Detox s&#039;utilitzen eines de servei de publicitat (<a style=\"color: #6f9300;\" href=\"http:\/\/es.wikipedia.org\/wiki\/Adserver\" target=\"_blank\" rel=\"noopener\">Adservers \u2013 http:\/\/es.wikipedia.org\/wiki\/Adserver\u201d)<\/a>\u00a0de tercers. Aquests tercers poden emmagatzemar cookies enviades des dels webs de Dieta Detox procedents dels navegadors dels usuaris, aix\u00ed com accedir a les dades que s&#039;hi guarden.<br \/>\nLes empreses que generen aquestes galetes tenen les seves pr\u00f2pies pol\u00edtiques de privadesa.<\/p>\n<p style=\"color: #000000;\">Actualment, Dieta Detox utilitza la plataforma Doubleclick de Google per gestionar aquests serveis. Per a m\u00e9s informaci\u00f3, aneu a\u00a0<a style=\"color: #6f9300;\" href=\"http:\/\/www.google.es\/policies\/privacy\/ads\/#toc-doubleclick\" target=\"_blank\" rel=\"noopener\">http:\/\/www.google.es\/policies\/privacy\/ads\/#toc-doubleclick<\/a>\u00a0ja\u00a0<a style=\"color: #6f9300;\" href=\"http:\/\/www.google.es\/policies\/privacy\/ads\/\" target=\"_blank\" rel=\"noopener\">http:\/\/www.google.es\/policies\/privacy\/ads\/<\/a>.<\/p>\n<p style=\"color: #000000;\"><b>3. Com deshabilitar les cookies al navegador<\/b><\/p>\n<p style=\"color: #000000;\">La majoria de navegadors actualment permeten a l&#039;usuari configurar si desitgen acceptar cookies i quines. Aquests par\u00e0metres normalment es troben a les &#039;opcions&#039; o &#039;Prefer\u00e8ncies&#039; del men\u00fa del vostre navegador.<\/p>\n<p style=\"color: #000000;\">Aquestes s\u00f3n les instruccions per configurar les cookies als principals navegadors:<\/p>\n<div style=\"color: #000000;\">\n<p>&nbsp;<\/p>\n<p><strong>Chrome:<\/strong>\u00a0Configuraci\u00f3 -&gt; Mostra opcions avan\u00e7ades -&gt; Privadesa -&gt; Configuraci\u00f3 de contingut.<br \/>\nPer a m\u00e9s informaci\u00f3, podeu consultar el suport de Google o l&#039;Ajuda del navegador.<\/p>\n<p><strong>Firefox:<\/strong>\u00a0Eines -&gt; Opcions -&gt; Privadesa -&gt; Historial -&gt; Configuraci\u00f3 Personalitzada.<br \/>\nPer a m\u00e9s informaci\u00f3, podeu consultar el suport de Mozilla o l&#039;Ajuda del navegador.<\/p>\n<p><strong>Internet Explorer:<\/strong>\u00a0Eines -&gt; Opcions d&#039;Internet -&gt; Privadesa -&gt; Configuraci\u00f3.<br \/>\nPer a m\u00e9s informaci\u00f3, podeu consultar el suport de Microsoft o l&#039;Ajuda del navegador.<\/p>\n<p><strong>Safari:<\/strong>\u00a0Prefer\u00e8ncies -&gt; Seguretat.<br \/>\nPer a m\u00e9s informaci\u00f3, podeu consultar el suport d&#039;Apple o l&#039;Ajuda del navegador.<\/p>\n<\/div>\n<p>&nbsp;<\/p>\n<h2>Pol\u00edtica de privadesa d&#039;Adsense<\/h2>\n<p><!-- adsenseprivacypolicy --><\/p>\n\n<div style=\"font-size: 0px; height: 0px; line-height: 0px; margin: 0; padding: 0; clear: both;\"><\/div>","protected":false},"excerpt":{"rendered":"<p>Informaci\u00f3n sobre cookies 1. Qu\u00e9 son las cookies y por qu\u00e9 las utilizamos en la web de Dieta Detox Una cookie es un fichero que se descarga en el dispositivo del usuario al acceder a determinadas p\u00e1ginas web para almacenar y recuperar informaci\u00f3n sobre la navegaci\u00f3n que se efect\u00faa desde dicho equipo. Las cookies permiten [&hellip;]<\/p>\n","protected":false},"author":1,"featured_media":0,"parent":0,"menu_order":0,"comment_status":"closed","ping_status":"closed","template":"template-full-width.php","meta":{"footnotes":""},"class_list":["post-99","page","type-page","status-publish","hentry"],"_links":{"self":[{"href":"https:\/\/dieta-detox.org\/ca\/wp-json\/wp\/v2\/pages\/99","targetHints":{"allow":["GET"]}}],"collection":[{"href":"https:\/\/dieta-detox.org\/ca\/wp-json\/wp\/v2\/pages"}],"about":[{"href":"https:\/\/dieta-detox.org\/ca\/wp-json\/wp\/v2\/types\/page"}],"author":[{"embeddable":true,"href":"https:\/\/dieta-detox.org\/ca\/wp-json\/wp\/v2\/users\/1"}],"replies":[{"embeddable":true,"href":"https:\/\/dieta-detox.org\/ca\/wp-json\/wp\/v2\/comments?post=99"}],"version-history":[{"count":3,"href":"https:\/\/dieta-detox.org\/ca\/wp-json\/wp\/v2\/pages\/99\/revisions"}],"predecessor-version":[{"id":102,"href":"https:\/\/dieta-detox.org\/ca\/wp-json\/wp\/v2\/pages\/99\/revisions\/102"}],"wp:attachment":[{"href":"https:\/\/dieta-detox.org\/ca\/wp-json\/wp\/v2\/media?parent=99"}],"curies":[{"name":"wp","href":"https:\/\/api.w.org\/{rel}","templated":true}]}}