{"id":8383,"date":"2017-11-13T12:28:32","date_gmt":"2017-11-13T10:28:32","guid":{"rendered":"https:\/\/en.dieta-detox.org?page_id=8383"},"modified":"2017-11-13T12:28:32","modified_gmt":"2017-11-13T10:28:32","slug":"las-dietas-detox-lo-mejor-para-adelgazar","status":"publish","type":"page","link":"https:\/\/dieta-detox.org\/ca\/les-dietes-detox-lo-millor-per-aprimar-se","title":{"rendered":"Les dietes d\u00e9tox, el millor per aprimar-se"},"content":{"rendered":"<p>Com b\u00e9 sabem, la dieta d\u00e9tox \u00e9s realment coneguda per les seves propietats per desintoxicar el nostre cos, les quals s\u00f3n realment important i bones al nostre cos, per\u00f2 \u00bf<strong>les dietes d\u00e9tox serveixen per aprimar-se<\/strong>? Aix\u00f2 \u00e9s una pregunta que normalment les persones es fan abans prendre aquesta dieta com a part de la seva rutina per poder aprimar-se. \u00c9s important recalcar que aprimar-se no \u00e9s l&#039;\u00fanic gran benefici que obtenen les persones amb aquesta dieta, \u00e9s per aix\u00f2 que el dia d&#039;avui t&#039;estarem explicant per qu\u00e8 les dietes d\u00e9tox serveixen per aprimar-se.<\/p>\n<h2><strong>Raons per fer la dieta d\u00e9tox per aprimar-se<\/strong><\/h2>\n<ol>\n<li><strong>S\u00f3n excel\u00b7lents per eliminar la retenci\u00f3 de l\u00edquid<\/strong><\/li>\n<\/ol>\n<p>Efectivament les dietes d\u00e9tox posen una propietat \u00fanica al moment d&#039;eliminar la retenci\u00f3 de l\u00edquid el que fa que sigui un factor determinant \u00e9s poder aprimar-se. Aix\u00ed mateix, un dels principals canvis que es pot notar al moment de fer dieta \u00e9s el de la retenci\u00f3 de l\u00edquid, ja que aquest es pot notar en les primeres setmanes de la dieta.<\/p>\n<ol start=\"2\">\n<li><strong>\u00c9s la millor dieta per desintoxicar-nos.<\/strong><\/li>\n<\/ol>\n<p>Com b\u00e9 sabem les dietes d\u00e9tox per aprimar-se s\u00f3n realment bones, i aix\u00f2 \u00e9s degut a les seves propietats de desintoxicaci\u00f3, ja que normalment el cos realitza l&#039;eliminaci\u00f3 natural de toxines que afecten el nostre organisme, amb una dieta d\u00e9tox tindr\u00e0s l&#039;oportunitat que aquest proc\u00e9s de desintoxicaci\u00f3 natural es pugui accelerar, per tant, els sistemes d&#039;evacuaci\u00f3 tamb\u00e9 s&#039;acceleren, la qual cosa ser\u00e0 un gran aliat per baixar de pes.<\/p>\n<ol start=\"3\">\n<li><strong>Aprimar-se de forma natural amb les dietes d\u00e9tox<\/strong><\/li>\n<\/ol>\n<p>Com b\u00e9 sabem en l&#039;actualitat hi ha una gran quantitat de dietes que prometen causar efectes immediats al teu cos, que promocionen baixar de pes en molt pocs dies, per\u00f2, normalment aquestes dietes que serveixen per baixar de pes de forma radical sempre van acompanyades d&#039;un additiu qu\u00edmic o suplement amb pastilles o crema greixos, la qual cosa tendeixen a ser realment nocius per a la salut, i \u00e9s que els efectes secundaris d&#039;aquests no es veuen en el present, per\u00f2 a futur les complicacions poden ser m\u00e9s grans, quant a les dietes d\u00e9tox s\u00f3n una manera natural i senzilla de poder cremar greix, ja que treballen de la m\u00e0 amb els \u00f2rgans encarregats en l&#039;eliminaci\u00f3 de la toxines, per fer que aquest proc\u00e9s es realitzi d&#039;una manera m\u00e9s r\u00e0pida.<\/p>\n\n<div style=\"font-size: 0px; height: 0px; line-height: 0px; margin: 0; padding: 0; clear: both;\"><\/div>","protected":false},"excerpt":{"rendered":"<p>Como bien sabemos, la dieta d\u00e9tox es realmente conocida por sus propiedades para desintoxicar nuestro cuerpo, las cuales son realmente importante y buenas e nuestro cuerpo, pero \u00bflas dietas d\u00e9tox sirven para adelgazar? Eso es una pregunta que normalmente las personas se realizan antes tomar esta dieta como parte de su rutina para poder adelgazar. [&hellip;]<\/p>\n","protected":false},"author":1,"featured_media":8384,"parent":0,"menu_order":0,"comment_status":"closed","ping_status":"closed","template":"","meta":{"footnotes":""},"class_list":["post-8383","page","type-page","status-publish","has-post-thumbnail","hentry"],"_links":{"self":[{"href":"https:\/\/dieta-detox.org\/ca\/wp-json\/wp\/v2\/pages\/8383","targetHints":{"allow":["GET"]}}],"collection":[{"href":"https:\/\/dieta-detox.org\/ca\/wp-json\/wp\/v2\/pages"}],"about":[{"href":"https:\/\/dieta-detox.org\/ca\/wp-json\/wp\/v2\/types\/page"}],"author":[{"embeddable":true,"href":"https:\/\/dieta-detox.org\/ca\/wp-json\/wp\/v2\/users\/1"}],"replies":[{"embeddable":true,"href":"https:\/\/dieta-detox.org\/ca\/wp-json\/wp\/v2\/comments?post=8383"}],"version-history":[{"count":1,"href":"https:\/\/dieta-detox.org\/ca\/wp-json\/wp\/v2\/pages\/8383\/revisions"}],"predecessor-version":[{"id":8387,"href":"https:\/\/dieta-detox.org\/ca\/wp-json\/wp\/v2\/pages\/8383\/revisions\/8387"}],"wp:featuredmedia":[{"embeddable":true,"href":"https:\/\/dieta-detox.org\/ca\/wp-json\/wp\/v2\/media\/8384"}],"wp:attachment":[{"href":"https:\/\/dieta-detox.org\/ca\/wp-json\/wp\/v2\/media?parent=8383"}],"curies":[{"name":"wp","href":"https:\/\/api.w.org\/{rel}","templated":true}]}}