{"id":8376,"date":"2017-11-13T12:17:22","date_gmt":"2017-11-13T10:17:22","guid":{"rendered":"https:\/\/en.dieta-detox.org?page_id=8376"},"modified":"2017-11-13T12:20:04","modified_gmt":"2017-11-13T10:20:04","slug":"receta-de-tortitas-detox-preparacion-y-ventajas","status":"publish","type":"page","link":"https:\/\/dieta-detox.org\/ca\/recepta-de-tortitas-detox-preparacion-i-avantatges","title":{"rendered":"Recepta de tortitas detox, preparaci\u00f3 i avantatges"},"content":{"rendered":"<p>Abans d&#039;entrar a la recepta de tortitas detox, per comen\u00e7ar hem de definir que s\u00f3n les dietes d\u00e9tox, i \u00e9s que d\u00e9tox \u00e9s la manera abreujada de dir desintoxicaci\u00f3, per tant les dietes d\u00e9tox busquen poder desintoxicar el cos d&#039;agents t\u00f2xics potencialment perillosos pel nostre organisme, aquest tipus d&#039;eliminaci\u00f3 es realitza per a una zona en espec\u00edfica, com ara netejar el fetge, c\u00f2lon o sistema digestiu. En aquest tipus de dietes hi ha una infinitat de receptes que permetran menjar sa i sabor\u00f3s entre aquestes estan les <strong>tortitas d\u00e9tox <\/strong>les quals estarem explicant la seva preparaci\u00f3 i atorgant-te els avantatges que aquestes coques portaran al teu organisme.<\/p>\n<p>Com prepara les tortitas D\u00e9tox d&#039;espinac<\/p>\n<h2><strong>Ingredients del Past\u00eds de tortitas d\u00e9tox<\/strong><\/h2>\n<ul>\n<li>2 grapat d&#039;espinacs<\/li>\n<li>2 ou<\/li>\n<li>6 clares<\/li>\n<li>60gr de farina integral de civada<\/li>\n<li>2 sobre &#039;d\u00e9tox&#039;<\/li>\n<li>2 cullerada de llavors de ch\u00eda<\/li>\n<li>Topping: melmelada de cireres casolana i xarop de xocolata<\/li>\n<\/ul>\n<h3><strong>Preparaci\u00f3<\/strong><\/h3>\n<ul>\n<li>S&#039;ingressen tots els ingredients en un processador d&#039;aliments, menys els ingredients del topping<\/li>\n<li>En una paella antiadherent preferiblement col\u00b7loquem una mica d&#039;oli i col\u00b7loquem la barreja en forma de tortitas.<\/li>\n<li>Despr\u00e9s col\u00b7loquem el topping de melmelada per sobre de la coca i bon profit.<\/li>\n<\/ul>\n<p>Com prepara les coquetes D\u00e9tox de br\u00f2quil i pastanaga<\/p>\n<ul>\n<li>125 grs. de br\u00f2quil<\/li>\n<li>125 grs. de pastanaga<\/li>\n<li>2 ous petits<\/li>\n<li>1 cda. d&#039;oli d&#039;oliva<\/li>\n<li>Julivert<\/li>\n<li>Sal i pebre<\/li>\n<\/ul>\n<h3><strong>Preparaci\u00f3<\/strong><\/h3>\n<ol>\n<li>Has de netejar, tallar i posar a bullir les verdures, que estovin una mica. Despr\u00e9s col\u00b7locar-los en una enciamera amb el julivert ja picat.<\/li>\n<li>Bateu els ous i barregeu els altres ingredients.<\/li>\n<li>Preescalfar el forn a 150\u00b0<\/li>\n<li>Preparar una safata amb paper vegetal i afegir oli, per despr\u00e9s col\u00b7locar els munts de la barreja. Enfornar per aproximadament 15 min.<\/li>\n<\/ol>\n<h2><strong>Quins s\u00f3n els principals avantatges de les tortitas d\u00e9tox<\/strong><\/h2>\n<p>A continuaci\u00f3 us mostrem de manera m\u00e9s detallada la s\u00e8rie de beneficis i avantatges que suposen afegir les tortitas d\u00e9tox a la nostra dieta aliment\u00e0ria:<\/p>\n<ol>\n<li>Controlen la pressi\u00f3 arterial.<\/li>\n<li>Disminueix els riscos de l\u00e8rgia.<\/li>\n<li>Eviten el restrenyiment.<\/li>\n<li>Eviten la inflor tortitas d\u00e9tox<\/li>\n<li>Eviten els mals de cap.<\/li>\n<li>Incrementen els nivells denergia.<\/li>\n<li>Milloren l\u00b4estat an\u00edmic i la concentraci\u00f3.<\/li>\n<li>Milloren la digesti\u00f3.<\/li>\n<li>Optimitzen el sistema immunitari<\/li>\n<li>Redueixen les atraconades i l&#039;ansietat<\/li>\n<li>Regulen la gluc\u00e8mia i insulina.<\/li>\n<li>Regulen els triglic\u00e8rids i el colesterol.<\/li>\n<li>Aconseguir\u00e0s baixar de pes<\/li>\n<li>Tindr\u00e0s digestions m\u00e9s lleugeres<\/li>\n<li>Lluir\u00e0s una pell resplendent<\/li>\n<\/ol>\n<p>Pots trobar m\u00e9s receptes de tortitas a <a href=\"https:\/\/recetatortitas.es\" target=\"_blank\" rel=\"noopener\">Receptes Tortitas<\/a>, on hi ha de tot tipus i nivell.<\/p>\n\n<div style=\"font-size: 0px; height: 0px; line-height: 0px; margin: 0; padding: 0; clear: both;\"><\/div>","protected":false},"excerpt":{"rendered":"<p>Antes de entrar en la receta de tortitas detox, para comenzar debemos definir que son las dietas d\u00e9tox, y es que d\u00e9tox es la manera abreviada de decir desintoxicaci\u00f3n, por lo tanto las dietas d\u00e9tox buscan poder desintoxicar el cuerpo de agentes t\u00f3xicos potencialmente peligrosos para nuestro organismo, este tipo de eliminaci\u00f3n se realiza para [&hellip;]<\/p>\n","protected":false},"author":1,"featured_media":8377,"parent":0,"menu_order":0,"comment_status":"closed","ping_status":"closed","template":"","meta":{"footnotes":""},"class_list":["post-8376","page","type-page","status-publish","has-post-thumbnail","hentry"],"_links":{"self":[{"href":"https:\/\/dieta-detox.org\/ca\/wp-json\/wp\/v2\/pages\/8376","targetHints":{"allow":["GET"]}}],"collection":[{"href":"https:\/\/dieta-detox.org\/ca\/wp-json\/wp\/v2\/pages"}],"about":[{"href":"https:\/\/dieta-detox.org\/ca\/wp-json\/wp\/v2\/types\/page"}],"author":[{"embeddable":true,"href":"https:\/\/dieta-detox.org\/ca\/wp-json\/wp\/v2\/users\/1"}],"replies":[{"embeddable":true,"href":"https:\/\/dieta-detox.org\/ca\/wp-json\/wp\/v2\/comments?post=8376"}],"version-history":[{"count":3,"href":"https:\/\/dieta-detox.org\/ca\/wp-json\/wp\/v2\/pages\/8376\/revisions"}],"predecessor-version":[{"id":8382,"href":"https:\/\/dieta-detox.org\/ca\/wp-json\/wp\/v2\/pages\/8376\/revisions\/8382"}],"wp:featuredmedia":[{"embeddable":true,"href":"https:\/\/dieta-detox.org\/ca\/wp-json\/wp\/v2\/media\/8377"}],"wp:attachment":[{"href":"https:\/\/dieta-detox.org\/ca\/wp-json\/wp\/v2\/media?parent=8376"}],"curies":[{"name":"wp","href":"https:\/\/api.w.org\/{rel}","templated":true}]}}