{"id":8344,"date":"2016-09-13T18:42:01","date_gmt":"2016-09-13T16:42:01","guid":{"rendered":"http:\/\/dieta-detox.org\/?page_id=8344"},"modified":"2018-02-08T14:14:59","modified_gmt":"2018-02-08T12:14:59","slug":"te-detox-y-adelgazamiento","status":"publish","type":"page","link":"https:\/\/dieta-detox.org\/ca\/te-detox-i-aprimament","title":{"rendered":"Te Detox i aprimament"},"content":{"rendered":"<p align=\"justify\"><span style=\"font-size: medium;\"><img loading=\"lazy\" decoding=\"async\" class=\"alignright wp-image-8345\" src=\"https:\/\/en.dieta-detox.org\/wp-content\/uploads\/te-detox-adelgazamiento.jpg\" alt=\"te-detox-aprimament\" width=\"440\" height=\"294\" srcset=\"https:\/\/dieta-detox.org\/wp-content\/uploads\/te-detox-adelgazamiento.jpg 500w, https:\/\/dieta-detox.org\/wp-content\/uploads\/te-detox-adelgazamiento-300x200.jpg 300w\" sizes=\"auto, (max-width: 440px) 100vw, 440px\" \/>Si est\u00e0s intentant comen\u00e7ar amb un programa de desintoxicaci\u00f3, i alhora pretens baixar de pes, <\/span><span style=\"font-family: 'Times New Roman', serif;\"><span style=\"font-size: medium;\"><b>Te Detox i aprimament <\/b><\/span><\/span><span style=\"font-family: 'Times New Roman', serif;\"><span style=\"font-size: medium;\">\u00e9s ideal per assolir aquests objectius, ja que posseeixen propietats totalment naturals que ajuden l&#039;organisme, generant un increment del metabolisme i augmenta la possibilitat de perdre aquests quilos de m\u00e9s i eradicar totes aquestes toxines del cos. <\/span><\/span><\/p>\n<p align=\"justify\"><span style=\"font-size: large;\"><b>Qu\u00e8 \u00e9s Te Detox i aprimament?<\/b><\/span><\/p>\n<p align=\"justify\"><span style=\"font-size: medium;\">Consisteix en un te desintoxicant compost \u00fanicament per ingredients naturals, que ajuda a disminuir la sensaci\u00f3 de inflor i s&#039;aconsegueix perdre pes. <\/span><span style=\"font-family: 'Times New Roman', serif;\"><span style=\"font-size: medium;\"><b>Te Detox i aprimament <\/b><\/span><\/span><span style=\"font-family: 'Times New Roman', serif;\"><span style=\"font-size: medium;\">posseeix herbes entre les seves propietats que actuen mitjan\u00e7ant la purificaci\u00f3 i eliminaci\u00f3 d&#039;impureses i toxines que es troben a l&#039;organisme. A m\u00e9s, cadascun dels ingredients naturals que componen aquest producte han passat per un proc\u00e9s de selecci\u00f3 for\u00e7a estricte. <\/span><\/span><\/p>\n<p align=\"justify\"><span style=\"font-family: 'Times New Roman', serif;\"><span style=\"font-size: large;\"><b>Beneficis <\/b><\/span><\/span><\/p>\n<ul>\n<li>\n<p align=\"justify\"><span style=\"font-size: medium;\">Proposa un tractament complet de 28 dies per baixar de pes. <\/span><\/p>\n<\/li>\n<li>\n<p align=\"justify\"><span style=\"font-size: medium;\">Ofereix un tractament efectiu de 28 dies per purificar i desintoxicar el cos. <\/span><\/p>\n<\/li>\n<li>\n<p align=\"justify\"><span style=\"font-size: medium;\">En 56 dies podr\u00e0s assolir els teus objectius de manera natural, ja que els seus ingredients s\u00f3n 100% naturals i de bona qualitat.<\/span><\/p>\n<\/li>\n<li>\n<p align=\"justify\"><span style=\"font-size: medium;\"><b>Te Detox i aprimament <\/b><\/span><span style=\"font-family: 'Times New Roman', serif;\"><span style=\"font-size: medium;\">\u00e9s alt en vitamines i nutrients. <\/span><\/span><\/p>\n<\/li>\n<li>\n<p align=\"justify\"><span style=\"font-size: medium;\">Depura i rejoveneix l&#039;organisme. <\/span><\/p>\n<\/li>\n<li>\n<p align=\"justify\"><span style=\"font-size: medium;\">Enforteix el sistema immunol\u00f2gic.<\/span><\/p>\n<\/li>\n<li>\n<p align=\"justify\"><span style=\"font-size: medium;\">Aporta al proc\u00e9s de cremar greix i accelera el metabolisme.<\/span><\/p>\n<\/li>\n<li>\n<p align=\"justify\"><span style=\"font-size: medium;\">Ajuda a disminuir la sensaci\u00f3 de inflor i pesadesa.<\/span><\/p>\n<\/li>\n<\/ul>\n<p>&nbsp;<\/p>\n<p align=\"justify\"><span style=\"font-size: large;\"><b>Com preparar Te Detox i aprimament?<\/b><\/span><\/p>\n<p align=\"justify\"><a name=\"_GoBack\"><\/a> <span style=\"font-family: 'Times New Roman', serif;\"><span style=\"font-size: medium;\">Selecciona una bosseta de qualsevol dels tes que es troben dins del paquet, i submergeixi&#039;l en aigua bullint durant un temps de cinc minuts. Despr\u00e9s que s&#039;ha obtingut la infusi\u00f3 ja ho puc beure, a m\u00e9s si vols fer que el seu te ostenti un delici\u00f3s sabor, li pot afegir altres ingredients, com ara; mel, canyella o una rodanxa de llimona. <\/span><\/span><\/p>\n<p align=\"justify\"><span style=\"font-size: large;\"><b>Quant dura Te Detox i aprimament?<\/b><\/span><\/p>\n<p align=\"justify\"><span style=\"font-size: medium;\">Aquest producte est\u00e0 conformat per 28 bossetes de te que s&#039;han de prendre al mat\u00ed, i t\u00e9 14 bossetes per a la nit. Aquestes bossetes s\u00f3n presents en tots dos productes. Per la seva banda, el tractament per als matins s&#039;ha de consumir cada mat\u00ed, mentre que el te de nit \u00e9s indispensable beure&#039;l en horari nocturn de manera alterna, per exemple; una nit si i una altra no, aix\u00ed s&#039;aconseguir\u00e0 un tractament de 56 dies. <\/span><\/p>\n<p>&nbsp;<\/p>\n<p align=\"justify\"><span style=\"font-size: large;\"><b>\u00bfOrigina efectes secundaris?<\/b><\/span><\/p>\n<p align=\"justify\"><span style=\"font-size: medium;\">Els ingredients de <\/span><span style=\"font-family: 'Times New Roman', serif;\"><span style=\"font-size: medium;\"><b>Te Detox i aprimament <\/b><\/span><\/span><span style=\"font-family: 'Times New Roman', serif;\"><span style=\"font-size: medium;\">s\u00f3n totalment naturals, cosa que garanteix la salubritat dels consumidors i no suposa cap risc d&#039;efectes secundaris. Tot i aix\u00f2, no s&#039;aconsella que les dones embarassades o aquelles que es trobin en per\u00edode de lact\u00e0ncia consumeixin el producte. D&#039;altra banda, es recomana llegir els ingredients que t\u00e9 el producte per evitar aparici\u00f3 de qualsevol tipus d&#039;al\u00b7l\u00e8rgies.<\/span><\/span><\/p>\n<p align=\"justify\">\n\n<div style=\"font-size: 0px; height: 0px; line-height: 0px; margin: 0; padding: 0; clear: both;\"><\/div>","protected":false},"excerpt":{"rendered":"<p>Si est\u00e1s intentando en comenzar con un programa de desintoxicaci\u00f3n, y al mismo tiempo pretendes bajar de peso, T\u00e9 Detox y adelgazamiento es ideal para lograr estos objetivos, puesto a que poseen propiedades totalmente naturales que ayudan al organismo, generando un incremento del metabolismo y aumenta la posibilidad de perder esos kilos de m\u00e1s y [&hellip;]<\/p>\n","protected":false},"author":1,"featured_media":8345,"parent":0,"menu_order":0,"comment_status":"closed","ping_status":"closed","template":"","meta":{"footnotes":""},"class_list":["post-8344","page","type-page","status-publish","has-post-thumbnail","hentry"],"_links":{"self":[{"href":"https:\/\/dieta-detox.org\/ca\/wp-json\/wp\/v2\/pages\/8344","targetHints":{"allow":["GET"]}}],"collection":[{"href":"https:\/\/dieta-detox.org\/ca\/wp-json\/wp\/v2\/pages"}],"about":[{"href":"https:\/\/dieta-detox.org\/ca\/wp-json\/wp\/v2\/types\/page"}],"author":[{"embeddable":true,"href":"https:\/\/dieta-detox.org\/ca\/wp-json\/wp\/v2\/users\/1"}],"replies":[{"embeddable":true,"href":"https:\/\/dieta-detox.org\/ca\/wp-json\/wp\/v2\/comments?post=8344"}],"version-history":[{"count":4,"href":"https:\/\/dieta-detox.org\/ca\/wp-json\/wp\/v2\/pages\/8344\/revisions"}],"predecessor-version":[{"id":8391,"href":"https:\/\/dieta-detox.org\/ca\/wp-json\/wp\/v2\/pages\/8344\/revisions\/8391"}],"wp:featuredmedia":[{"embeddable":true,"href":"https:\/\/dieta-detox.org\/ca\/wp-json\/wp\/v2\/media\/8345"}],"wp:attachment":[{"href":"https:\/\/dieta-detox.org\/ca\/wp-json\/wp\/v2\/media?parent=8344"}],"curies":[{"name":"wp","href":"https:\/\/api.w.org\/{rel}","templated":true}]}}