{"id":8306,"date":"2016-08-24T13:42:08","date_gmt":"2016-08-24T11:42:08","guid":{"rendered":"http:\/\/dieta-detox.org\/?page_id=8306"},"modified":"2018-02-08T14:15:27","modified_gmt":"2018-02-08T12:15:27","slug":"te-detox-somatox","status":"publish","type":"page","link":"https:\/\/dieta-detox.org\/ca\/te-detox-somatox","title":{"rendered":"Te detox Somatox"},"content":{"rendered":"<p align=\"justify\"><span style=\"font-family: 'Times New Roman', serif;\"><span style=\"font-size: medium;\"><b>Te Somatox<\/b><\/span><\/span><span style=\"font-family: 'Times New Roman', serif;\"><span style=\"font-size: medium;\"> consisteix en un producte de desintoxicaci\u00f3 que entre les propietats nom\u00e9s cont\u00e9 plantes naturals. S&#039;usa especialment per alliberar o netejar el cos d&#039;aquelles toxines que sovint es troben al nostre organisme.<\/span><\/span><\/p>\n<p align=\"justify\"><span style=\"font-family: 'Times New Roman', serif;\"><span style=\"font-size: medium;\">El programa de <\/span><\/span><span style=\"font-family: 'Times New Roman', serif;\"><span style=\"font-size: medium;\"><b>Te Somatox <\/b><\/span><\/span><span style=\"font-family: 'Times New Roman', serif;\"><span style=\"font-size: medium;\">\u00e9s una de les millors opcions per desintoxicar i depurar el teu cos de manera natural, ja que et permetr\u00e0 eradicar les toxines de l&#039;organisme i et subministrar\u00e0 for\u00e7a energia, aix\u00ed com tamb\u00e9 neteja i restaura l&#039;equilibri natural del cos. <\/span><\/span><\/p>\n<p align=\"justify\"><span style=\"font-family: 'Times New Roman', serif;\"><span style=\"font-size: medium;\">Si combineu aquest producte amb una rutina d&#039;exercicis di\u00e0ria i una dieta equilibrada, sentireu que estareu ple d&#039;energia durant tot el dia, cosa que us produir\u00e0 aquesta sensaci\u00f3 de vigorositat i benestar. <\/span><\/span><\/p>\n<p align=\"justify\"><span style=\"font-family: 'Times New Roman', serif;\"><span style=\"font-size: large;\"><b>Avantatges de beure Te Somatox<\/b><\/span><\/span><\/p>\n<p align=\"justify\"><span style=\"font-family: 'Times New Roman', serif;\"><span style=\"font-size: medium;\">Per detallar els beneficis que brinda el <\/span><\/span><span style=\"font-family: 'Times New Roman', serif;\"><span style=\"font-size: medium;\"><b>Te Somatox, <\/b><\/span><\/span><span style=\"font-family: 'Times New Roman', serif;\"><span style=\"font-size: medium;\">a continuaci\u00f3 us mostrem una s\u00e8rie d&#039;avantatges que ofereix el programa:<img loading=\"lazy\" decoding=\"async\" class=\"alignright size-full wp-image-8307\" src=\"https:\/\/en.dieta-detox.org\/wp-content\/uploads\/te-somatox.jpeg\" alt=\"te-somatox\" width=\"500\" height=\"500\" srcset=\"https:\/\/dieta-detox.org\/wp-content\/uploads\/te-somatox.jpeg 500w, https:\/\/dieta-detox.org\/wp-content\/uploads\/te-somatox-300x300.jpeg 300w, https:\/\/dieta-detox.org\/wp-content\/uploads\/te-somatox-100x100.jpeg 100w, https:\/\/dieta-detox.org\/wp-content\/uploads\/te-somatox-150x150.jpeg 150w, https:\/\/dieta-detox.org\/wp-content\/uploads\/te-somatox-480x480.jpeg 480w, https:\/\/dieta-detox.org\/wp-content\/uploads\/te-somatox-200x200.jpeg 200w\" sizes=\"auto, (max-width: 500px) 100vw, 500px\" \/><\/span><\/span><\/p>\n<ul>\n<li>\n<p align=\"justify\"><span style=\"font-family: 'Times New Roman', serif;\"><span style=\"font-size: medium;\">Elimina les toxines del teu cos.<\/span><\/span><\/p>\n<\/li>\n<li>\n<p align=\"justify\"><span style=\"font-family: 'Times New Roman', serif;\"><span style=\"font-size: medium;\">Disminueix la retenci\u00f3 daigua. <\/span><\/span><\/p>\n<\/li>\n<li>\n<p align=\"justify\"><span style=\"font-family: 'Times New Roman', serif;\"><span style=\"font-size: medium;\">Proporciona sensaci\u00f3 de benestar.<\/span><\/span><\/p>\n<\/li>\n<li>\n<p align=\"justify\"><span style=\"font-family: 'Times New Roman', serif;\"><span style=\"font-size: medium;\">Ajuda a eradicar la inflor.<\/span><\/span><\/p>\n<\/li>\n<li>\n<p align=\"justify\"><span style=\"font-family: 'Times New Roman', serif;\"><span style=\"font-size: medium;\">Els seus ingredients s\u00f3n naturals 100%.<\/span><\/span><\/p>\n<\/li>\n<li>\n<p align=\"justify\"><span style=\"font-family: 'Times New Roman', serif;\"><span style=\"font-size: medium;\">Restaureu l&#039;energia.<\/span><\/span><\/p>\n<\/li>\n<li>\n<p align=\"justify\"><span style=\"font-family: 'Times New Roman', serif;\"><span style=\"font-size: medium;\">Ajuda a la bona digesti\u00f3.<\/span><\/span><\/p>\n<\/li>\n<li>\n<p align=\"justify\"><span style=\"font-family: 'Times New Roman', serif;\"><span style=\"font-size: medium;\">Purifica, revifa i rejoveneix.<\/span><\/span><\/p>\n<\/li>\n<li>\n<p align=\"justify\"><span style=\"font-family: 'Times New Roman', serif;\"><span style=\"font-size: medium;\">Optimitza la qualitat del son.<\/span><\/span><a name=\"_GoBack\"><\/a><\/p>\n<\/li>\n<li>\n<p align=\"justify\"><a name=\"_GoBack\"><\/a><span style=\"font-family: 'Times New Roman', serif;\"><span style=\"font-size: medium;\">Podeu aportar per millorar la vostra figura. <\/span><\/span><\/p>\n<\/li>\n<\/ul>\n<p align=\"justify\"><span style=\"font-family: 'Times New Roman', serif;\"><span style=\"font-size: large;\"><b>Com funciona Te Somatox?<\/b><\/span><\/span><\/p>\n<p align=\"justify\"><span style=\"font-family: 'Times New Roman', serif;\"><span style=\"font-size: medium;\">En consumir el <\/span><\/span><span style=\"font-family: 'Times New Roman', serif;\"><span style=\"font-size: medium;\"><b>Te Somatox <\/b><\/span><\/span><span style=\"font-family: 'Times New Roman', serif;\"><span style=\"font-size: medium;\">conjuntament amb una rutina dexercicis i una dieta sana, vost\u00e8 podr\u00e0 sentir una sensaci\u00f3 de benestar, eliminar\u00e0 la sensaci\u00f3 de inflor i gaudir\u00e0 de lenergia suficient per realitzar les seves tasques. A m\u00e9s, tindreu la possibilitat d&#039;optimitzar la vostra figura d&#039;una forma natural, gr\u00e0cies als seus ingredients i els beneficis que ofereix. <\/span><\/span><\/p>\n<p align=\"justify\"><span style=\"font-family: 'Times New Roman', serif;\"><span style=\"font-size: medium;\">El tractament amb aquest te de desintoxicaci\u00f3 dura entre 14 i 28 dies, segons l&#039;opci\u00f3 que s&#039;ha demanat. La funci\u00f3 principal d&#039;aquest producte \u00e9s depurar el sistema digestiu per aix\u00ed restaurar l&#039;energia en el benestar en el consumidor, fins i tot les seves plantes -que s\u00f3n for\u00e7a usades en la medicina xinesa- brinden un efecte antiinflor i antiinflamatori. <\/span><\/span><\/p>\n<p align=\"justify\"><span style=\"font-family: 'Times New Roman', serif;\"><span style=\"font-size: medium;\">Aquest producte cont\u00e9 dos tes diferents. Un per ser pres al mat\u00ed i un altre per beure&#039;l cada dues nits, amb l&#039;objectiu d&#039;ajudar-te a netejar el c\u00f2lon. Cada bosseta ha de submergir-se en aigua bullint i deixar-les reposar durant tres o cinc minuts, despr\u00e9s de transc\u00f3rrer aquest temps podr\u00e0 retirar la bosseta. <\/span><\/span><\/p>\n<p align=\"justify\"><span style=\"font-family: 'Times New Roman', serif;\"><span style=\"font-size: large;\"><b>Com prendre el Te Somatox?<\/b><\/span><\/span><\/p>\n<p align=\"justify\"><span style=\"font-family: 'Times New Roman', serif;\"><span style=\"font-size: medium;\">El te del mat\u00ed cont\u00e9 de 14 a 28 bosses, segons la f\u00f3rmula seleccionada, i s&#039;ha de beure cada dia durant tot el tractament. <\/span><\/span><\/p>\n<p align=\"justify\"><span style=\"font-family: 'Times New Roman', serif;\"><span style=\"font-size: medium;\">El de la nit posseeix entre 7 a 14 sobresits, depenent del programa escollit, i s&#039;ha de consumir cada dues nits. <\/span><\/span><\/p>\n<p align=\"justify\"><span style=\"font-family: 'Times New Roman', serif;\"><span style=\"font-size: medium;\">Al <\/span><\/span><span style=\"font-family: 'Times New Roman', serif;\"><span style=\"font-size: medium;\"><b>Te Somatox <\/b><\/span><\/span><span style=\"font-family: 'Times New Roman', serif;\"><span style=\"font-size: medium;\">se li poden afegir altres ingredients naturals per millorar-ne el sabor, com per exemple; canyella, llimona o mel.<\/span><\/span><\/p>\n<p>&nbsp;<\/p>\n\n<div style=\"font-size: 0px; height: 0px; line-height: 0px; margin: 0; padding: 0; clear: both;\"><\/div>","protected":false},"excerpt":{"rendered":"<p>T\u00e9 Somatox consiste en un producto de desintoxicaci\u00f3n que entre sus propiedades solo contiene plantas naturales. Se usa especialmente para liberar o limpiar el cuerpo de aquellas toxinas que a menudo se encuentran en nuestro organismo. El programa de T\u00e9 Somatox es una de las mejores opciones para desintoxicar y depurar tu cuerpo de manera [&hellip;]<\/p>\n","protected":false},"author":1,"featured_media":8307,"parent":0,"menu_order":0,"comment_status":"open","ping_status":"closed","template":"","meta":{"footnotes":""},"class_list":["post-8306","page","type-page","status-publish","has-post-thumbnail","hentry"],"_links":{"self":[{"href":"https:\/\/dieta-detox.org\/ca\/wp-json\/wp\/v2\/pages\/8306","targetHints":{"allow":["GET"]}}],"collection":[{"href":"https:\/\/dieta-detox.org\/ca\/wp-json\/wp\/v2\/pages"}],"about":[{"href":"https:\/\/dieta-detox.org\/ca\/wp-json\/wp\/v2\/types\/page"}],"author":[{"embeddable":true,"href":"https:\/\/dieta-detox.org\/ca\/wp-json\/wp\/v2\/users\/1"}],"replies":[{"embeddable":true,"href":"https:\/\/dieta-detox.org\/ca\/wp-json\/wp\/v2\/comments?post=8306"}],"version-history":[{"count":5,"href":"https:\/\/dieta-detox.org\/ca\/wp-json\/wp\/v2\/pages\/8306\/revisions"}],"predecessor-version":[{"id":8392,"href":"https:\/\/dieta-detox.org\/ca\/wp-json\/wp\/v2\/pages\/8306\/revisions\/8392"}],"wp:featuredmedia":[{"embeddable":true,"href":"https:\/\/dieta-detox.org\/ca\/wp-json\/wp\/v2\/media\/8307"}],"wp:attachment":[{"href":"https:\/\/dieta-detox.org\/ca\/wp-json\/wp\/v2\/media?parent=8306"}],"curies":[{"name":"wp","href":"https:\/\/api.w.org\/{rel}","templated":true}]}}