{"id":7955,"date":"2015-05-29T11:07:08","date_gmt":"2015-05-29T09:07:08","guid":{"rendered":"http:\/\/dieta-detox.org\/?page_id=7955"},"modified":"2015-05-29T11:07:31","modified_gmt":"2015-05-29T09:07:31","slug":"terminos-compra","status":"publish","type":"page","link":"https:\/\/dieta-detox.org\/ca\/termes-compra","title":{"rendered":"Termes Compra"},"content":{"rendered":"<h2>Termes i Condicions<\/h2>\n<p><strong>Desc\u00e0rrec De Responsabilitat i Condicions D&#039;\u00das<\/strong><\/p>\n<p>Es recomana a totes les persones que estan en aquest lloc a abandonar immediatament si no estan d&#039;acord amb els seg\u00fcents \u201cTermes i Condicions\u201d aqu\u00ed presentats. Usar aquest lloc web implica acceptar les seves condicions d&#039;\u00fas. Les condicions poden ser actualitzades sense av\u00eds previ.<\/p>\n<p>L&#039;\u00fas del lloc suposa l&#039;acceptaci\u00f3 d&#039;aquests termes i les actualitzacions.<\/p>\n<p>&nbsp;<\/p>\n<p><strong>Lloc \u00danicament Per Adults<\/strong><\/p>\n<p>Aquest lloc \u00e9s exclusivament per a \u00fas de persones majors de 18 anys.<\/p>\n<p>&nbsp;<\/p>\n<p><strong>Nota del Copyright<\/strong><\/p>\n<p>Tant el contingut del lloc, aix\u00ed com el seu disseny, informaci\u00f3, programaci\u00f3, textos i manuals, estan protegits per drets d&#039;autor, i no se&#039;n poden copiar el contingut parcial ni total sense una autoritzaci\u00f3 pr\u00e8via per escrit per part dels seus creadors.<\/p>\n<p>&nbsp;<\/p>\n<p><strong>Av\u00eds Legal<\/strong><\/p>\n<p>La informaci\u00f3 del present lloc es brinda sense cap tipus de garantia pel que fa a productes i serveis. No es garanteix que el contingut sigui exacte, o estigui disponible en qualsevol moment, o que contingui errors involuntaris o virus.<\/p>\n<p>El seu \u00fas queda sota la seva responsabilitat exclusiva. L&#039;usuari accepta que el seu \u00fas no implica cap garantia de satisfacci\u00f3. Com que algunes jurisdiccions no permeten l&#039;exclusi\u00f3 o la limitaci\u00f3 de danys, la nostra responsabilitat es limita a la mesura exigida per la llei.<\/p>\n<p>Els propietaris, els empleats o els contractistes no s\u00f3n responsables d&#039;algun dany directe, indirecte, punitiu, incidental, especial o conseq\u00fcent que resulti de l&#039;\u00fas de la informaci\u00f3 o servei o producte rebut a trav\u00e9s d&#039;aquest.<\/p>\n<p>El contingut daquest llibre digital no ha de substituir un metge o professional de la salut degudament qualificat. Es limita a un intercanvi d&#039;informaci\u00f3 derivada d&#039;investigacions i experi\u00e8ncies personals de l&#039;autor, i en cap cas representa una opini\u00f3 m\u00e8dica. Tant l&#039;autor com l&#039;editor encoratgen la consulta oportuna a un professional m\u00e8dic.<\/p>\n<p>Abans de posar en pr\u00e0ctica qualsevol m\u00e8tode, productes de tercers o procediment esmentats en aquest llibre digital, s&#039;aconsella consultar un professional de la medicina.<\/p>\n<p>L&#039;editor i autor del lloc web han intentat verificar la informaci\u00f3, per\u00f2 no assumeixen responsabilitat per errors o omissions, o la interpretaci\u00f3 del contingut d&#039;aquest lloc web.<\/p>\n<p>El prop\u00f2sit del llibre \u00e9s purament educatiu. El contingut no pret\u00e9n servir de diagn\u00f2stic ni soluci\u00f3 a condicions m\u00e8diques i\/o psicol\u00f2giques. Tampoc no s&#039;ha d&#039;inferir d&#039;aquesta informaci\u00f3 la intenci\u00f3 de prevenir, donar tractament, alleugeriment o cura a cap malaltia.<\/p>\n<p>\u201cCom deixar la Coca\u00efna\u201d no \u00e9s un substitut de l&#039;atenci\u00f3 m\u00e8dica respecte al deteriorament o millora de la salut. La refer\u00e8ncia a productes de marques reconegudes no s\u00f3n garantia.<\/p>\n<p>La informaci\u00f3 brindada a \u201cCom Deixar la Coca\u00efna\u201d \u00e9s \u00fatil tant per a homes com per a dones. Com que cada persona \u00e9s diferent, els resultats poden variar, segons la qu\u00edmica del cos i el nivell de seguiment del m\u00e8tode a l&#039;hora d&#039;aplicar les pr\u00e0ctiques per aconseguir millorar la seva salut.<\/p>\n<p>L&#039;autor i editor del present llibre electr\u00f2nic han posat la seva dedicaci\u00f3 m\u00e9s gran en la preparaci\u00f3 i desenvolupament del mateix. La informaci\u00f3 \u00e9s a efectes educatius, no constitueix representaci\u00f3 o garantia de l&#039;exactitud, aplicabilitat o adequaci\u00f3 dels continguts exposats a \u201cCom Deixar la Coca\u00efna\u201d, l&#039;aplicaci\u00f3 pr\u00e0ctica dels mateixos \u00e9s responsabilitat de l&#039;usuari.<\/p>\n<p>Aquest producte NO GARANTEIX els seus resultats, les t\u00e8cniques i idees exposades NO s&#039;han d&#039;interpretar com una promesa o GARANTIA DE PREVENCI\u00d3 per al millorament o deteriorament de la seva salut.<\/p>\n<p>El seu nivell d&#039;\u00e8xit dep\u00e8n del temps que dediqui a les habilitats presentades al llibre, com aquests factors varien d&#039;un individu a un altre, NO PODEM GARANTIR EL SEU \u00c8XIT, NI SOM RESPONSABLES DE LES ACCIONS PROVENENTS DE LA SEVA APLICACI\u00d3.<\/p>\n<p>MOLTS FACTORS S\u00d3N IMPORTANTS EN L&#039;OBTENCI\u00d3 DE RESULTATS REALS, PER\u00d2 NO DONEN GARANTIA QUE TOTS PUGUIN ACONSEGUIR ELS RESULTATS DESITJATS, A TRAV\u00c9S DE LES T\u00c8CNIQUES EXPOSADES EN AQUEST MATERIAL.<\/p>\n<p>L&#039;autor i l&#039;editor no s\u00f3n responsables del dany directe o indirecte, punitiu, especial, incidental o d&#039;una altra \u00edndole, que sorgeixi de l&#039;\u00fas d&#039;aquest material que es proporciona sense garanties.<\/p>\n<p>&nbsp;<\/p>\n<p><strong>Pol\u00edtica de reemborsament<\/strong><\/p>\n<p>ClickBank ofereix una garantia de 60 dies de satisfacci\u00f3 a tots els productes comprats a trav\u00e9s del seu servei, inclosos els que apareixen en aquest lloc. L&#039;empresa ClickBank us enviar\u00e0 un rebut per correu electr\u00f2nic de les compres que es realitzin a trav\u00e9s d&#039;ells. Tingueu a b\u00e9 guardar el seu rebut de la compra, all\u00e0 tamb\u00e9 trobareu un enlla\u00e7 per a la correcta desc\u00e0rrega dels seus arxius. Si no est\u00e0 satisfet amb la seva compra, dins d&#039;un termini de 60 dies, pot sol\u00b7licitar el reemborsament complet dels seus diners. De tota manera, l&#039;empresa ClickBank tramita el proc\u00e9s de reemborsament per aquesta garantia. L&#039;\u00fas d&#039;aquest lloc i el seu contingut, com tamb\u00e9 qualsevol tipus d&#039;altercat que pugui sorgir-lo, estar\u00e0 subjecte a les lleis locals.<\/p>\n<p>&nbsp;<\/p>\n<p>&nbsp;<\/p>\n\n<div style=\"font-size: 0px; height: 0px; line-height: 0px; margin: 0; padding: 0; clear: both;\"><\/div>","protected":false},"excerpt":{"rendered":"<p>Terminos y Condiciones Descargo De Responsabilidad y Condiciones De Uso Se le recomienda a todas las personas que est\u00e1n en este sitio a abandonarlo de inmediato si no est\u00e1n de acuerdo con los siguientes \u201cT\u00e9rminos y Condiciones\u201d aqu\u00ed presentados. Usar este sitio implica aceptar sus condiciones de uso. Las condiciones pueden ser actualizadas sin previo [&hellip;]<\/p>\n","protected":false},"author":1,"featured_media":0,"parent":0,"menu_order":0,"comment_status":"open","ping_status":"closed","template":"","meta":{"footnotes":""},"class_list":["post-7955","page","type-page","status-publish","hentry"],"_links":{"self":[{"href":"https:\/\/dieta-detox.org\/ca\/wp-json\/wp\/v2\/pages\/7955","targetHints":{"allow":["GET"]}}],"collection":[{"href":"https:\/\/dieta-detox.org\/ca\/wp-json\/wp\/v2\/pages"}],"about":[{"href":"https:\/\/dieta-detox.org\/ca\/wp-json\/wp\/v2\/types\/page"}],"author":[{"embeddable":true,"href":"https:\/\/dieta-detox.org\/ca\/wp-json\/wp\/v2\/users\/1"}],"replies":[{"embeddable":true,"href":"https:\/\/dieta-detox.org\/ca\/wp-json\/wp\/v2\/comments?post=7955"}],"version-history":[{"count":2,"href":"https:\/\/dieta-detox.org\/ca\/wp-json\/wp\/v2\/pages\/7955\/revisions"}],"predecessor-version":[{"id":7957,"href":"https:\/\/dieta-detox.org\/ca\/wp-json\/wp\/v2\/pages\/7955\/revisions\/7957"}],"wp:attachment":[{"href":"https:\/\/dieta-detox.org\/ca\/wp-json\/wp\/v2\/media?parent=7955"}],"curies":[{"name":"wp","href":"https:\/\/api.w.org\/{rel}","templated":true}]}}