{"id":70,"date":"2014-07-02T19:55:54","date_gmt":"2014-07-02T17:55:54","guid":{"rendered":"http:\/\/dieta-detox.org\/?page_id=70"},"modified":"2014-07-04T18:07:42","modified_gmt":"2014-07-04T16:07:42","slug":"test-de-toxicidad","status":"publish","type":"page","link":"https:\/\/dieta-detox.org\/ca\/test-de-toxicitat","title":{"rendered":"Test de Toxicitat"},"content":{"rendered":"<p>Prova nostre <strong>test de toxicitat<\/strong> per saber quantes toxines hi ha al teu cos. No t&#039;has sentit b\u00e9 darrerament? Proveu la dieta Detox i comproveu els resultats seguint el Test de Toxicitat Detox.<\/p>\n<h2>Com funciona el Test de Toxicitat Detox<\/h2>\n<div id=\"attachment_15\" style=\"width: 310px\" class=\"wp-caption alignright\"><img loading=\"lazy\" decoding=\"async\" aria-describedby=\"caption-attachment-15\" class=\"size-medium wp-image-15\" src=\"http:\/\/dieta-detox.org\/wp-content\/uploads\/2014\/07\/0023-Coraz\u00f3n-002-e1404399839162-300x269.jpg\" alt=\"Test de Toxicitat\" width=\"300\" height=\"269\" srcset=\"https:\/\/dieta-detox.org\/wp-content\/uploads\/2014\/07\/0023-Coraz\u00f3n-002-e1404399839162-300x269.jpg 300w, https:\/\/dieta-detox.org\/wp-content\/uploads\/2014\/07\/0023-Coraz\u00f3n-002-e1404399839162.jpg 408w\" sizes=\"auto, (max-width: 300px) 100vw, 300px\" \/><p id=\"caption-attachment-15\" class=\"wp-caption-text\">Test de Toxicitat<\/p><\/div>\n<p><strong>Abans de comen\u00e7ar una de les dietes Detox<\/strong> omple la part \u00ab<em>Abans<\/em>\u00bb del q\u00fcestionari als diferents apartats. Un cop acabada la dieta, omple la part de \u00ab<em>despr\u00e9s<\/em>\u00bb i comprova la difer\u00e8ncia per veure que ha millorat i que ha empitjorat. Prenent aquest test podr\u00e0s comprovar realment com les dietes Detox funcionen i et faran sentir molt millor.<\/p>\n<p>Pots fer el Test de Toxicitat per veure com est\u00e0s de salut a continuaci\u00f3. \u00c9s gratu\u00eft i et dir\u00e0 el resultat al moment. Nom\u00e9s has de seleccionar a les caselles com t&#039;afecta el que se&#039;t comenta en aquesta l\u00ednia.<\/p>\n<p>L&#039;escala de punts \u00e9s de 0 a 4 sent de la manera seg\u00fcent:<\/p>\n<ul>\n<li>0 = Mai o gaireb\u00e9 mai he patit el s\u00edmptoma<\/li>\n<li>1 = Ocasionalment ho he patit per\u00f2 l&#039;efecte no \u00e9s sever<\/li>\n<li>2 = Ocasionalment ho he patit i l&#039;efecte \u00e9s sever<\/li>\n<li>3 = Sovint ho he patit, per\u00f2 l&#039;efecte no \u00e9s sever<\/li>\n<li>4 = Sovint ho he patit i l&#039;efecte \u00e9s sever<\/li>\n<\/ul>\n<p>Com pots veure, com m\u00e9s puntues, pitjor. El mateix test us far\u00e0 els c\u00e0lculs amb la nostra f\u00f3rmula Detox, i al final de la p\u00e0gina podreu trobar la f\u00f3rmula per saber <strong>quin grau de toxicitat pateixes<\/strong>.<\/p>\n<h2>TEST DE TOXICITAT DIETA DETOX<\/h2>\n\n<div style=\"font-size: 0px; height: 0px; line-height: 0px; margin: 0; padding: 0; clear: both;\"><\/div>","protected":false},"excerpt":{"rendered":"<p>Prueba nuestro test de toxicidad para saber cuantas toxinas hay en tu cuerpo. No te has sentido bien \u00faltimamente? Prueba la dieta Detox y comprueba los resultados siguiendo el Test de Toxicidad Detox. Como funciona el Test de Toxicidad Detox Antes de empezar una de las dietas Detox rellena la parte \u00abAntes\u00bb del cuestionario en [&hellip;]<\/p>\n","protected":false},"author":1,"featured_media":15,"parent":0,"menu_order":0,"comment_status":"open","ping_status":"closed","template":"template-test.php","meta":{"footnotes":""},"class_list":["post-70","page","type-page","status-publish","has-post-thumbnail","hentry"],"_links":{"self":[{"href":"https:\/\/dieta-detox.org\/ca\/wp-json\/wp\/v2\/pages\/70","targetHints":{"allow":["GET"]}}],"collection":[{"href":"https:\/\/dieta-detox.org\/ca\/wp-json\/wp\/v2\/pages"}],"about":[{"href":"https:\/\/dieta-detox.org\/ca\/wp-json\/wp\/v2\/types\/page"}],"author":[{"embeddable":true,"href":"https:\/\/dieta-detox.org\/ca\/wp-json\/wp\/v2\/users\/1"}],"replies":[{"embeddable":true,"href":"https:\/\/dieta-detox.org\/ca\/wp-json\/wp\/v2\/comments?post=70"}],"version-history":[{"count":5,"href":"https:\/\/dieta-detox.org\/ca\/wp-json\/wp\/v2\/pages\/70\/revisions"}],"predecessor-version":[{"id":110,"href":"https:\/\/dieta-detox.org\/ca\/wp-json\/wp\/v2\/pages\/70\/revisions\/110"}],"wp:featuredmedia":[{"embeddable":true,"href":"https:\/\/dieta-detox.org\/ca\/wp-json\/wp\/v2\/media\/15"}],"wp:attachment":[{"href":"https:\/\/dieta-detox.org\/ca\/wp-json\/wp\/v2\/media?parent=70"}],"curies":[{"name":"wp","href":"https:\/\/api.w.org\/{rel}","templated":true}]}}