{"id":56,"date":"2014-07-01T22:56:50","date_gmt":"2014-07-01T20:56:50","guid":{"rendered":"http:\/\/dieta-detox.org\/?page_id=56"},"modified":"2015-01-20T23:55:22","modified_gmt":"2015-01-20T21:55:22","slug":"opiniones","status":"publish","type":"page","link":"https:\/\/dieta-detox.org\/ca\/opinions","title":{"rendered":"Dieta Detox Opinions"},"content":{"rendered":"<p><strong>Opinions sobre la dieta Detox<\/strong> persones que l&#039;han provat i ens expliquen la seva experi\u00e8ncia. Si vols sortir aqu\u00ed com ells, nom\u00e9s ens has d&#039;enviar la teva opini\u00f3 sobre la dieta Detox des del \u00a0<a href=\"\/ca\/?page_id=26\">formulari de contacte<\/a>. Acceptem opinions de qualsevol tipus, no han de ser totes bones, encara que de moment aix\u00ed ho s\u00f3n!<\/p>\n\n<div style=\"font-size: 0px; height: 0px; line-height: 0px; margin: 0; padding: 0; clear: both;\"><\/div>","protected":false},"excerpt":{"rendered":"<p>Opinions sobre la dieta Detox de persones que han provat i ens expliquen la seva experi\u00e8ncia. Si vols sortir aqu\u00ed com ells, nom\u00e9s ens has d&#039;enviar la teva opini\u00f3 sobre la dieta Detox des del formulari de contacte. Acceptem opinions de qualsevol tipus, no han de ser totes bones, encara que de moment aix\u00ed ho s\u00f3n!<\/p>","protected":false},"author":1,"featured_media":0,"parent":0,"menu_order":0,"comment_status":"closed","ping_status":"closed","template":"template-feedback.php","meta":{"footnotes":""},"class_list":["post-56","page","type-page","status-publish","hentry"],"_links":{"self":[{"href":"https:\/\/dieta-detox.org\/ca\/wp-json\/wp\/v2\/pages\/56","targetHints":{"allow":["GET"]}}],"collection":[{"href":"https:\/\/dieta-detox.org\/ca\/wp-json\/wp\/v2\/pages"}],"about":[{"href":"https:\/\/dieta-detox.org\/ca\/wp-json\/wp\/v2\/types\/page"}],"author":[{"embeddable":true,"href":"https:\/\/dieta-detox.org\/ca\/wp-json\/wp\/v2\/users\/1"}],"replies":[{"embeddable":true,"href":"https:\/\/dieta-detox.org\/ca\/wp-json\/wp\/v2\/comments?post=56"}],"version-history":[{"count":5,"href":"https:\/\/dieta-detox.org\/ca\/wp-json\/wp\/v2\/pages\/56\/revisions"}],"predecessor-version":[{"id":301,"href":"https:\/\/dieta-detox.org\/ca\/wp-json\/wp\/v2\/pages\/56\/revisions\/301"}],"wp:attachment":[{"href":"https:\/\/dieta-detox.org\/ca\/wp-json\/wp\/v2\/media?parent=56"}],"curies":[{"name":"wp","href":"https:\/\/api.w.org\/{rel}","templated":true}]}}