{"id":207,"date":"2014-11-25T15:59:49","date_gmt":"2014-11-25T13:59:49","guid":{"rendered":"https:\/\/en.dieta-detox.org\/?page_id=207"},"modified":"2014-11-27T00:27:26","modified_gmt":"2014-11-26T22:27:26","slug":"detox-menu","status":"publish","type":"page","link":"https:\/\/dieta-detox.org\/ca\/detox-menu","title":{"rendered":"Detox Menu"},"content":{"rendered":"<div id=\"attachment_94\" style=\"width: 508px\" class=\"wp-caption alignright\"><img loading=\"lazy\" decoding=\"async\" aria-describedby=\"caption-attachment-94\" class=\"size-full wp-image-94\" src=\"https:\/\/en.dieta-detox.org\/wp-content\/uploads\/menu-detox.jpg\" alt=\"Detox Menu\" width=\"498\" height=\"325\" srcset=\"https:\/\/dieta-detox.org\/wp-content\/uploads\/menu-detox.jpg 498w, https:\/\/dieta-detox.org\/wp-content\/uploads\/menu-detox-300x195.jpg 300w\" sizes=\"auto, (max-width: 498px) 100vw, 498px\" \/><p id=\"caption-attachment-94\" class=\"wp-caption-text\">Detox Menu<\/p><\/div>\n<p>This is a <strong> Sample Detox Menu <\/strong> you can use to your new Detox diet. Useu l&#039;any d&#039;aquest, per\u00f2 el millor i el most recomanat \u00e9s que s&#039;adapta el men\u00fa i recipes per a fruits i vegetables que \u00e9s millor, a m\u00e9s, el que \u00e9s easier i bearable la Detox diet. \u00c9s possible que alguns dels foods siguin herets que no tenen i mai no tenen coneixements. Scroll to store nearest where dietary sure you have everything.<\/p>\n<h2> The menu Detox <\/h2>\n<h3> Breakfast <\/h3>\n<h4> whole protein shake <\/h4>\n<p>Aquest smoothie will feed you through the hardest and longest stage of the day. It&#039;s 100% whole, fresh, real food, s group of foods with healthy fats and powerful antioxidants of blueberries.<\/p>\n<ul>\n<li> 1\/2 cup frozen wild blueberries <\/li>\n<li> 1\/2 cup frozen blueberries <\/li>\n<li> 1\/4 lemon peel (optional) <\/li>\n<li> 1 tablespoon almond butter <\/li>\n<li> Pumpkin seeds 1 tablespoon <\/li>\n<li> 1 tablespoon chia seeds <\/li>\n<li> Hemp seeds 1 tablespoon <\/li>\n<li> 2 nuts <\/li>\n<li> 1\/4 advocat <\/li>\n<li> Mantega extra virgin coconut 1\/2 teaspoon <\/li>\n<li> 1\/2 cup unsweetened almond milk <\/li>\n<li> The water 1\/2 cup <\/li>\n<\/ul>\n<p>Combineu all ingredients in a blender. <strong> Blend at high speed <\/strong> until smooth, about 2 minuts. If the batter is too thick, add more water until a thick consistency but acceptable.<\/p>\n<p>Vost\u00e8 might look complicated and has too many ingredients, but you can prepara shake for several days, and you will find that <strong> you out much cheaper <\/strong> make your smoothies to buy fets for your Detox menu.<\/p>\n<h3> Lunch <\/h3>\n<h4> The Super Detox Saleu <\/h4>\n<ul>\n<li> <strong> Choose a base of green <\/strong>: arugula, spinach or mixed salad <\/li>\n<li> <strong> Pick three vegetables <\/strong>: xarxa pepper, green or orange bell pepper, celery, mushrooms, snap pees, jicama, carrot, radish, broccoli, cauliflower, cabbage, onion, roasted peppers, artichokes, parsley, dill, coriandre, mint. <\/li>\n<li> <strong> Choose a healthy fat <\/strong>: 1\/4 advocat, 2 tauletes de nuts or seeds (walnuts, mandonguilles, pumpkin seeds or sunflower), 2 taulells olives (Kalamata) <\/li>\n<li> <strong> Choose one <\/strong> protein. salmon, sardins or shrimp (wild fresh or canned), diced chicken or turkey, tofu or tempeh cubes <\/li>\n<li> <strong> Choose your dressing <\/strong>. 2 tablespoons tahini with lemon juice, 1 tablespoon olive oil with lemon juice or apple cider vinegar <\/li>\n<\/ul>\n<h3> Dinner <\/h3>\n<h4> nutritional dish with green accents <\/h4>\n<ul>\n<li> <strong> Choose a base of green <\/strong>: Broccoli, asparagus, arugula, spinach, kale or chard. Steamed or lightly sauteed with a little garlic and oil. <\/li>\n<li> <strong> Add a little protein <\/strong>. Chicken, Turkey, salmon, shrimp, scallops, canned salmon, sardins or herring, boiled eggs, tofu and tempe <\/li>\n<\/ul>\n<h3> Snacks <\/h3>\n<h4> Snacks Healthy Detox <\/h4>\n<p>Creamy tahini, hummus and tapenade with sliced raw vegetables of choice. Almonds and walnuts.<\/p>\n<h2> Unlimited food menu Detox <\/h2>\n<p>Heu d&#039;all all of the following without limitation at any time of day thanks to Detox diet menu:<\/p>\n<p>Arugula, artichokes, mushrooms, spinach, asparagus, dandelion leaves, mustard greens, tom\u00e0quets,<br \/>\nbean sprouts, eggplant, onion, turnip greens, beet greens, endive, parsley, watercress, peppers<br \/>\n(yellow, red or green), fennel, radish, celery, broccoli, garlic, chicory, onions, Brussels sprouts, ginger<br \/>\nroot, green beans, kale, cabbage, green beans, pees, jalap\u00e8 peppers, cauliflower, hearts<br \/>\npalm, shallots, kale, esquaix, zucchini, spinach and lettuce.<\/p>\n<p>This has been the <strong> Free Official Detox Menu <\/strong> and Detox recipes that we might like. Els comentaris es poden llegir a partir d&#039;un men\u00fa menu i Detox per a recipes per share with others.<\/p>\n\n<div style=\"font-size: 0px; height: 0px; line-height: 0px; margin: 0; padding: 0; clear: both;\"><\/div>","protected":false},"excerpt":{"rendered":"<p>This is a Sample Detox Menu you can use to your new Detox diet. Used to any of them, but the best and most recommended is that you adapt the menu and recipes for fruits and vegetables that you like best, so that it may be easier and bearable your Detox diet. It is possible [&hellip;]<\/p>\n","protected":false},"author":1,"featured_media":0,"parent":0,"menu_order":0,"comment_status":"open","ping_status":"closed","template":"template-full-width.php","meta":{"footnotes":""},"class_list":["post-207","page","type-page","status-publish","hentry"],"_links":{"self":[{"href":"https:\/\/dieta-detox.org\/ca\/wp-json\/wp\/v2\/pages\/207","targetHints":{"allow":["GET"]}}],"collection":[{"href":"https:\/\/dieta-detox.org\/ca\/wp-json\/wp\/v2\/pages"}],"about":[{"href":"https:\/\/dieta-detox.org\/ca\/wp-json\/wp\/v2\/types\/page"}],"author":[{"embeddable":true,"href":"https:\/\/dieta-detox.org\/ca\/wp-json\/wp\/v2\/users\/1"}],"replies":[{"embeddable":true,"href":"https:\/\/dieta-detox.org\/ca\/wp-json\/wp\/v2\/comments?post=207"}],"version-history":[{"count":5,"href":"https:\/\/dieta-detox.org\/ca\/wp-json\/wp\/v2\/pages\/207\/revisions"}],"predecessor-version":[{"id":280,"href":"https:\/\/dieta-detox.org\/ca\/wp-json\/wp\/v2\/pages\/207\/revisions\/280"}],"wp:attachment":[{"href":"https:\/\/dieta-detox.org\/ca\/wp-json\/wp\/v2\/media?parent=207"}],"curies":[{"name":"wp","href":"https:\/\/api.w.org\/{rel}","templated":true}]}}