{"id":2,"date":"2014-07-01T05:23:54","date_gmt":"2014-07-01T05:23:54","guid":{"rendered":"http:\/\/dieta-detox.org\/?page_id=2"},"modified":"2015-01-20T23:56:32","modified_gmt":"2015-01-20T21:56:32","slug":"que-es-detox","status":"publish","type":"page","link":"https:\/\/dieta-detox.org\/ca\/que-es-detox","title":{"rendered":"Qu\u00e8 \u00e9s Detox"},"content":{"rendered":"<p>Les dietes amb nom <strong>Detox<\/strong> estan de moda en aquests darrers anys i la gent vol saber que \u00e9s Detox. <strong>Qu\u00e8 vol dir?<\/strong> Hi ha centenars de persones que fan preguntes sobre aquest nom. Els qui l&#039;han provat diuen que no et pots anar d&#039;aquesta vida sense haver-la provat. Tu ho has fet? Saps qu\u00e8 \u00e9s detox?<\/p>\n<h2><strong>Aix\u00ed doncs, qu\u00e8 \u00e9s Detox?<\/strong><\/h2>\n<div id=\"attachment_77\" style=\"width: 310px\" class=\"wp-caption alignright\"><img loading=\"lazy\" decoding=\"async\" aria-describedby=\"caption-attachment-77\" class=\"size-medium wp-image-77\" src=\"http:\/\/dieta-detox.org\/wp-content\/uploads\/que-es-detox-300x293.jpg\" alt=\"qu\u00e8 \u00e9s detox\" width=\"300\" height=\"293\" srcset=\"https:\/\/dieta-detox.org\/wp-content\/uploads\/que-es-detox-300x293.jpg 300w, https:\/\/dieta-detox.org\/wp-content\/uploads\/que-es-detox-480x468.jpg 480w, https:\/\/dieta-detox.org\/wp-content\/uploads\/que-es-detox.jpg 600w\" sizes=\"auto, (max-width: 300px) 100vw, 300px\" \/><p id=\"caption-attachment-77\" class=\"wp-caption-text\">qu\u00e8 \u00e9s detox<\/p><\/div>\n<p>En principi es denomina Detox a<strong> la neteja profunda que fa una persona amb el cos<\/strong>. D&#039;aquesta manera, s&#039;eliminen toxines i residus que el cos triga molt a eliminar. Si s&#039;escull la dieta adequada, es poden treure completament les restes d&#039;agents nocius externs que acceleren l&#039;envelliment i els radicals lliures. En s\u00edntesi, la resposta a <strong>que \u00e9s Detox<\/strong> \u00e9s: una dieta que t\u00e9 aquest nom perqu\u00e8 t\u00e9 l&#039;objectiu de ser <strong>antioxidant, antiox i antiageing<\/strong>. El nom de Detox ve d&#039;una barreja de <strong>desintoxicant i antioxidant<\/strong>, trucada <strong>detoxificaci\u00f3<\/strong>, \u00e0lies, Detox.<\/p>\n<p>Ara que coneixes qu\u00e8 \u00e9s detox, mira les qualitats que t\u00e9. En comen\u00e7ar una dieta Detox \u00e9s important con\u00e8ixer que <strong>hi ha dues etapes<\/strong> per les quals cal travessar. La primera \u00e9s una <strong>fase totalment depurativa<\/strong> que sol apar\u00e8ixer al principi de lactivitat. La segona, \u00e9s una<strong> etapa antioxidant<\/strong> que emergeix despr\u00e9s de la primera part. Aconsegueix la depuraci\u00f3 i \u00e9s la que triga m\u00e9s temps. Aquests processos es poden alternar entre si.<\/p>\n<h2>Quan fer dietes Detox?<\/h2>\n<p>Es recomana que almenys una vegada a l&#039;any el cos passi per una <strong>desintoxicaci\u00f3<\/strong>. En aquest per\u00edode cal eliminar tots els residus que l&#039;organisme va acumular al passat i no necessita.<\/p>\n<h2>Com fer dietes detoxoxificants?<\/h2>\n<p>En general, aquestes dietes consisteixen a realitzar una rutina a base de <strong>fruites i vegetals<\/strong>. A aix\u00f2 cal sumar-hi que \u00e9s molt important que s&#039;inger\u00eds una gran quantitat de l\u00edquid, sobretot aigua, infusions i sucs naturals, durant el dejuni. Pots trobar molta m\u00e9s informaci\u00f3 a tota la <a title=\"web oficial de la dieta Detox\" href=\"http:\/\/dieta-detox.org\/ca\/\">web oficial de la Dieta Detox<\/a>, que \u00e9s on et trobes ara mateix.<\/p>\n<h2>Les dietes Detox poden causar efectes secundaris?<\/h2>\n<p>No et mentirem. De vegades, \u00e9s probable que les persones passin per estats com el cansament del cos, el mal de cap, el mal al\u00e8 i la irritabilitat a causa del desequilibri nutricional que es produeix i que el cos no hi est\u00e0 acostumat. Tot i aix\u00f2, aix\u00f2 \u00e9s nom\u00e9s mentre es realitza la dieta i, en definitiva, <strong>\u00e9s per ajudar el teu organisme<\/strong> No ho creus?<\/p>\n<h2>Quant de temps cal fer dietes Detox?<\/h2>\n<p>Ara que saps que \u00e9s detox, \u00e9s important con\u00e8ixer el temps que ha de dedicar aquesta rutina. <strong>Les dietes Detox solen realitzar-se per per\u00edodes diversos<\/strong>, mai m\u00e9s grans de 21 dies, que \u00e9s <a title=\"Dieta Detox en 21 dies\" href=\"\/ca\/?p=43\">la nostra dieta m\u00e9s llarga i m\u00e9s famosa<\/a>. Pots trobar totes les dietes Detox per dates al nostre \u00edndex de <a title=\"Dietes Detox\" href=\"\/ca\/?page_id=22\">Dietes Detox<\/a>. Despr\u00e9s d&#039;aix\u00f2, <strong>s&#039;hauran eliminat totes les toxines i residus<\/strong>. No obstant aix\u00f2, es produeix la inestabilitat nutricional i el cos necessita recuperar la massa muscular i les energies que no es van recuperar aquesta setmana. En resum, <strong>\u00e9s una dieta que ajuda a netejar lorganisme<\/strong>. \u00c9s a cadasc\u00fa utilitzar-la o no.<\/p>\n<p>Ja saps qu\u00e8 \u00e9s Detox. <strong>No t&#039;hem amagat res<\/strong> i ara \u00e9s el teu torn per decidir si vols convertir-te en una persona sana i saludable!<\/p>\n\n<div style=\"font-size: 0px; height: 0px; line-height: 0px; margin: 0; padding: 0; clear: both;\"><\/div>","protected":false},"excerpt":{"rendered":"<p>Las dietas con nombre Detox est\u00e1n de moda en estos \u00faltimos a\u00f1os y la gente quiere saber que es Detox. \u00bfQu\u00e9 quiere decir? Hay cientos de personas que realizan preguntas sobre este nombre. Quienes la han probado, dicen que no puedes irte de este vida sin haberla probado \u00bfT\u00fa lo has hecho? \u00bfSabes qu\u00e9 es [&hellip;]<\/p>\n","protected":false},"author":1,"featured_media":77,"parent":0,"menu_order":0,"comment_status":"open","ping_status":"open","template":"template-full-width.php","meta":{"footnotes":""},"class_list":["post-2","page","type-page","status-publish","has-post-thumbnail","hentry"],"_links":{"self":[{"href":"https:\/\/dieta-detox.org\/ca\/wp-json\/wp\/v2\/pages\/2","targetHints":{"allow":["GET"]}}],"collection":[{"href":"https:\/\/dieta-detox.org\/ca\/wp-json\/wp\/v2\/pages"}],"about":[{"href":"https:\/\/dieta-detox.org\/ca\/wp-json\/wp\/v2\/types\/page"}],"author":[{"embeddable":true,"href":"https:\/\/dieta-detox.org\/ca\/wp-json\/wp\/v2\/users\/1"}],"replies":[{"embeddable":true,"href":"https:\/\/dieta-detox.org\/ca\/wp-json\/wp\/v2\/comments?post=2"}],"version-history":[{"count":5,"href":"https:\/\/dieta-detox.org\/ca\/wp-json\/wp\/v2\/pages\/2\/revisions"}],"predecessor-version":[{"id":305,"href":"https:\/\/dieta-detox.org\/ca\/wp-json\/wp\/v2\/pages\/2\/revisions\/305"}],"wp:featuredmedia":[{"embeddable":true,"href":"https:\/\/dieta-detox.org\/ca\/wp-json\/wp\/v2\/media\/77"}],"wp:attachment":[{"href":"https:\/\/dieta-detox.org\/ca\/wp-json\/wp\/v2\/media?parent=2"}],"curies":[{"name":"wp","href":"https:\/\/api.w.org\/{rel}","templated":true}]}}