{"id":190,"date":"2014-08-22T18:02:55","date_gmt":"2014-08-22T16:02:55","guid":{"rendered":"http:\/\/dieta-detox.org\/?page_id=190"},"modified":"2014-11-26T23:59:54","modified_gmt":"2014-11-26T21:59:54","slug":"hepatic-detox","status":"publish","type":"page","link":"https:\/\/dieta-detox.org\/ca\/hepatic-detox","title":{"rendered":"Hepatic Detox"},"content":{"rendered":"<p>The <strong> liver detoxification <\/strong> has become an increasingly important per a nombrosos diets per a les seves excel\u00b7lents resultats i ealthy benefits of any treatment resource. So, considereu removing toxins from the liver to start a diet will become <strong> the best strategy to achieve lose weight and stay healthy <\/strong> at all times.<\/p>\n<div id=\"attachment_151\" style=\"width: 295px\" class=\"wp-caption alignright\"><img loading=\"lazy\" decoding=\"async\" aria-describedby=\"caption-attachment-151\" class=\"size-full wp-image-151\" src=\"https:\/\/en.dieta-detox.org\/wp-content\/uploads\/detoxificacion-hepatica.png\" alt=\"Detoxificaci\u00f3 Hep\u00e0tica\" width=\"285\" height=\"253\" \/><p id=\"caption-attachment-151\" class=\"wp-caption-text\">Detoxificaci\u00f3 Hep\u00e0tica<\/p><\/div>\n<p>La import\u00e0ncia de la detoxificaci\u00f3 \u00e9s marcada per <strong> the vital task that the liver has on human health <\/strong>. Noteu que aquests objectes many related tasks, el seu cleaning the body or immune system, es keep it in good condition is essential for <strong> maintain proper health and to lose weight CORRECTLY <\/strong> e.<\/p>\n<h2> What is liver detoxification <\/h2>\n<p>That is why <strong> Detox diet puts the accent on liver detoxification <\/strong>, que \u00e9s no obstant aix\u00f2 a set h\u00e0bits i strategies que serveixen per purify el lliure i ensuri el seu proper functioning mitjan\u00e7ant intake some natural substances i disposal de productes que mai damage l&#039;operaci\u00f3 de les organes.<\/p>\n<p>Thus, the first enganxar of liver detoxification is <strong> A diet that includes numerous natural juices <\/strong>, raw vegetables such as artichokes, foods rich in vitamine C i periodic fasting to help eliminate substances harmful to the liver . On the other hand, the second enganxar must be based on the <strong> healthy lifestyle <\/strong>, completely eliminating substances such as coffee, alcohol or snuff and maintaining a calm and balanced pace of life.<\/p>\n<p><strong> We recommend <\/strong> to try our <a title=\"Test of Detoxificaci\u00f3\" href=\"\/ca\/?page_id=70\"> <\/a> detoxification test per comprovar if you must do a detox to cleanse your body .<\/p>\n<p>So, all these strategies hepatic detoxification serve to <strong> assist in the Detox diet to llose weight <\/strong> improvar nivells de physical health and helping to create healthy habits that help keep the body in shape shape, why which the liver detoxification has become a great resource for <strong> start and develop a dietary process <\/strong>.<\/p>\n\n<div style=\"font-size: 0px; height: 0px; line-height: 0px; margin: 0; padding: 0; clear: both;\"><\/div>","protected":false},"excerpt":{"rendered":"<p>The liver detoxification has become an increasingly important for numerous diets for their excellent results and healthy benefits of any treatment resource. So, consider removing toxins from the liver to start a diet will become the best strategy to achieve lose weight and stay healthy at all times. The importance of liver detoxification is marked [&hellip;]<\/p>\n","protected":false},"author":1,"featured_media":0,"parent":0,"menu_order":0,"comment_status":"open","ping_status":"closed","template":"template-full-width.php","meta":{"footnotes":""},"class_list":["post-190","page","type-page","status-publish","hentry"],"_links":{"self":[{"href":"https:\/\/dieta-detox.org\/ca\/wp-json\/wp\/v2\/pages\/190","targetHints":{"allow":["GET"]}}],"collection":[{"href":"https:\/\/dieta-detox.org\/ca\/wp-json\/wp\/v2\/pages"}],"about":[{"href":"https:\/\/dieta-detox.org\/ca\/wp-json\/wp\/v2\/types\/page"}],"author":[{"embeddable":true,"href":"https:\/\/dieta-detox.org\/ca\/wp-json\/wp\/v2\/users\/1"}],"replies":[{"embeddable":true,"href":"https:\/\/dieta-detox.org\/ca\/wp-json\/wp\/v2\/comments?post=190"}],"version-history":[{"count":4,"href":"https:\/\/dieta-detox.org\/ca\/wp-json\/wp\/v2\/pages\/190\/revisions"}],"predecessor-version":[{"id":270,"href":"https:\/\/dieta-detox.org\/ca\/wp-json\/wp\/v2\/pages\/190\/revisions\/270"}],"wp:attachment":[{"href":"https:\/\/dieta-detox.org\/ca\/wp-json\/wp\/v2\/media?parent=190"}],"curies":[{"name":"wp","href":"https:\/\/api.w.org\/{rel}","templated":true}]}}