{"id":174,"date":"2014-08-04T17:00:21","date_gmt":"2014-08-04T15:00:21","guid":{"rendered":"http:\/\/dieta-detox.org\/?page_id=174"},"modified":"2014-08-04T17:00:21","modified_gmt":"2014-08-04T15:00:21","slug":"dieta-detox-com-sucos","status":"publish","type":"page","link":"https:\/\/dieta-detox.org\/ca\/dieta-detox-com-jucs","title":{"rendered":"Dieta Detox amb sucs"},"content":{"rendered":"<p>Certament voc\u00ea ja ter\u00e0 ouvido falar d\u00f3na Dieta Detox com jugos; um sistema alimentar basat em jugos de fruites i llegums, que est\u00e0 causant raiva real entre les estrellas d&#039;Hollywood, i est\u00e0 s&#039;espalhando pelo resta d\u00f3na popula\u00e7\u00e3o. O suc Detox Diet va sorgir als Estats Units em uma maneira atraient d&#039;augmentar o consum de vegetais i fruites, com \u00e9 o pa\u00eds com maior taxa d&#039;obesidade no m\u00f3n.<\/p>\n<p>O suco de Dieta Detox \u00e9s uma boa maneira de perdre pes, i produir benef\u00edcios significatius per a o nosso corpo, perqu\u00e8 fruites i verdures t\u00eam provat purifica\u00e7\u00e3o i efeitos desintoxicantes, permetent remoure res\u00edduos i purificar nosso corpo. Tamb\u00e9 ens ajudar a perdre pes i donar-nos muito saud\u00e1vel com vitamines i minerais. No en tant, estenent a Dieta Detox com a sucs, transformant exclusivament em um regime rigor\u00f3s per a perdre pes, e prejudicial per a l&#039;organisme, pois fa\u00e7 com que a falta de prote\u00efnes, hidrats de carboni i nutrients, o que pot aixecar a serius problemes de saudita .<\/p>\n<h2>Jugos i Juice Detox<\/h2>\n<p>Portanto, tenha em ment que o suco Dieta Detox n\u00e3o pot ser usat de forma permanent, embora, com um suporti dieta. Em uma societat on a maioria d\u00f3na popula\u00e7\u00e3o \u00e9 portadora d&#039;um trem r\u00e0pid de la vida, o que afetou els h\u00e0bits alimentars per causa de la correria i do estresse, o consum destes sucs pot ser um bom substitut, na abs\u00e8ncia de verdures i fruites em nossas refei\u00e7\u00f5es habituais. Al\u00e9m disso, nas ocasi\u00f5es em que vam passar com a menjar, um suco verd (per exemple, aipo, br\u00f3colis, bleda combinat com fruites com kiwi) pot ser uma excel\u00b7lent a\u00e7\u00e3o de neteja que vaig esfriar nosso corpo.<\/p>\n<p>O suco de Dieta Detox acompanhado com peixe, carn com baix teor de gordura (grelhado) i abund\u00e2ncia d&#039;\u00e1gua \u00e9, sem d\u00favida, um sistema t\u00e3o complet i saud\u00e1vel.<\/p>\n\n<div style=\"font-size: 0px; height: 0px; line-height: 0px; margin: 0; padding: 0; clear: both;\"><\/div>","protected":false},"excerpt":{"rendered":"<p>Certamente voc\u00ea j\u00e1 ter\u00e1 ouvido falar da Dieta Detox com sucos; um sistema alimentar baseado em sucos de frutas e legumes, que est\u00e1 causando raiva real entre as estrelas de Hollywood, e est\u00e1 se espalhando pelo resto da popula\u00e7\u00e3o. O suco Detox Diet surgiu nos Estados Unidos em uma maneira atraente de aumentar o consumo [&hellip;]<\/p>\n","protected":false},"author":1,"featured_media":0,"parent":0,"menu_order":0,"comment_status":"open","ping_status":"closed","template":"template-full-width.php","meta":{"footnotes":""},"class_list":["post-174","page","type-page","status-publish","hentry"],"_links":{"self":[{"href":"https:\/\/dieta-detox.org\/ca\/wp-json\/wp\/v2\/pages\/174","targetHints":{"allow":["GET"]}}],"collection":[{"href":"https:\/\/dieta-detox.org\/ca\/wp-json\/wp\/v2\/pages"}],"about":[{"href":"https:\/\/dieta-detox.org\/ca\/wp-json\/wp\/v2\/types\/page"}],"author":[{"embeddable":true,"href":"https:\/\/dieta-detox.org\/ca\/wp-json\/wp\/v2\/users\/1"}],"replies":[{"embeddable":true,"href":"https:\/\/dieta-detox.org\/ca\/wp-json\/wp\/v2\/comments?post=174"}],"version-history":[{"count":1,"href":"https:\/\/dieta-detox.org\/ca\/wp-json\/wp\/v2\/pages\/174\/revisions"}],"predecessor-version":[{"id":175,"href":"https:\/\/dieta-detox.org\/ca\/wp-json\/wp\/v2\/pages\/174\/revisions\/175"}],"wp:attachment":[{"href":"https:\/\/dieta-detox.org\/ca\/wp-json\/wp\/v2\/media?parent=174"}],"curies":[{"name":"wp","href":"https:\/\/api.w.org\/{rel}","templated":true}]}}