{"id":162,"date":"2014-08-01T13:16:54","date_gmt":"2014-08-01T11:16:54","guid":{"rendered":"http:\/\/dieta-detox.org\/?page_id=162"},"modified":"2015-04-29T13:28:42","modified_gmt":"2015-04-29T11:28:42","slug":"dieta-detox-con-zumos","status":"publish","type":"page","link":"https:\/\/dieta-detox.org\/ca\/dieta-detox-amb-sucs","title":{"rendered":"Sucs Detox \u2013 Dieta Detox amb sucs"},"content":{"rendered":"<div id=\"attachment_7936\" style=\"width: 310px\" class=\"wp-caption alignright\"><a href=\"http:\/\/dieta-detox.org\/wp-content\/uploads\/zumos-detox.png\"><img loading=\"lazy\" decoding=\"async\" aria-describedby=\"caption-attachment-7936\" class=\"wp-image-7936 size-medium\" title=\"Sucs Detox\" src=\"http:\/\/dieta-detox.org\/wp-content\/uploads\/zumos-detox-300x197.png\" alt=\"Sucs Detox\" width=\"300\" height=\"197\" srcset=\"https:\/\/dieta-detox.org\/wp-content\/uploads\/zumos-detox-300x197.png 300w, https:\/\/dieta-detox.org\/wp-content\/uploads\/zumos-detox.png 541w\" sizes=\"auto, (max-width: 300px) 100vw, 300px\" \/><\/a><p id=\"caption-attachment-7936\" class=\"wp-caption-text\">Sucs Detox<\/p><\/div>\n<p>Segurament ja haureu escoltat parlar de la Dieta Detox amb sucs; un r\u00e8gim alimentari basat en <strong>sucs detox de fruites i verdures<\/strong>, que est\u00e0 causant aut\u00e8ntic furor entre les estrelles de Hollywood, i s&#039;est\u00e0 estenent per la resta de la poblaci\u00f3. La Dieta Detox amb sucs va apar\u00e8ixer als Estats Units per augmentar de manera atraient el consum de verdures i fruites, ja que \u00e9s el pa\u00eds amb l&#039;\u00edndex d&#039;obesitat m\u00e9s alt al m\u00f3n.<\/p>\n<h2>Qu\u00e8 \u00e9s la Dieta Detox amb Sucs<\/h2>\n<p><strong>La Dieta Detox amb sucs<\/strong> resulta un bon m\u00e8tode per aprimar-se, a m\u00e9s de produir importants beneficis al nostre cos, ja que les fruites i les verdures tenen provats <strong>efectes depuratius i desintoxicants<\/strong>, permetent eliminar les deixalles i depurar el nostre organisme. Aix\u00ed mateix, ens ajuden a baixar pes i ens aporten elements molt saludables com les vitamines i els minerals. Tot i aix\u00f2, allargar la Dieta Detox amb sucs, convertint-la exclusivament en un r\u00e8gim estricte per baixar pes, \u00e9s nociu per a l&#039;organisme, ja que <strong>ocasiona una manca de prote\u00efnes<\/strong>, dhidrats de carboni i de nutrients, que pot desencadenar en greus problemes de salut.<\/p>\n<h2>Que s\u00f3n els sucs Detox i els sucs de detoxificaci\u00f3<\/h2>\n<p>Aix\u00ed doncs, tingues present que la Dieta Detox amb sucs no pot usar-se permanentment, encara que s\u00ed com una dieta de suport. En una societat on la majoria de la poblaci\u00f3 porta un r\u00e0pid tren de vida, on es veuen afectats els h\u00e0bits alimentaris a causa de les presses i l&#039;estr\u00e8s, el consum d&#039;aquests sucs detox pot ser<strong> un bon substitut davant la manca de verdures i fruites<\/strong> als nostres \u00e0pats habituals. A m\u00e9s, en les ocasions que ens hem passat amb el menjar, un suc verd (per exemple: api, br\u00f2quil, bledes combinats amb fruites com el kiwi) pot ser una excel\u00b7lent mesura purificant que vindr\u00e0 genial al nostre organisme.<\/p>\n<p>La <strong>Dieta Detox amb sucs detox<\/strong> acompanyada de peix, carn amb baix contingut en greix (a la planxa) i molta aigua \u00e9s, sens dubte, un r\u00e8gim molt complet i saludable.<\/p>\n\n<div style=\"font-size: 0px; height: 0px; line-height: 0px; margin: 0; padding: 0; clear: both;\"><\/div>","protected":false},"excerpt":{"rendered":"<p>Seguramente ya habr\u00e9is escuchado hablar de la Dieta Detox con zumos; un r\u00e9gimen alimenticio basado en zumos detox de frutas y verduras, que est\u00e1 causando aut\u00e9ntico furor entre las estrellas de Hollywood, y se est\u00e1 extendiendo por el resto de la poblaci\u00f3n. La Dieta Detox con zumos apareci\u00f3 en los Estados Unidos para aumentar de [&hellip;]<\/p>\n","protected":false},"author":1,"featured_media":7936,"parent":0,"menu_order":0,"comment_status":"open","ping_status":"closed","template":"template-full-width.php","meta":{"footnotes":""},"class_list":["post-162","page","type-page","status-publish","has-post-thumbnail","hentry"],"_links":{"self":[{"href":"https:\/\/dieta-detox.org\/ca\/wp-json\/wp\/v2\/pages\/162","targetHints":{"allow":["GET"]}}],"collection":[{"href":"https:\/\/dieta-detox.org\/ca\/wp-json\/wp\/v2\/pages"}],"about":[{"href":"https:\/\/dieta-detox.org\/ca\/wp-json\/wp\/v2\/types\/page"}],"author":[{"embeddable":true,"href":"https:\/\/dieta-detox.org\/ca\/wp-json\/wp\/v2\/users\/1"}],"replies":[{"embeddable":true,"href":"https:\/\/dieta-detox.org\/ca\/wp-json\/wp\/v2\/comments?post=162"}],"version-history":[{"count":5,"href":"https:\/\/dieta-detox.org\/ca\/wp-json\/wp\/v2\/pages\/162\/revisions"}],"predecessor-version":[{"id":7939,"href":"https:\/\/dieta-detox.org\/ca\/wp-json\/wp\/v2\/pages\/162\/revisions\/7939"}],"wp:featuredmedia":[{"embeddable":true,"href":"https:\/\/dieta-detox.org\/ca\/wp-json\/wp\/v2\/media\/7936"}],"wp:attachment":[{"href":"https:\/\/dieta-detox.org\/ca\/wp-json\/wp\/v2\/media?parent=162"}],"curies":[{"name":"wp","href":"https:\/\/api.w.org\/{rel}","templated":true}]}}