{"id":149,"date":"2014-07-31T14:53:51","date_gmt":"2014-07-31T12:53:51","guid":{"rendered":"http:\/\/dieta-detox.org\/?page_id=149"},"modified":"2015-01-20T23:48:10","modified_gmt":"2015-01-20T21:48:10","slug":"detoxificacion-hepatica","status":"publish","type":"page","link":"https:\/\/dieta-detox.org\/ca\/detoxificacio-hepatica","title":{"rendered":"Detoxificaci\u00f3 hep\u00e0tica"},"content":{"rendered":"<div id=\"attachment_151\" style=\"width: 295px\" class=\"wp-caption alignright\"><img loading=\"lazy\" decoding=\"async\" aria-describedby=\"caption-attachment-151\" class=\"size-full wp-image-151\" src=\"http:\/\/dieta-detox.org\/wp-content\/uploads\/detoxificacion-hepatica.png\" alt=\"Detoxificaci\u00f3 Hep\u00e0tica\" width=\"285\" height=\"253\" \/><p id=\"caption-attachment-151\" class=\"wp-caption-text\">Detoxificaci\u00f3 Hep\u00e0tica<\/p><\/div>\n<p>La <strong>detoxificaci\u00f3 hep\u00e0tica<\/strong> s&#039;ha convertit en un recurs cada cop m\u00e9s important per a nombroses dietes pels seus magn\u00edfics resultats i els beneficis saludables que aporta a qualsevol tractament. Aix\u00ed, tenir en compte l&#039;eliminaci\u00f3 de toxines del fetge en comen\u00e7ar una dieta es convertir\u00e0 en<strong> la millor estrat\u00e8gia per aconseguir perdre pes i mantenir-se sa<\/strong> en tot moment.<\/p>\n<p>La import\u00e0ncia de la detoxificaci\u00f3 hep\u00e0tica ve marcada per <strong>la vital tasca que el fetge t\u00e9 a la salut humana<\/strong>. Cal assenyalar que aquest \u00f2rgan compleix nombroses tasques relacionades amb, per exemple, la neteja de l&#039;organisme o el sistema immunitari, per aix\u00f2 mantenir-lo en perfectes condicions \u00e9s essencial per a <strong>mantenir una correcta salut i poder perdre pes correctament<\/strong>e.<\/p>\n<h2>Qu\u00e8 \u00e9s la detoxificaci\u00f3 hep\u00e0tica<\/h2>\n<p>\u00c9s per aix\u00f2 que <strong>la dieta Detox posa el seu accent a la detoxificaci\u00f3 hep\u00e0tica<\/strong>, que no \u00e9s altra cosa que un conjunt d&#039;h\u00e0bits i estrat\u00e8gies que serveixen per depurar el fetge i assegurar-ne el funcionament correcte a trav\u00e9s de la ingesta d&#039;algunes subst\u00e0ncies naturals i de l&#039;eliminaci\u00f3 de productes que poden perjudicar el funcionament d&#039;aquest \u00f2rgan.<\/p>\n<p>Aix\u00ed, el primer pilar de la detoxificaci\u00f3 hep\u00e0tica \u00e9s <strong>una alimentaci\u00f3 que inclogui nombrosos sucs naturals<\/strong>, verdures crues com la carxofa, aliments rics en vitamina C i un dejuni peri\u00f2dic que ajudi a eliminar les subst\u00e0ncies nocives per al fetge. D&#039;altra banda, el segon pilar ha d&#039;estar basat en els <strong>h\u00e0bits de vida saludables<\/strong>, eliminant completament subst\u00e0ncies com el caf\u00e8, l&#039;alcohol o el tabac i mantenint un ritme de vida tranquil i equilibrat.<\/p>\n<p><strong>Et recomanem<\/strong> que provis nostre <a title=\"Test de Detoxificaci\u00f3\" href=\"\/ca\/?page_id=70\">test de detoxificaci\u00f3<\/a> per comprovar si has de fer una detoxificaci\u00f3 hep\u00e0tica per netejar el teu organisme.<\/p>\n<p>Aix\u00ed, totes aquestes estrat\u00e8gies de detoxificaci\u00f3 hep\u00e0tica serveixen per<strong> ajudar a la dieta Detox a perdre pes<\/strong> millorant els nivells de salut corporal i ajudant a crear uns h\u00e0bits saludables que ajudin a mantenir l&#039;organisme en perfectes condicions, ra\u00f3 per la qual la detoxificaci\u00f3 hep\u00e0tica s&#039;ha convertit en un gran recurs per <strong>iniciar i desenvolupar un proc\u00e9s diet\u00e8tic<\/strong>.<\/p>\n\n<div style=\"font-size: 0px; height: 0px; line-height: 0px; margin: 0; padding: 0; clear: both;\"><\/div>","protected":false},"excerpt":{"rendered":"<p>La detoxificaci\u00f3n hep\u00e1tica se ha convertido en un recurso cada vez m\u00e1s importante para numerosas dietas por sus magn\u00edficos resultados y los saludables beneficios que aporta a cualquier tratamiento. As\u00ed, tener en cuenta la eliminaci\u00f3n de toxinas del h\u00edgado al comenzar una dieta va a convertirse en la mejor estrategia para conseguir perder peso y [&hellip;]<\/p>\n","protected":false},"author":1,"featured_media":0,"parent":0,"menu_order":0,"comment_status":"open","ping_status":"closed","template":"template-full-width.php","meta":{"footnotes":""},"class_list":["post-149","page","type-page","status-publish","hentry"],"_links":{"self":[{"href":"https:\/\/dieta-detox.org\/ca\/wp-json\/wp\/v2\/pages\/149","targetHints":{"allow":["GET"]}}],"collection":[{"href":"https:\/\/dieta-detox.org\/ca\/wp-json\/wp\/v2\/pages"}],"about":[{"href":"https:\/\/dieta-detox.org\/ca\/wp-json\/wp\/v2\/types\/page"}],"author":[{"embeddable":true,"href":"https:\/\/dieta-detox.org\/ca\/wp-json\/wp\/v2\/users\/1"}],"replies":[{"embeddable":true,"href":"https:\/\/dieta-detox.org\/ca\/wp-json\/wp\/v2\/comments?post=149"}],"version-history":[{"count":5,"href":"https:\/\/dieta-detox.org\/ca\/wp-json\/wp\/v2\/pages\/149\/revisions"}],"predecessor-version":[{"id":299,"href":"https:\/\/dieta-detox.org\/ca\/wp-json\/wp\/v2\/pages\/149\/revisions\/299"}],"wp:attachment":[{"href":"https:\/\/dieta-detox.org\/ca\/wp-json\/wp\/v2\/media?parent=149"}],"curies":[{"name":"wp","href":"https:\/\/api.w.org\/{rel}","templated":true}]}}